{"id":66083,"date":"2026-04-15T12:12:02","date_gmt":"2026-04-15T10:12:02","guid":{"rendered":"https:\/\/silviamolas.com\/?post_type=product&#038;p=66083"},"modified":"2026-04-15T12:33:45","modified_gmt":"2026-04-15T10:33:45","slug":"punto-de-libro-aguila-cuando-abres-las-alas-tocas-el-cielo","status":"publish","type":"product","link":"https:\/\/silviamolas.com\/es\/tienda\/puntos-de-libro\/punto-de-libro-aguila-cuando-abres-las-alas-tocas-el-cielo\/","title":{"rendered":"Punto de libro \u00c1guila. \u201cCuando abres las alas, tocas el cielo\u201d."},"content":{"rendered":"\t\t<div data-elementor-type=\"product-post\" data-elementor-id=\"66083\" class=\"elementor elementor-66083 elementor-66078\" data-elementor-post-type=\"product\">\n\t\t\t\t<div class=\"elementor-element elementor-element-3d24648 e-flex e-con-boxed e-con e-parent\" data-id=\"3d24648\" data-element_type=\"container\" data-e-type=\"container\">\n\t\t\t\t\t<div class=\"e-con-inner\">\n\t\t<div class=\"elementor-element elementor-element-292f6d2 e-con-full e-flex e-con e-child\" data-id=\"292f6d2\" data-element_type=\"container\" data-e-type=\"container\">\n\t\t\t\t<div class=\"elementor-element elementor-element-b824861 elementor-widget elementor-widget-text-editor\" data-id=\"b824861\" data-element_type=\"widget\" data-e-type=\"widget\" data-widget_type=\"text-editor.default\">\n\t\t\t\t<div class=\"elementor-widget-container\">\n\t\t\t\t\t\t\t\t\t<p>Cada punto de libro es una reproducci\u00f3n de obra original, pintada con aquarela y tinta, acompa\u00f1ada de una frase inspiradora.<\/p><p>Hay muchos modelos distintos. Puedes comprarlos de forma individual, o si quieres varios elegir entre los diferents packs tem\u00e1ticos (m\u00e1s econ\u00f3mico el precio\/unidad).<\/p><p>Los puntos de libro son ideales:<\/p><ul><li>Como complemento de alg\u00fan regalo que quieras hacer m\u00e1s especial.<\/li><li>Para acompa\u00f1ar la lectura de tus libros favoritos.<\/li><li>Si quieres sorprender a tu\/s invitados a comer o cenar en casa, puedes personalizar la mesa con un punto de libro que elijas para cada invitado. Un peque\u00f1o gran detalle que seguro que les llegar\u00e1 al coraz\u00f3n! Hay muchos modelos disponibles.<\/li><li>Si eres terapeuta o impartes alg\u00fan curso o taller, son ideales como regalo o recordatorio.<\/li><\/ul><p>Tienes la opci\u00f3n de acompa\u00f1arla con un sobre kraft personalizado a mano con el nombre de la persona que lo recibir\u00e1 y una etiqueta adhesiva de \u201cRegalos con coraz\u00f3n\u201d.<\/p><p>\u00a1Detalles con coraz\u00f3n que marcan la diferencia!<\/p><p>Si necesitas cantidades mayores para bodas, retiros, despedidas, regalos de empresa, talleres o eventos de cualquier tipo, contacta conmigo y te comparto opciones que te encantar\u00e1n.<\/p>\t\t\t\t\t\t\t\t<\/div>\n\t\t\t\t<\/div>\n\t\t<div class=\"elementor-element elementor-element-2094c87 e-con-full e-flex e-con e-child\" data-id=\"2094c87\" data-element_type=\"container\" data-e-type=\"container\" data-settings=\"{&quot;background_background&quot;:&quot;classic&quot;}\">\n\t\t<div class=\"elementor-element elementor-element-9a1d4ee e-con-full e-flex e-con e-child\" data-id=\"9a1d4ee\" data-element_type=\"container\" data-e-type=\"container\">\n\t\t\t\t<div class=\"elementor-element elementor-element-a877387 elementor-widget elementor-widget-text-editor\" data-id=\"a877387\" data-element_type=\"widget\" data-e-type=\"widget\" data-widget_type=\"text-editor.default\">\n\t\t\t\t<div class=\"elementor-widget-container\">\n\t\t\t\t\t\t\t\t\t<p>Punto de libro tama\u00f1o 5&#215;20,5 cm<\/p>\t\t\t\t\t\t\t\t<\/div>\n\t\t\t\t<\/div>\n\t\t\t\t<\/div>\n\t\t<div class=\"elementor-element elementor-element-2bb636d e-con-full e-flex e-con e-child\" data-id=\"2bb636d\" data-element_type=\"container\" data-e-type=\"container\">\n\t\t\t\t<div class=\"elementor-element elementor-element-a656967 elementor-widget elementor-widget-text-editor\" data-id=\"a656967\" data-element_type=\"widget\" data-e-type=\"widget\" data-widget_type=\"text-editor.default\">\n\t\t\t\t<div class=\"elementor-widget-container\">\n\t\t\t\t\t\t\t\t\t<p>Impreso en cartulina de gran calidad de 300 gr.<\/p>\t\t\t\t\t\t\t\t<\/div>\n\t\t\t\t<\/div>\n\t\t\t\t<\/div>\n\t\t<div class=\"elementor-element elementor-element-95c8513 e-con-full e-flex e-con e-child\" data-id=\"95c8513\" data-element_type=\"container\" data-e-type=\"container\">\n\t\t\t\t<div class=\"elementor-element elementor-element-a1a7bf0 elementor-widget elementor-widget-text-editor\" data-id=\"a1a7bf0\" data-element_type=\"widget\" data-e-type=\"widget\" data-widget_type=\"text-editor.default\">\n\t\t\t\t<div class=\"elementor-widget-container\">\n\t\t\t\t\t\t\t\t\t<p>Reproducci\u00f3n de obra original, pintada con acuarela y tinta.<\/p>\t\t\t\t\t\t\t\t<\/div>\n\t\t\t\t<\/div>\n\t\t\t\t<\/div>\n\t\t<div class=\"elementor-element elementor-element-251891c e-con-full e-flex e-con e-child\" data-id=\"251891c\" data-element_type=\"container\" data-e-type=\"container\">\n\t\t\t\t<div class=\"elementor-element elementor-element-50594e3 elementor-widget elementor-widget-text-editor\" data-id=\"50594e3\" data-element_type=\"widget\" data-e-type=\"widget\" data-widget_type=\"text-editor.default\">\n\t\t\t\t<div class=\"elementor-widget-container\">\n\t\t\t\t\t\t\t\t\t<p>Cada punto de libro se entrega dentro de su funda de pl\u00e1stico transparente con cierre autoadhesivo.<\/p>\t\t\t\t\t\t\t\t<\/div>\n\t\t\t\t<\/div>\n\t\t\t\t<\/div>\n\t\t<div class=\"elementor-element elementor-element-103f64a e-con-full e-flex e-con e-child\" data-id=\"103f64a\" data-element_type=\"container\" data-e-type=\"container\">\n\t\t\t\t<div class=\"elementor-element elementor-element-f9f5123 elementor-widget elementor-widget-text-editor\" data-id=\"f9f5123\" data-element_type=\"widget\" data-e-type=\"widget\" data-widget_type=\"text-editor.default\">\n\t\t\t\t<div class=\"elementor-widget-container\">\n\t\t\t\t\t\t\t\t\t<p>Opcional sobre de papel kraft personalizado con el nombre, con etiqueta adhesiva de \u201cRegalos con coraz\u00f3n\u201d.<\/p>\t\t\t\t\t\t\t\t<\/div>\n\t\t\t\t<\/div>\n\t\t\t\t<\/div>\n\t\t<div class=\"elementor-element elementor-element-f1644e5 e-con-full e-flex e-con e-child\" data-id=\"f1644e5\" data-element_type=\"container\" data-e-type=\"container\">\n\t\t\t\t<div class=\"elementor-element elementor-element-f2693fc elementor-widget elementor-widget-text-editor\" data-id=\"f2693fc\" data-element_type=\"widget\" data-e-type=\"widget\" data-widget_type=\"text-editor.default\">\n\t\t\t\t<div class=\"elementor-widget-container\">\n\t\t\t\t\t\t\t\t\t<p>El sobre se entrega abierto, con la etiqueta adhesiva aparte.<\/p>\t\t\t\t\t\t\t\t<\/div>\n\t\t\t\t<\/div>\n\t\t\t\t<\/div>\n\t\t\t\t<\/div>\n\t\t\t\t<\/div>\n\t\t\t\t\t<\/div>\n\t\t\t\t<\/div>\n\t\t\t\t<\/div>\n\t\t","protected":false},"excerpt":{"rendered":"<p>Punto de libro creado con mucho amor, con la opci\u00f3n de sobre personalizado con el nombre.<\/p>\n","protected":false},"featured_media":66131,"comment_status":"open","ping_status":"closed","template":"","meta":[],"product_brand":[],"product_cat":[382],"product_tag":[],"class_list":{"0":"post-66083","1":"product","2":"type-product","3":"status-publish","4":"has-post-thumbnail","6":"product_cat-puntos-de-libro","7":"pa_idioma-catalan","8":"pa_idioma-castellano","10":"first","11":"instock","12":"taxable","13":"shipping-taxable","14":"purchasable","15":"product-type-variable"},"yoast_head":"<!-- This site is optimized with the Yoast SEO plugin v27.1 - https:\/\/yoast.com\/product\/yoast-seo-wordpress\/ -->\n<title>Punto de libro \u00c1guila. \u201cCuando abres las alas, tocas el cielo\u201d. - Silvia Molas<\/title>\n<meta name=\"robots\" content=\"index, follow, max-snippet:-1, max-image-preview:large, max-video-preview:-1\" \/>\n<link rel=\"canonical\" href=\"https:\/\/silviamolas.com\/tienda\/punts-de-llibre\/punt-de-llibre-aliga-quan-obres-les-ales-toques-el-cel\/\" \/>\n<meta property=\"og:locale\" content=\"es_ES\" \/>\n<meta property=\"og:type\" content=\"article\" \/>\n<meta property=\"og:title\" content=\"Punto de libro \u00c1guila. \u201cCuando abres las alas, tocas el cielo\u201d. - Silvia Molas\" \/>\n<meta property=\"og:description\" content=\"Punto de libro creado con mucho amor, con la opci\u00f3n de sobre personalizado con el nombre.\" \/>\n<meta property=\"og:url\" content=\"https:\/\/silviamolas.com\/tienda\/punts-de-llibre\/punt-de-llibre-aliga-quan-obres-les-ales-toques-el-cel\/\" \/>\n<meta property=\"og:site_name\" content=\"Silvia Molas\" \/>\n<meta property=\"article:modified_time\" content=\"2026-04-15T10:33:45+00:00\" \/>\n<meta property=\"og:image\" content=\"https:\/\/silviamolas.com\/wp-content\/uploads\/2026\/04\/Punts26_Aliga_ESP-destacada.jpg\" \/>\n\t<meta property=\"og:image:width\" content=\"1600\" \/>\n\t<meta property=\"og:image:height\" content=\"1600\" \/>\n\t<meta property=\"og:image:type\" content=\"image\/jpeg\" \/>\n<meta name=\"twitter:card\" content=\"summary_large_image\" \/>\n<script type=\"application\/ld+json\" class=\"yoast-schema-graph\">{\"@context\":\"https:\/\/schema.org\",\"@graph\":[{\"@type\":\"WebPage\",\"@id\":\"https:\/\/silviamolas.com\/tienda\/punts-de-llibre\/punt-de-llibre-aliga-quan-obres-les-ales-toques-el-cel\/\",\"url\":\"https:\/\/silviamolas.com\/tienda\/punts-de-llibre\/punt-de-llibre-aliga-quan-obres-les-ales-toques-el-cel\/\",\"name\":\"Punto de libro \u00c1guila. \u201cCuando abres las alas, tocas el cielo\u201d. - Silvia Molas\",\"isPartOf\":{\"@id\":\"https:\/\/silviamolas.com\/#website\"},\"primaryImageOfPage\":{\"@id\":\"https:\/\/silviamolas.com\/tienda\/punts-de-llibre\/punt-de-llibre-aliga-quan-obres-les-ales-toques-el-cel\/#primaryimage\"},\"image\":{\"@id\":\"https:\/\/silviamolas.com\/tienda\/punts-de-llibre\/punt-de-llibre-aliga-quan-obres-les-ales-toques-el-cel\/#primaryimage\"},\"thumbnailUrl\":\"https:\/\/silviamolas.com\/wp-content\/uploads\/2026\/04\/Punts26_Aliga_ESP-destacada.jpg\",\"datePublished\":\"2026-04-15T10:12:02+00:00\",\"dateModified\":\"2026-04-15T10:33:45+00:00\",\"breadcrumb\":{\"@id\":\"https:\/\/silviamolas.com\/tienda\/punts-de-llibre\/punt-de-llibre-aliga-quan-obres-les-ales-toques-el-cel\/#breadcrumb\"},\"inLanguage\":\"es\",\"potentialAction\":[{\"@type\":\"ReadAction\",\"target\":[\"https:\/\/silviamolas.com\/tienda\/punts-de-llibre\/punt-de-llibre-aliga-quan-obres-les-ales-toques-el-cel\/\"]}]},{\"@type\":\"ImageObject\",\"inLanguage\":\"es\",\"@id\":\"https:\/\/silviamolas.com\/tienda\/punts-de-llibre\/punt-de-llibre-aliga-quan-obres-les-ales-toques-el-cel\/#primaryimage\",\"url\":\"https:\/\/silviamolas.com\/wp-content\/uploads\/2026\/04\/Punts26_Aliga_ESP-destacada.jpg\",\"contentUrl\":\"https:\/\/silviamolas.com\/wp-content\/uploads\/2026\/04\/Punts26_Aliga_ESP-destacada.jpg\",\"width\":1600,\"height\":1600},{\"@type\":\"BreadcrumbList\",\"@id\":\"https:\/\/silviamolas.com\/tienda\/punts-de-llibre\/punt-de-llibre-aliga-quan-obres-les-ales-toques-el-cel\/#breadcrumb\",\"itemListElement\":[{\"@type\":\"ListItem\",\"position\":1,\"name\":\"Inici\",\"item\":\"https:\/\/silviamolas.com\/\"},{\"@type\":\"ListItem\",\"position\":2,\"name\":\"Tienda\",\"item\":\"https:\/\/silviamolas.com\/botiga\/\"},{\"@type\":\"ListItem\",\"position\":3,\"name\":\"Punto de libro \u00c1guila. \u201cCuando abres las alas, tocas el cielo\u201d.\"}]},{\"@type\":\"WebSite\",\"@id\":\"https:\/\/silviamolas.com\/#website\",\"url\":\"https:\/\/silviamolas.com\/\",\"name\":\"Silvia Molas\",\"description\":\"Art conscient \u00b7 Regals amb cor\",\"publisher\":{\"@id\":\"https:\/\/silviamolas.com\/#organization\"},\"potentialAction\":[{\"@type\":\"SearchAction\",\"target\":{\"@type\":\"EntryPoint\",\"urlTemplate\":\"https:\/\/silviamolas.com\/?s={search_term_string}\"},\"query-input\":{\"@type\":\"PropertyValueSpecification\",\"valueRequired\":true,\"valueName\":\"search_term_string\"}}],\"inLanguage\":\"es\"},{\"@type\":\"Organization\",\"@id\":\"https:\/\/silviamolas.com\/#organization\",\"name\":\"Silvia Molas\",\"url\":\"https:\/\/silviamolas.com\/\",\"logo\":{\"@type\":\"ImageObject\",\"inLanguage\":\"es\",\"@id\":\"https:\/\/silviamolas.com\/#\/schema\/logo\/image\/\",\"url\":\"https:\/\/silviamolas.com\/wp-content\/uploads\/2025\/06\/silviamolas-logo.png\",\"contentUrl\":\"https:\/\/silviamolas.com\/wp-content\/uploads\/2025\/06\/silviamolas-logo.png\",\"width\":266,\"height\":65,\"caption\":\"Silvia Molas\"},\"image\":{\"@id\":\"https:\/\/silviamolas.com\/#\/schema\/logo\/image\/\"}}]}<\/script>\n<!-- \/ Yoast SEO plugin. -->","yoast_head_json":{"title":"Punto de libro \u00c1guila. \u201cCuando abres las alas, tocas el cielo\u201d. - Silvia Molas","robots":{"index":"index","follow":"follow","max-snippet":"max-snippet:-1","max-image-preview":"max-image-preview:large","max-video-preview":"max-video-preview:-1"},"canonical":"https:\/\/silviamolas.com\/tienda\/punts-de-llibre\/punt-de-llibre-aliga-quan-obres-les-ales-toques-el-cel\/","og_locale":"es_ES","og_type":"article","og_title":"Punto de libro \u00c1guila. \u201cCuando abres las alas, tocas el cielo\u201d. - Silvia Molas","og_description":"Punto de libro creado con mucho amor, con la opci\u00f3n de sobre personalizado con el nombre.","og_url":"https:\/\/silviamolas.com\/tienda\/punts-de-llibre\/punt-de-llibre-aliga-quan-obres-les-ales-toques-el-cel\/","og_site_name":"Silvia Molas","article_modified_time":"2026-04-15T10:33:45+00:00","og_image":[{"width":1600,"height":1600,"url":"https:\/\/silviamolas.com\/wp-content\/uploads\/2026\/04\/Punts26_Aliga_ESP-destacada.jpg","type":"image\/jpeg"}],"twitter_card":"summary_large_image","schema":{"@context":"https:\/\/schema.org","@graph":[{"@type":"WebPage","@id":"https:\/\/silviamolas.com\/tienda\/punts-de-llibre\/punt-de-llibre-aliga-quan-obres-les-ales-toques-el-cel\/","url":"https:\/\/silviamolas.com\/tienda\/punts-de-llibre\/punt-de-llibre-aliga-quan-obres-les-ales-toques-el-cel\/","name":"Punto de libro \u00c1guila. \u201cCuando abres las alas, tocas el cielo\u201d. - Silvia Molas","isPartOf":{"@id":"https:\/\/silviamolas.com\/#website"},"primaryImageOfPage":{"@id":"https:\/\/silviamolas.com\/tienda\/punts-de-llibre\/punt-de-llibre-aliga-quan-obres-les-ales-toques-el-cel\/#primaryimage"},"image":{"@id":"https:\/\/silviamolas.com\/tienda\/punts-de-llibre\/punt-de-llibre-aliga-quan-obres-les-ales-toques-el-cel\/#primaryimage"},"thumbnailUrl":"https:\/\/silviamolas.com\/wp-content\/uploads\/2026\/04\/Punts26_Aliga_ESP-destacada.jpg","datePublished":"2026-04-15T10:12:02+00:00","dateModified":"2026-04-15T10:33:45+00:00","breadcrumb":{"@id":"https:\/\/silviamolas.com\/tienda\/punts-de-llibre\/punt-de-llibre-aliga-quan-obres-les-ales-toques-el-cel\/#breadcrumb"},"inLanguage":"es","potentialAction":[{"@type":"ReadAction","target":["https:\/\/silviamolas.com\/tienda\/punts-de-llibre\/punt-de-llibre-aliga-quan-obres-les-ales-toques-el-cel\/"]}]},{"@type":"ImageObject","inLanguage":"es","@id":"https:\/\/silviamolas.com\/tienda\/punts-de-llibre\/punt-de-llibre-aliga-quan-obres-les-ales-toques-el-cel\/#primaryimage","url":"https:\/\/silviamolas.com\/wp-content\/uploads\/2026\/04\/Punts26_Aliga_ESP-destacada.jpg","contentUrl":"https:\/\/silviamolas.com\/wp-content\/uploads\/2026\/04\/Punts26_Aliga_ESP-destacada.jpg","width":1600,"height":1600},{"@type":"BreadcrumbList","@id":"https:\/\/silviamolas.com\/tienda\/punts-de-llibre\/punt-de-llibre-aliga-quan-obres-les-ales-toques-el-cel\/#breadcrumb","itemListElement":[{"@type":"ListItem","position":1,"name":"Inici","item":"https:\/\/silviamolas.com\/"},{"@type":"ListItem","position":2,"name":"Tienda","item":"https:\/\/silviamolas.com\/botiga\/"},{"@type":"ListItem","position":3,"name":"Punto de libro \u00c1guila. \u201cCuando abres las alas, tocas el cielo\u201d."}]},{"@type":"WebSite","@id":"https:\/\/silviamolas.com\/#website","url":"https:\/\/silviamolas.com\/","name":"Silvia Molas","description":"Art conscient \u00b7 Regals amb cor","publisher":{"@id":"https:\/\/silviamolas.com\/#organization"},"potentialAction":[{"@type":"SearchAction","target":{"@type":"EntryPoint","urlTemplate":"https:\/\/silviamolas.com\/?s={search_term_string}"},"query-input":{"@type":"PropertyValueSpecification","valueRequired":true,"valueName":"search_term_string"}}],"inLanguage":"es"},{"@type":"Organization","@id":"https:\/\/silviamolas.com\/#organization","name":"Silvia Molas","url":"https:\/\/silviamolas.com\/","logo":{"@type":"ImageObject","inLanguage":"es","@id":"https:\/\/silviamolas.com\/#\/schema\/logo\/image\/","url":"https:\/\/silviamolas.com\/wp-content\/uploads\/2025\/06\/silviamolas-logo.png","contentUrl":"https:\/\/silviamolas.com\/wp-content\/uploads\/2025\/06\/silviamolas-logo.png","width":266,"height":65,"caption":"Silvia Molas"},"image":{"@id":"https:\/\/silviamolas.com\/#\/schema\/logo\/image\/"}}]}},"jetpack_sharing_enabled":true,"_links":{"self":[{"href":"https:\/\/silviamolas.com\/es\/wp-json\/wp\/v2\/product\/66083","targetHints":{"allow":["GET"]}}],"collection":[{"href":"https:\/\/silviamolas.com\/es\/wp-json\/wp\/v2\/product"}],"about":[{"href":"https:\/\/silviamolas.com\/es\/wp-json\/wp\/v2\/types\/product"}],"replies":[{"embeddable":true,"href":"https:\/\/silviamolas.com\/es\/wp-json\/wp\/v2\/comments?post=66083"}],"version-history":[{"count":5,"href":"https:\/\/silviamolas.com\/es\/wp-json\/wp\/v2\/product\/66083\/revisions"}],"predecessor-version":[{"id":66180,"href":"https:\/\/silviamolas.com\/es\/wp-json\/wp\/v2\/product\/66083\/revisions\/66180"}],"wp:featuredmedia":[{"embeddable":true,"href":"https:\/\/silviamolas.com\/es\/wp-json\/wp\/v2\/media\/66131"}],"wp:attachment":[{"href":"https:\/\/silviamolas.com\/es\/wp-json\/wp\/v2\/media?parent=66083"}],"wp:term":[{"taxonomy":"product_brand","embeddable":true,"href":"https:\/\/silviamolas.com\/es\/wp-json\/wp\/v2\/product_brand?post=66083"},{"taxonomy":"product_cat","embeddable":true,"href":"https:\/\/silviamolas.com\/es\/wp-json\/wp\/v2\/product_cat?post=66083"},{"taxonomy":"product_tag","embeddable":true,"href":"https:\/\/silviamolas.com\/es\/wp-json\/wp\/v2\/product_tag?post=66083"}],"curies":[{"name":"wp","href":"https:\/\/api.w.org\/{rel}","templated":true}]}}