{"id":66046,"date":"2026-04-15T16:25:19","date_gmt":"2026-04-15T14:25:19","guid":{"rendered":"https:\/\/silviamolas.com\/?post_type=product&#038;p=66046"},"modified":"2026-04-15T12:10:04","modified_gmt":"2026-04-15T10:10:04","slug":"bipack-dia-y-noche-tu-y-yo","status":"publish","type":"product","link":"https:\/\/silviamolas.com\/es\/tienda\/puntos-de-libro\/packs-puntos-de-libro\/bipack-dia-y-noche-tu-y-yo\/","title":{"rendered":"BIPACK \u201cD\u00cdA Y NOCHE, T\u00da Y YO\u201d"},"content":{"rendered":"\t\t<div data-elementor-type=\"product-post\" data-elementor-id=\"66046\" class=\"elementor elementor-66046 elementor-66045\" data-elementor-post-type=\"product\">\n\t\t\t\t<div class=\"elementor-element elementor-element-65504f5 e-flex e-con-boxed e-con e-parent\" data-id=\"65504f5\" data-element_type=\"container\" data-e-type=\"container\">\n\t\t\t\t\t<div class=\"e-con-inner\">\n\t\t<div class=\"elementor-element elementor-element-36fc8f6 e-con-full e-flex e-con e-child\" data-id=\"36fc8f6\" data-element_type=\"container\" data-e-type=\"container\">\n\t\t\t\t<div class=\"elementor-element elementor-element-ad6d964 elementor-widget elementor-widget-text-editor\" data-id=\"ad6d964\" data-element_type=\"widget\" data-e-type=\"widget\" data-widget_type=\"text-editor.default\">\n\t\t\t\t<div class=\"elementor-widget-container\">\n\t\t\t\t\t\t\t\t\t<p>2 puntos de libro creados para parejas, amigas, fam\u00edlia&#8230; Cada una se queda un punto de llibro, manteniendo el v\u00ednculo y recuerdo con la otra persona a trav\u00e9s de esta ilustraci\u00f3n llena de magia.<\/p><p>Un REGALO muy especial que hace el vinculo m\u00e1s profundo y entra\u00f1able.<\/p><p>Son reproducciones de obra original, pintada con acuarela y tinta.<\/p><p>Estos puntos de libro son ideales:<\/p><ul><li>Como complemento de alg\u00fan regalo al que quieras darle un plus \u201cespecial\u201d.<\/li><li>Para acompa\u00f1ar la lectura de tus libros favoritos.<\/li><li>Si quieres sorprender a tu\/s invitados a comer o cenar en casa, puedes personalizar la mesa con un punto de libro que elijas para cada invitado. Un peque\u00f1o gran detalle que seguro que les llegar\u00e1 al coraz\u00f3n! Hay muchos modelos disponibles.<\/li><li>Si eres terapeuta o impartes alg\u00fan curso o taller, son ideales como detalle y\/o punto de anclaje.<\/li><\/ul><p>Tienes la opci\u00f3n de comprar aparte sobres personalizados con el nombre.<\/p><p>Si quieres cantidades mayores para: bodas, talleres, eventos o celebraciones, cont\u00e1ctame para enviarte un presupuesto a medida.<\/p>\t\t\t\t\t\t\t\t<\/div>\n\t\t\t\t<\/div>\n\t\t<div class=\"elementor-element elementor-element-3e66942 e-con-full e-flex e-con e-child\" data-id=\"3e66942\" data-element_type=\"container\" data-e-type=\"container\" data-settings=\"{&quot;background_background&quot;:&quot;classic&quot;}\">\n\t\t<div class=\"elementor-element elementor-element-714d52c e-con-full e-flex e-con e-child\" data-id=\"714d52c\" data-element_type=\"container\" data-e-type=\"container\">\n\t\t\t\t<div class=\"elementor-element elementor-element-6fd6f6e elementor-widget elementor-widget-text-editor\" data-id=\"6fd6f6e\" data-element_type=\"widget\" data-e-type=\"widget\" data-widget_type=\"text-editor.default\">\n\t\t\t\t<div class=\"elementor-widget-container\">\n\t\t\t\t\t\t\t\t\t<p>2 puntos de libro tama\u00f1o 5&#215;20,5 cm<\/p>\t\t\t\t\t\t\t\t<\/div>\n\t\t\t\t<\/div>\n\t\t\t\t<\/div>\n\t\t<div class=\"elementor-element elementor-element-6f2ffc2 e-con-full e-flex e-con e-child\" data-id=\"6f2ffc2\" data-element_type=\"container\" data-e-type=\"container\">\n\t\t\t\t<div class=\"elementor-element elementor-element-f02c414 elementor-widget elementor-widget-text-editor\" data-id=\"f02c414\" data-element_type=\"widget\" data-e-type=\"widget\" data-widget_type=\"text-editor.default\">\n\t\t\t\t<div class=\"elementor-widget-container\">\n\t\t\t\t\t\t\t\t\t<p>Impresos en una cartulina de gran calidad de 300 gr.<\/p>\t\t\t\t\t\t\t\t<\/div>\n\t\t\t\t<\/div>\n\t\t\t\t<\/div>\n\t\t<div class=\"elementor-element elementor-element-2e00529 e-con-full e-flex e-con e-child\" data-id=\"2e00529\" data-element_type=\"container\" data-e-type=\"container\">\n\t\t\t\t<div class=\"elementor-element elementor-element-5ab798f elementor-widget elementor-widget-text-editor\" data-id=\"5ab798f\" data-element_type=\"widget\" data-e-type=\"widget\" data-widget_type=\"text-editor.default\">\n\t\t\t\t<div class=\"elementor-widget-container\">\n\t\t\t\t\t\t\t\t\t<p>Son reproducciones de obra original, pintada con acuarela y tinta.<\/p>\t\t\t\t\t\t\t\t<\/div>\n\t\t\t\t<\/div>\n\t\t\t\t<\/div>\n\t\t<div class=\"elementor-element elementor-element-e4e941a e-con-full e-flex e-con e-child\" data-id=\"e4e941a\" data-element_type=\"container\" data-e-type=\"container\">\n\t\t\t\t<div class=\"elementor-element elementor-element-3e66fba elementor-widget elementor-widget-text-editor\" data-id=\"3e66fba\" data-element_type=\"widget\" data-e-type=\"widget\" data-widget_type=\"text-editor.default\">\n\t\t\t\t<div class=\"elementor-widget-container\">\n\t\t\t\t\t\t\t\t\t<p>Cada punto de libro se entrega dentro de su funda de pl\u00e1stico transparente con cierre adhesivo.<\/p>\t\t\t\t\t\t\t\t<\/div>\n\t\t\t\t<\/div>\n\t\t\t\t<\/div>\n\t\t\t\t<\/div>\n\t\t\t\t<\/div>\n\t\t\t\t\t<\/div>\n\t\t\t\t<\/div>\n\t\t\t\t<\/div>\n\t\t","protected":false},"excerpt":{"rendered":"<p>El bipack \u201cD\u00eda y noche, t\u00fa y yo\u201d contiene 2 puntos de libro, que juntos se fusionan en una misma ilustraci\u00f3n original que nos muestra el d\u00eda y la noche, el sol y la luna.<\/p>\n","protected":false},"featured_media":66014,"comment_status":"open","ping_status":"closed","template":"","meta":[],"product_brand":[],"product_cat":[382,381],"product_tag":[],"class_list":{"0":"post-66046","1":"product","2":"type-product","3":"status-publish","4":"has-post-thumbnail","6":"product_cat-puntos-de-libro","7":"product_cat-packs-puntos-de-libro","9":"first","10":"instock","11":"taxable","12":"shipping-taxable","13":"purchasable","14":"product-type-simple"},"yoast_head":"<!-- This site is optimized with the Yoast SEO plugin v27.1 - https:\/\/yoast.com\/product\/yoast-seo-wordpress\/ -->\n<title>BIPACK \u201cD\u00cdA Y NOCHE, T\u00da Y YO\u201d - Silvia Molas<\/title>\n<meta name=\"robots\" content=\"index, follow, max-snippet:-1, max-image-preview:large, max-video-preview:-1\" \/>\n<link rel=\"canonical\" href=\"https:\/\/silviamolas.com\/es\/tienda\/puntos-de-libro\/packs-puntos-de-libro\/bipack-dia-y-noche-tu-y-yo\/\" \/>\n<meta property=\"og:locale\" content=\"es_ES\" \/>\n<meta property=\"og:type\" content=\"article\" \/>\n<meta property=\"og:title\" content=\"BIPACK \u201cD\u00cdA Y NOCHE, T\u00da Y YO\u201d - Silvia Molas\" \/>\n<meta property=\"og:description\" content=\"El bipack \u201cD\u00eda y noche, t\u00fa y yo\u201d contiene 2 puntos de libro, que juntos se fusionan en una misma ilustraci\u00f3n original que nos muestra el d\u00eda y la noche, el sol y la luna.\" \/>\n<meta property=\"og:url\" content=\"https:\/\/silviamolas.com\/es\/tienda\/puntos-de-libro\/packs-puntos-de-libro\/bipack-dia-y-noche-tu-y-yo\/\" \/>\n<meta property=\"og:site_name\" content=\"Silvia Molas\" \/>\n<meta property=\"og:image\" content=\"https:\/\/silviamolas.com\/wp-content\/uploads\/2026\/04\/PackPunts26_Bipack_ESP.jpg\" \/>\n\t<meta property=\"og:image:width\" content=\"1600\" \/>\n\t<meta property=\"og:image:height\" content=\"1600\" \/>\n\t<meta property=\"og:image:type\" content=\"image\/jpeg\" \/>\n<meta name=\"twitter:card\" content=\"summary_large_image\" \/>\n<script type=\"application\/ld+json\" class=\"yoast-schema-graph\">{\"@context\":\"https:\/\/schema.org\",\"@graph\":[{\"@type\":\"WebPage\",\"@id\":\"https:\/\/silviamolas.com\/es\/tienda\/puntos-de-libro\/packs-puntos-de-libro\/bipack-dia-y-noche-tu-y-yo\/\",\"url\":\"https:\/\/silviamolas.com\/es\/tienda\/puntos-de-libro\/packs-puntos-de-libro\/bipack-dia-y-noche-tu-y-yo\/\",\"name\":\"BIPACK \u201cD\u00cdA Y NOCHE, T\u00da Y YO\u201d - Silvia Molas\",\"isPartOf\":{\"@id\":\"https:\/\/silviamolas.com\/#website\"},\"primaryImageOfPage\":{\"@id\":\"https:\/\/silviamolas.com\/es\/tienda\/puntos-de-libro\/packs-puntos-de-libro\/bipack-dia-y-noche-tu-y-yo\/#primaryimage\"},\"image\":{\"@id\":\"https:\/\/silviamolas.com\/es\/tienda\/puntos-de-libro\/packs-puntos-de-libro\/bipack-dia-y-noche-tu-y-yo\/#primaryimage\"},\"thumbnailUrl\":\"https:\/\/silviamolas.com\/wp-content\/uploads\/2026\/04\/PackPunts26_Bipack_ESP.jpg\",\"datePublished\":\"2026-04-15T14:25:19+00:00\",\"breadcrumb\":{\"@id\":\"https:\/\/silviamolas.com\/es\/tienda\/puntos-de-libro\/packs-puntos-de-libro\/bipack-dia-y-noche-tu-y-yo\/#breadcrumb\"},\"inLanguage\":\"es\",\"potentialAction\":[{\"@type\":\"ReadAction\",\"target\":[\"https:\/\/silviamolas.com\/es\/tienda\/puntos-de-libro\/packs-puntos-de-libro\/bipack-dia-y-noche-tu-y-yo\/\"]}]},{\"@type\":\"ImageObject\",\"inLanguage\":\"es\",\"@id\":\"https:\/\/silviamolas.com\/es\/tienda\/puntos-de-libro\/packs-puntos-de-libro\/bipack-dia-y-noche-tu-y-yo\/#primaryimage\",\"url\":\"https:\/\/silviamolas.com\/wp-content\/uploads\/2026\/04\/PackPunts26_Bipack_ESP.jpg\",\"contentUrl\":\"https:\/\/silviamolas.com\/wp-content\/uploads\/2026\/04\/PackPunts26_Bipack_ESP.jpg\",\"width\":1600,\"height\":1600},{\"@type\":\"BreadcrumbList\",\"@id\":\"https:\/\/silviamolas.com\/es\/tienda\/puntos-de-libro\/packs-puntos-de-libro\/bipack-dia-y-noche-tu-y-yo\/#breadcrumb\",\"itemListElement\":[{\"@type\":\"ListItem\",\"position\":1,\"name\":\"Inici\",\"item\":\"https:\/\/silviamolas.com\/\"},{\"@type\":\"ListItem\",\"position\":2,\"name\":\"Tienda\",\"item\":\"https:\/\/silviamolas.com\/botiga\/\"},{\"@type\":\"ListItem\",\"position\":3,\"name\":\"BIPACK \u201cD\u00cdA Y NOCHE, T\u00da Y YO\u201d\"}]},{\"@type\":\"WebSite\",\"@id\":\"https:\/\/silviamolas.com\/#website\",\"url\":\"https:\/\/silviamolas.com\/\",\"name\":\"Silvia Molas\",\"description\":\"Art conscient \u00b7 Regals amb cor\",\"publisher\":{\"@id\":\"https:\/\/silviamolas.com\/#organization\"},\"potentialAction\":[{\"@type\":\"SearchAction\",\"target\":{\"@type\":\"EntryPoint\",\"urlTemplate\":\"https:\/\/silviamolas.com\/?s={search_term_string}\"},\"query-input\":{\"@type\":\"PropertyValueSpecification\",\"valueRequired\":true,\"valueName\":\"search_term_string\"}}],\"inLanguage\":\"es\"},{\"@type\":\"Organization\",\"@id\":\"https:\/\/silviamolas.com\/#organization\",\"name\":\"Silvia Molas\",\"url\":\"https:\/\/silviamolas.com\/\",\"logo\":{\"@type\":\"ImageObject\",\"inLanguage\":\"es\",\"@id\":\"https:\/\/silviamolas.com\/#\/schema\/logo\/image\/\",\"url\":\"https:\/\/silviamolas.com\/wp-content\/uploads\/2025\/06\/silviamolas-logo.png\",\"contentUrl\":\"https:\/\/silviamolas.com\/wp-content\/uploads\/2025\/06\/silviamolas-logo.png\",\"width\":266,\"height\":65,\"caption\":\"Silvia Molas\"},\"image\":{\"@id\":\"https:\/\/silviamolas.com\/#\/schema\/logo\/image\/\"}}]}<\/script>\n<!-- \/ Yoast SEO plugin. -->","yoast_head_json":{"title":"BIPACK \u201cD\u00cdA Y NOCHE, T\u00da Y YO\u201d - Silvia Molas","robots":{"index":"index","follow":"follow","max-snippet":"max-snippet:-1","max-image-preview":"max-image-preview:large","max-video-preview":"max-video-preview:-1"},"canonical":"https:\/\/silviamolas.com\/es\/tienda\/puntos-de-libro\/packs-puntos-de-libro\/bipack-dia-y-noche-tu-y-yo\/","og_locale":"es_ES","og_type":"article","og_title":"BIPACK \u201cD\u00cdA Y NOCHE, T\u00da Y YO\u201d - Silvia Molas","og_description":"El bipack \u201cD\u00eda y noche, t\u00fa y yo\u201d contiene 2 puntos de libro, que juntos se fusionan en una misma ilustraci\u00f3n original que nos muestra el d\u00eda y la noche, el sol y la luna.","og_url":"https:\/\/silviamolas.com\/es\/tienda\/puntos-de-libro\/packs-puntos-de-libro\/bipack-dia-y-noche-tu-y-yo\/","og_site_name":"Silvia Molas","og_image":[{"width":1600,"height":1600,"url":"https:\/\/silviamolas.com\/wp-content\/uploads\/2026\/04\/PackPunts26_Bipack_ESP.jpg","type":"image\/jpeg"}],"twitter_card":"summary_large_image","schema":{"@context":"https:\/\/schema.org","@graph":[{"@type":"WebPage","@id":"https:\/\/silviamolas.com\/es\/tienda\/puntos-de-libro\/packs-puntos-de-libro\/bipack-dia-y-noche-tu-y-yo\/","url":"https:\/\/silviamolas.com\/es\/tienda\/puntos-de-libro\/packs-puntos-de-libro\/bipack-dia-y-noche-tu-y-yo\/","name":"BIPACK \u201cD\u00cdA Y NOCHE, T\u00da Y YO\u201d - Silvia Molas","isPartOf":{"@id":"https:\/\/silviamolas.com\/#website"},"primaryImageOfPage":{"@id":"https:\/\/silviamolas.com\/es\/tienda\/puntos-de-libro\/packs-puntos-de-libro\/bipack-dia-y-noche-tu-y-yo\/#primaryimage"},"image":{"@id":"https:\/\/silviamolas.com\/es\/tienda\/puntos-de-libro\/packs-puntos-de-libro\/bipack-dia-y-noche-tu-y-yo\/#primaryimage"},"thumbnailUrl":"https:\/\/silviamolas.com\/wp-content\/uploads\/2026\/04\/PackPunts26_Bipack_ESP.jpg","datePublished":"2026-04-15T14:25:19+00:00","breadcrumb":{"@id":"https:\/\/silviamolas.com\/es\/tienda\/puntos-de-libro\/packs-puntos-de-libro\/bipack-dia-y-noche-tu-y-yo\/#breadcrumb"},"inLanguage":"es","potentialAction":[{"@type":"ReadAction","target":["https:\/\/silviamolas.com\/es\/tienda\/puntos-de-libro\/packs-puntos-de-libro\/bipack-dia-y-noche-tu-y-yo\/"]}]},{"@type":"ImageObject","inLanguage":"es","@id":"https:\/\/silviamolas.com\/es\/tienda\/puntos-de-libro\/packs-puntos-de-libro\/bipack-dia-y-noche-tu-y-yo\/#primaryimage","url":"https:\/\/silviamolas.com\/wp-content\/uploads\/2026\/04\/PackPunts26_Bipack_ESP.jpg","contentUrl":"https:\/\/silviamolas.com\/wp-content\/uploads\/2026\/04\/PackPunts26_Bipack_ESP.jpg","width":1600,"height":1600},{"@type":"BreadcrumbList","@id":"https:\/\/silviamolas.com\/es\/tienda\/puntos-de-libro\/packs-puntos-de-libro\/bipack-dia-y-noche-tu-y-yo\/#breadcrumb","itemListElement":[{"@type":"ListItem","position":1,"name":"Inici","item":"https:\/\/silviamolas.com\/"},{"@type":"ListItem","position":2,"name":"Tienda","item":"https:\/\/silviamolas.com\/botiga\/"},{"@type":"ListItem","position":3,"name":"BIPACK \u201cD\u00cdA Y NOCHE, T\u00da Y YO\u201d"}]},{"@type":"WebSite","@id":"https:\/\/silviamolas.com\/#website","url":"https:\/\/silviamolas.com\/","name":"Silvia Molas","description":"Art conscient \u00b7 Regals amb cor","publisher":{"@id":"https:\/\/silviamolas.com\/#organization"},"potentialAction":[{"@type":"SearchAction","target":{"@type":"EntryPoint","urlTemplate":"https:\/\/silviamolas.com\/?s={search_term_string}"},"query-input":{"@type":"PropertyValueSpecification","valueRequired":true,"valueName":"search_term_string"}}],"inLanguage":"es"},{"@type":"Organization","@id":"https:\/\/silviamolas.com\/#organization","name":"Silvia Molas","url":"https:\/\/silviamolas.com\/","logo":{"@type":"ImageObject","inLanguage":"es","@id":"https:\/\/silviamolas.com\/#\/schema\/logo\/image\/","url":"https:\/\/silviamolas.com\/wp-content\/uploads\/2025\/06\/silviamolas-logo.png","contentUrl":"https:\/\/silviamolas.com\/wp-content\/uploads\/2025\/06\/silviamolas-logo.png","width":266,"height":65,"caption":"Silvia Molas"},"image":{"@id":"https:\/\/silviamolas.com\/#\/schema\/logo\/image\/"}}]}},"jetpack_sharing_enabled":true,"_links":{"self":[{"href":"https:\/\/silviamolas.com\/es\/wp-json\/wp\/v2\/product\/66046","targetHints":{"allow":["GET"]}}],"collection":[{"href":"https:\/\/silviamolas.com\/es\/wp-json\/wp\/v2\/product"}],"about":[{"href":"https:\/\/silviamolas.com\/es\/wp-json\/wp\/v2\/types\/product"}],"replies":[{"embeddable":true,"href":"https:\/\/silviamolas.com\/es\/wp-json\/wp\/v2\/comments?post=66046"}],"version-history":[{"count":5,"href":"https:\/\/silviamolas.com\/es\/wp-json\/wp\/v2\/product\/66046\/revisions"}],"predecessor-version":[{"id":66077,"href":"https:\/\/silviamolas.com\/es\/wp-json\/wp\/v2\/product\/66046\/revisions\/66077"}],"wp:featuredmedia":[{"embeddable":true,"href":"https:\/\/silviamolas.com\/es\/wp-json\/wp\/v2\/media\/66014"}],"wp:attachment":[{"href":"https:\/\/silviamolas.com\/es\/wp-json\/wp\/v2\/media?parent=66046"}],"wp:term":[{"taxonomy":"product_brand","embeddable":true,"href":"https:\/\/silviamolas.com\/es\/wp-json\/wp\/v2\/product_brand?post=66046"},{"taxonomy":"product_cat","embeddable":true,"href":"https:\/\/silviamolas.com\/es\/wp-json\/wp\/v2\/product_cat?post=66046"},{"taxonomy":"product_tag","embeddable":true,"href":"https:\/\/silviamolas.com\/es\/wp-json\/wp\/v2\/product_tag?post=66046"}],"curies":[{"name":"wp","href":"https:\/\/api.w.org\/{rel}","templated":true}]}}