{"id":65590,"date":"2026-03-05T14:25:05","date_gmt":"2026-03-05T13:25:05","guid":{"rendered":"https:\/\/silviamolas.com\/?post_type=product&#038;p=65590"},"modified":"2026-03-05T14:29:10","modified_gmt":"2026-03-05T13:29:10","slug":"bolsa-algodon-aguila","status":"publish","type":"product","link":"https:\/\/silviamolas.com\/es\/tienda\/bolsas-de-algodon\/bolsa-algodon-aguila\/","title":{"rendered":"Bolsa algod\u00f3n \u201d\u00c1guila\u201d"},"content":{"rendered":"\t\t<div data-elementor-type=\"product-post\" data-elementor-id=\"65590\" class=\"elementor elementor-65590 elementor-65589\" data-elementor-post-type=\"product\">\n\t\t\t\t<div class=\"elementor-element elementor-element-ed7c97e e-flex e-con-boxed e-con e-parent\" data-id=\"ed7c97e\" data-element_type=\"container\" data-e-type=\"container\">\n\t\t\t\t\t<div class=\"e-con-inner\">\n\t\t<div class=\"elementor-element elementor-element-e302f10 e-con-full e-flex e-con e-child\" data-id=\"e302f10\" data-element_type=\"container\" data-e-type=\"container\">\n\t\t\t\t<div class=\"elementor-element elementor-element-ca1effd elementor-widget elementor-widget-text-editor\" data-id=\"ca1effd\" data-element_type=\"widget\" data-e-type=\"widget\" data-widget_type=\"text-editor.default\">\n\t\t\t\t<div class=\"elementor-widget-container\">\n\t\t\t\t\t\t\t\t\t<p>Cada ilustraci\u00f3n est\u00e1 creada desde el coraz\u00f3n, para que te acompa\u00f1e y te armonice, empodere, inspire&#8230;, cada una con su energ\u00eda y vibraci\u00f3n.<\/p><p>Puedes combinarlo con la libreta, punto de libro o l\u00e1minas en diferentes tama\u00f1os, con la misma ilustraci\u00f3n.<\/p>\t\t\t\t\t\t\t\t<\/div>\n\t\t\t\t<\/div>\n\t\t<div class=\"elementor-element elementor-element-ff5173a e-con-full e-flex e-con e-child\" data-id=\"ff5173a\" data-element_type=\"container\" data-e-type=\"container\" data-settings=\"{&quot;background_background&quot;:&quot;classic&quot;}\">\n\t\t<div class=\"elementor-element elementor-element-b49cc57 e-con-full e-flex e-con e-child\" data-id=\"b49cc57\" data-element_type=\"container\" data-e-type=\"container\">\n\t\t\t\t<div class=\"elementor-element elementor-element-f28c4a3 elementor-widget elementor-widget-text-editor\" data-id=\"f28c4a3\" data-element_type=\"widget\" data-e-type=\"widget\" data-widget_type=\"text-editor.default\">\n\t\t\t\t<div class=\"elementor-widget-container\">\n\t\t\t\t\t\t\t\t\t<p>Medidas:<\/p>\t\t\t\t\t\t\t\t<\/div>\n\t\t\t\t<\/div>\n\t\t\t\t<div class=\"elementor-element elementor-element-8810696 elementor-widget elementor-widget-text-editor\" data-id=\"8810696\" data-element_type=\"widget\" data-e-type=\"widget\" data-widget_type=\"text-editor.default\">\n\t\t\t\t<div class=\"elementor-widget-container\">\n\t\t\t\t\t\t\t\t\t<p>37 cm x 42 cm<\/p>\t\t\t\t\t\t\t\t<\/div>\n\t\t\t\t<\/div>\n\t\t\t\t<\/div>\n\t\t<div class=\"elementor-element elementor-element-98149b3 e-con-full e-flex e-con e-child\" data-id=\"98149b3\" data-element_type=\"container\" data-e-type=\"container\">\n\t\t\t\t<div class=\"elementor-element elementor-element-38a2f52 elementor-widget elementor-widget-text-editor\" data-id=\"38a2f52\" data-element_type=\"widget\" data-e-type=\"widget\" data-widget_type=\"text-editor.default\">\n\t\t\t\t<div class=\"elementor-widget-container\">\n\t\t\t\t\t\t\t\t\t<p>Asa:<\/p>\t\t\t\t\t\t\t\t<\/div>\n\t\t\t\t<\/div>\n\t\t\t\t<div class=\"elementor-element elementor-element-34e56b8 elementor-widget elementor-widget-text-editor\" data-id=\"34e56b8\" data-element_type=\"widget\" data-e-type=\"widget\" data-widget_type=\"text-editor.default\">\n\t\t\t\t<div class=\"elementor-widget-container\">\n\t\t\t\t\t\t\t\t\t<p>longitud 67 cm<\/p>\t\t\t\t\t\t\t\t<\/div>\n\t\t\t\t<\/div>\n\t\t\t\t<\/div>\n\t\t<div class=\"elementor-element elementor-element-cc0f3e1 e-con-full e-flex e-con e-child\" data-id=\"cc0f3e1\" data-element_type=\"container\" data-e-type=\"container\">\n\t\t\t\t<div class=\"elementor-element elementor-element-98b6f24 elementor-widget elementor-widget-text-editor\" data-id=\"98b6f24\" data-element_type=\"widget\" data-e-type=\"widget\" data-widget_type=\"text-editor.default\">\n\t\t\t\t<div class=\"elementor-widget-container\">\n\t\t\t\t\t\t\t\t\t<p>Material:<\/p>\t\t\t\t\t\t\t\t<\/div>\n\t\t\t\t<\/div>\n\t\t\t\t<div class=\"elementor-element elementor-element-d24ad60 elementor-widget elementor-widget-text-editor\" data-id=\"d24ad60\" data-element_type=\"widget\" data-e-type=\"widget\" data-widget_type=\"text-editor.default\">\n\t\t\t\t<div class=\"elementor-widget-container\">\n\t\t\t\t\t\t\t\t\t<p>algod\u00f3n 100%,\u00a0 de 140 gr de grosor<\/p>\t\t\t\t\t\t\t\t<\/div>\n\t\t\t\t<\/div>\n\t\t\t\t<\/div>\n\t\t<div class=\"elementor-element elementor-element-7e2a2cc e-con-full e-flex e-con e-child\" data-id=\"7e2a2cc\" data-element_type=\"container\" data-e-type=\"container\">\n\t\t\t\t<div class=\"elementor-element elementor-element-9cd9e42 elementor-widget elementor-widget-text-editor\" data-id=\"9cd9e42\" data-element_type=\"widget\" data-e-type=\"widget\" data-widget_type=\"text-editor.default\">\n\t\t\t\t<div class=\"elementor-widget-container\">\n\t\t\t\t\t\t\t\t\t<p>Capacidad:<\/p>\t\t\t\t\t\t\t\t<\/div>\n\t\t\t\t<\/div>\n\t\t\t\t<div class=\"elementor-element elementor-element-8434e0f elementor-widget elementor-widget-text-editor\" data-id=\"8434e0f\" data-element_type=\"widget\" data-e-type=\"widget\" data-widget_type=\"text-editor.default\">\n\t\t\t\t<div class=\"elementor-widget-container\">\n\t\t\t\t\t\t\t\t\t<p>10 litros<\/p>\t\t\t\t\t\t\t\t<\/div>\n\t\t\t\t<\/div>\n\t\t\t\t<\/div>\n\t\t\t\t<\/div>\n\t\t\t\t<\/div>\n\t\t\t\t\t<\/div>\n\t\t\t\t<\/div>\n\t\t\t\t<\/div>\n\t\t","protected":false},"excerpt":{"rendered":"<p>Bolsa de algod\u00f3n 100% (tote bag) en color natural con la ilustraci\u00f3n \u201c\u00c1guila\u201d.<\/p>\n","protected":false},"featured_media":65594,"comment_status":"open","ping_status":"closed","template":"","meta":[],"product_brand":[],"product_cat":[380],"product_tag":[],"class_list":{"0":"post-65590","1":"product","2":"type-product","3":"status-publish","4":"has-post-thumbnail","6":"product_cat-bolsas-de-algodon","8":"first","9":"instock","10":"taxable","11":"shipping-taxable","12":"purchasable","13":"product-type-simple"},"yoast_head":"<!-- This site is optimized with the Yoast SEO plugin v27.4 - https:\/\/yoast.com\/product\/yoast-seo-wordpress\/ -->\n<title>Bolsa algod\u00f3n \u201d\u00c1guila\u201d - Silvia Molas<\/title>\n<meta name=\"robots\" content=\"index, follow, max-snippet:-1, max-image-preview:large, max-video-preview:-1\" \/>\n<link rel=\"canonical\" href=\"https:\/\/silviamolas.com\/es\/tienda\/bolsas-de-algodon\/bolsa-algodon-aguila\/\" \/>\n<meta property=\"og:locale\" content=\"es_ES\" \/>\n<meta property=\"og:type\" content=\"article\" \/>\n<meta property=\"og:title\" content=\"Bolsa algod\u00f3n \u201d\u00c1guila\u201d - Silvia Molas\" \/>\n<meta property=\"og:description\" content=\"Bolsa de algod\u00f3n 100% (tote bag) en color natural con la ilustraci\u00f3n \u201c\u00c1guila\u201d.\" \/>\n<meta property=\"og:url\" content=\"https:\/\/silviamolas.com\/es\/tienda\/bolsas-de-algodon\/bolsa-algodon-aguila\/\" \/>\n<meta property=\"og:site_name\" content=\"Silvia Molas\" \/>\n<meta property=\"article:modified_time\" content=\"2026-03-05T13:29:10+00:00\" \/>\n<meta property=\"og:image\" content=\"https:\/\/silviamolas.com\/wp-content\/uploads\/2026\/03\/Bossa_Aliga_01.jpg\" \/>\n\t<meta property=\"og:image:width\" content=\"1200\" \/>\n\t<meta property=\"og:image:height\" content=\"1600\" \/>\n\t<meta property=\"og:image:type\" content=\"image\/jpeg\" \/>\n<meta name=\"twitter:card\" content=\"summary_large_image\" \/>\n<meta name=\"twitter:label1\" content=\"Tiempo de lectura\" \/>\n\t<meta name=\"twitter:data1\" content=\"1 minuto\" \/>\n<script type=\"application\/ld+json\" class=\"yoast-schema-graph\">{\"@context\":\"https:\\\/\\\/schema.org\",\"@graph\":[{\"@type\":\"WebPage\",\"@id\":\"https:\\\/\\\/silviamolas.com\\\/es\\\/tienda\\\/bolsas-de-algodon\\\/bolsa-algodon-aguila\\\/\",\"url\":\"https:\\\/\\\/silviamolas.com\\\/es\\\/tienda\\\/bolsas-de-algodon\\\/bolsa-algodon-aguila\\\/\",\"name\":\"Bolsa algod\u00f3n \u201d\u00c1guila\u201d - Silvia Molas\",\"isPartOf\":{\"@id\":\"https:\\\/\\\/silviamolas.com\\\/#website\"},\"primaryImageOfPage\":{\"@id\":\"https:\\\/\\\/silviamolas.com\\\/es\\\/tienda\\\/bolsas-de-algodon\\\/bolsa-algodon-aguila\\\/#primaryimage\"},\"image\":{\"@id\":\"https:\\\/\\\/silviamolas.com\\\/es\\\/tienda\\\/bolsas-de-algodon\\\/bolsa-algodon-aguila\\\/#primaryimage\"},\"thumbnailUrl\":\"https:\\\/\\\/silviamolas.com\\\/wp-content\\\/uploads\\\/2026\\\/03\\\/Bossa_Aliga_01.jpg\",\"datePublished\":\"2026-03-05T13:25:05+00:00\",\"dateModified\":\"2026-03-05T13:29:10+00:00\",\"breadcrumb\":{\"@id\":\"https:\\\/\\\/silviamolas.com\\\/es\\\/tienda\\\/bolsas-de-algodon\\\/bolsa-algodon-aguila\\\/#breadcrumb\"},\"inLanguage\":\"es\",\"potentialAction\":[{\"@type\":\"ReadAction\",\"target\":[\"https:\\\/\\\/silviamolas.com\\\/es\\\/tienda\\\/bolsas-de-algodon\\\/bolsa-algodon-aguila\\\/\"]}]},{\"@type\":\"ImageObject\",\"inLanguage\":\"es\",\"@id\":\"https:\\\/\\\/silviamolas.com\\\/es\\\/tienda\\\/bolsas-de-algodon\\\/bolsa-algodon-aguila\\\/#primaryimage\",\"url\":\"https:\\\/\\\/silviamolas.com\\\/wp-content\\\/uploads\\\/2026\\\/03\\\/Bossa_Aliga_01.jpg\",\"contentUrl\":\"https:\\\/\\\/silviamolas.com\\\/wp-content\\\/uploads\\\/2026\\\/03\\\/Bossa_Aliga_01.jpg\",\"width\":1200,\"height\":1600,\"caption\":\"Bossa Aliga\"},{\"@type\":\"BreadcrumbList\",\"@id\":\"https:\\\/\\\/silviamolas.com\\\/es\\\/tienda\\\/bolsas-de-algodon\\\/bolsa-algodon-aguila\\\/#breadcrumb\",\"itemListElement\":[{\"@type\":\"ListItem\",\"position\":1,\"name\":\"Inici\",\"item\":\"https:\\\/\\\/silviamolas.com\\\/\"},{\"@type\":\"ListItem\",\"position\":2,\"name\":\"Tienda\",\"item\":\"https:\\\/\\\/silviamolas.com\\\/botiga\\\/\"},{\"@type\":\"ListItem\",\"position\":3,\"name\":\"Bolsa algod\u00f3n \u201d\u00c1guila\u201d\"}]},{\"@type\":\"WebSite\",\"@id\":\"https:\\\/\\\/silviamolas.com\\\/#website\",\"url\":\"https:\\\/\\\/silviamolas.com\\\/\",\"name\":\"Silvia Molas\",\"description\":\"Art conscient \u00b7 Regals amb cor\",\"publisher\":{\"@id\":\"https:\\\/\\\/silviamolas.com\\\/#organization\"},\"potentialAction\":[{\"@type\":\"SearchAction\",\"target\":{\"@type\":\"EntryPoint\",\"urlTemplate\":\"https:\\\/\\\/silviamolas.com\\\/?s={search_term_string}\"},\"query-input\":{\"@type\":\"PropertyValueSpecification\",\"valueRequired\":true,\"valueName\":\"search_term_string\"}}],\"inLanguage\":\"es\"},{\"@type\":\"Organization\",\"@id\":\"https:\\\/\\\/silviamolas.com\\\/#organization\",\"name\":\"Silvia Molas\",\"url\":\"https:\\\/\\\/silviamolas.com\\\/\",\"logo\":{\"@type\":\"ImageObject\",\"inLanguage\":\"es\",\"@id\":\"https:\\\/\\\/silviamolas.com\\\/#\\\/schema\\\/logo\\\/image\\\/\",\"url\":\"https:\\\/\\\/silviamolas.com\\\/wp-content\\\/uploads\\\/2025\\\/06\\\/silviamolas-logo.png\",\"contentUrl\":\"https:\\\/\\\/silviamolas.com\\\/wp-content\\\/uploads\\\/2025\\\/06\\\/silviamolas-logo.png\",\"width\":266,\"height\":65,\"caption\":\"Silvia Molas\"},\"image\":{\"@id\":\"https:\\\/\\\/silviamolas.com\\\/#\\\/schema\\\/logo\\\/image\\\/\"}}]}<\/script>\n<!-- \/ Yoast SEO plugin. -->","yoast_head_json":{"title":"Bolsa algod\u00f3n \u201d\u00c1guila\u201d - Silvia Molas","robots":{"index":"index","follow":"follow","max-snippet":"max-snippet:-1","max-image-preview":"max-image-preview:large","max-video-preview":"max-video-preview:-1"},"canonical":"https:\/\/silviamolas.com\/es\/tienda\/bolsas-de-algodon\/bolsa-algodon-aguila\/","og_locale":"es_ES","og_type":"article","og_title":"Bolsa algod\u00f3n \u201d\u00c1guila\u201d - Silvia Molas","og_description":"Bolsa de algod\u00f3n 100% (tote bag) en color natural con la ilustraci\u00f3n \u201c\u00c1guila\u201d.","og_url":"https:\/\/silviamolas.com\/es\/tienda\/bolsas-de-algodon\/bolsa-algodon-aguila\/","og_site_name":"Silvia Molas","article_modified_time":"2026-03-05T13:29:10+00:00","og_image":[{"width":1200,"height":1600,"url":"https:\/\/silviamolas.com\/wp-content\/uploads\/2026\/03\/Bossa_Aliga_01.jpg","type":"image\/jpeg"}],"twitter_card":"summary_large_image","twitter_misc":{"Tiempo de lectura":"1 minuto"},"schema":{"@context":"https:\/\/schema.org","@graph":[{"@type":"WebPage","@id":"https:\/\/silviamolas.com\/es\/tienda\/bolsas-de-algodon\/bolsa-algodon-aguila\/","url":"https:\/\/silviamolas.com\/es\/tienda\/bolsas-de-algodon\/bolsa-algodon-aguila\/","name":"Bolsa algod\u00f3n \u201d\u00c1guila\u201d - Silvia Molas","isPartOf":{"@id":"https:\/\/silviamolas.com\/#website"},"primaryImageOfPage":{"@id":"https:\/\/silviamolas.com\/es\/tienda\/bolsas-de-algodon\/bolsa-algodon-aguila\/#primaryimage"},"image":{"@id":"https:\/\/silviamolas.com\/es\/tienda\/bolsas-de-algodon\/bolsa-algodon-aguila\/#primaryimage"},"thumbnailUrl":"https:\/\/silviamolas.com\/wp-content\/uploads\/2026\/03\/Bossa_Aliga_01.jpg","datePublished":"2026-03-05T13:25:05+00:00","dateModified":"2026-03-05T13:29:10+00:00","breadcrumb":{"@id":"https:\/\/silviamolas.com\/es\/tienda\/bolsas-de-algodon\/bolsa-algodon-aguila\/#breadcrumb"},"inLanguage":"es","potentialAction":[{"@type":"ReadAction","target":["https:\/\/silviamolas.com\/es\/tienda\/bolsas-de-algodon\/bolsa-algodon-aguila\/"]}]},{"@type":"ImageObject","inLanguage":"es","@id":"https:\/\/silviamolas.com\/es\/tienda\/bolsas-de-algodon\/bolsa-algodon-aguila\/#primaryimage","url":"https:\/\/silviamolas.com\/wp-content\/uploads\/2026\/03\/Bossa_Aliga_01.jpg","contentUrl":"https:\/\/silviamolas.com\/wp-content\/uploads\/2026\/03\/Bossa_Aliga_01.jpg","width":1200,"height":1600,"caption":"Bossa Aliga"},{"@type":"BreadcrumbList","@id":"https:\/\/silviamolas.com\/es\/tienda\/bolsas-de-algodon\/bolsa-algodon-aguila\/#breadcrumb","itemListElement":[{"@type":"ListItem","position":1,"name":"Inici","item":"https:\/\/silviamolas.com\/"},{"@type":"ListItem","position":2,"name":"Tienda","item":"https:\/\/silviamolas.com\/botiga\/"},{"@type":"ListItem","position":3,"name":"Bolsa algod\u00f3n \u201d\u00c1guila\u201d"}]},{"@type":"WebSite","@id":"https:\/\/silviamolas.com\/#website","url":"https:\/\/silviamolas.com\/","name":"Silvia Molas","description":"Art conscient \u00b7 Regals amb cor","publisher":{"@id":"https:\/\/silviamolas.com\/#organization"},"potentialAction":[{"@type":"SearchAction","target":{"@type":"EntryPoint","urlTemplate":"https:\/\/silviamolas.com\/?s={search_term_string}"},"query-input":{"@type":"PropertyValueSpecification","valueRequired":true,"valueName":"search_term_string"}}],"inLanguage":"es"},{"@type":"Organization","@id":"https:\/\/silviamolas.com\/#organization","name":"Silvia Molas","url":"https:\/\/silviamolas.com\/","logo":{"@type":"ImageObject","inLanguage":"es","@id":"https:\/\/silviamolas.com\/#\/schema\/logo\/image\/","url":"https:\/\/silviamolas.com\/wp-content\/uploads\/2025\/06\/silviamolas-logo.png","contentUrl":"https:\/\/silviamolas.com\/wp-content\/uploads\/2025\/06\/silviamolas-logo.png","width":266,"height":65,"caption":"Silvia Molas"},"image":{"@id":"https:\/\/silviamolas.com\/#\/schema\/logo\/image\/"}}]}},"jetpack_sharing_enabled":true,"_links":{"self":[{"href":"https:\/\/silviamolas.com\/es\/wp-json\/wp\/v2\/product\/65590","targetHints":{"allow":["GET"]}}],"collection":[{"href":"https:\/\/silviamolas.com\/es\/wp-json\/wp\/v2\/product"}],"about":[{"href":"https:\/\/silviamolas.com\/es\/wp-json\/wp\/v2\/types\/product"}],"replies":[{"embeddable":true,"href":"https:\/\/silviamolas.com\/es\/wp-json\/wp\/v2\/comments?post=65590"}],"version-history":[{"count":3,"href":"https:\/\/silviamolas.com\/es\/wp-json\/wp\/v2\/product\/65590\/revisions"}],"predecessor-version":[{"id":65602,"href":"https:\/\/silviamolas.com\/es\/wp-json\/wp\/v2\/product\/65590\/revisions\/65602"}],"wp:featuredmedia":[{"embeddable":true,"href":"https:\/\/silviamolas.com\/es\/wp-json\/wp\/v2\/media\/65594"}],"wp:attachment":[{"href":"https:\/\/silviamolas.com\/es\/wp-json\/wp\/v2\/media?parent=65590"}],"wp:term":[{"taxonomy":"product_brand","embeddable":true,"href":"https:\/\/silviamolas.com\/es\/wp-json\/wp\/v2\/product_brand?post=65590"},{"taxonomy":"product_cat","embeddable":true,"href":"https:\/\/silviamolas.com\/es\/wp-json\/wp\/v2\/product_cat?post=65590"},{"taxonomy":"product_tag","embeddable":true,"href":"https:\/\/silviamolas.com\/es\/wp-json\/wp\/v2\/product_tag?post=65590"}],"curies":[{"name":"wp","href":"https:\/\/api.w.org\/{rel}","templated":true}]}}