{"id":64062,"date":"2026-03-05T14:44:48","date_gmt":"2026-03-05T13:44:48","guid":{"rendered":"https:\/\/silviamolas.com\/?post_type=product&#038;p=64062"},"modified":"2025-12-25T13:19:33","modified_gmt":"2025-12-25T12:19:33","slug":"calendario-consciente-de-mesa-2026-idioma-catalan","status":"publish","type":"product","link":"https:\/\/silviamolas.com\/es\/tienda\/calendarios\/calendario-consciente-de-mesa-2026-idioma-catalan\/","title":{"rendered":"Calendario consciente de mesa 2026, idioma catal\u00e1n"},"content":{"rendered":"\t\t<div data-elementor-type=\"product-post\" data-elementor-id=\"64062\" class=\"elementor elementor-64062 elementor-64061\" data-elementor-post-type=\"product\">\n\t\t\t\t<div class=\"elementor-element elementor-element-eb87336 e-flex e-con-boxed e-con e-parent\" data-id=\"eb87336\" data-element_type=\"container\" data-e-type=\"container\">\n\t\t\t\t\t<div class=\"e-con-inner\">\n\t\t<div class=\"elementor-element elementor-element-9e02437 e-con-full e-flex e-con e-child\" data-id=\"9e02437\" data-element_type=\"container\" data-e-type=\"container\">\n\t\t\t\t<div class=\"elementor-element elementor-element-6e5f700 elementor-widget elementor-widget-text-editor\" data-id=\"6e5f700\" data-element_type=\"widget\" data-e-type=\"widget\" data-widget_type=\"text-editor.default\">\n\t\t\t\t<div class=\"elementor-widget-container\">\n\t\t\t\t\t\t\t\t\t<p>Calendario consciente de mesa con 12 ilustraciones creadas con acuarela y tinta. Cada una de ellas con una frase escrita a mano, que te inspirar\u00e1 a vivir una vida m\u00e1s consciente y conectada con tu coraz\u00f3n.<\/p><p>Mensajes e ilustraciones empoderantes que te acompa\u00f1ar\u00e1n d\u00eda a d\u00eda con optimismo y armonizar\u00e1n tu hogar o zona de trabajo.<\/p><p>Con REGALO de una l\u00e1mina con mandala para pintar.<\/p><p>Cada a\u00f1o, con las 12 nuevas ilustraciones estrenamos la nueva colecci\u00f3n de la temporada (libretas, bolsas de algod\u00f3n, l\u00e1minas, puntos de libro\u2026)<\/p><p>Y cuando acabe el a\u00f1o, alarga la vida de estas preciosas ilustraciones! Puedes enmarcar tus l\u00e1minas favoritas para regalar o decorar tus espacios, colgarlas de un cordel con pinzas en el pasillo o habitaci\u00f3n, montar un m\u00f3vil decorativo para colgar, \u00a0forrar tus carpetas o libretas,\u00a0 &#8230; \u00a1imaginaci\u00f3n al poder!<\/p><p>La impresi\u00f3n es en papel de alta calidad y gramaje, por lo que permite su conservaci\u00f3n durante mucho tiempo.<\/p><p>Contiene todas las fases lunares, las estaciones y un espacio para escribir tus notas.<\/p><p>Los <a href=\"\/es\/categoria-producto\/calendarios\/\">calendarios conscientes<\/a> est\u00e1n disponibles en 2 formatos, de pared y de mesa, y en dos idiomas, castellano y catal\u00e1n.<\/p><p>Se entrega en una funda de pl\u00e1stico transparente con cierre autoadhesivo. El formato de mesa va con una peana de f\u00e1cil montaje que servir\u00e1 de base sobre la mesa o soporte.<\/p>\t\t\t\t\t\t\t\t<\/div>\n\t\t\t\t<\/div>\n\t\t<div class=\"elementor-element elementor-element-0c9f168 e-con-full e-flex e-con e-child\" data-id=\"0c9f168\" data-element_type=\"container\" data-e-type=\"container\" data-settings=\"{&quot;background_background&quot;:&quot;classic&quot;}\">\n\t\t<div class=\"elementor-element elementor-element-9f0b977 e-con-full e-flex e-con e-child\" data-id=\"9f0b977\" data-element_type=\"container\" data-e-type=\"container\">\n\t\t\t\t<div class=\"elementor-element elementor-element-5199121 elementor-widget elementor-widget-text-editor\" data-id=\"5199121\" data-element_type=\"widget\" data-e-type=\"widget\" data-widget_type=\"text-editor.default\">\n\t\t\t\t<div class=\"elementor-widget-container\">\n\t\t\t\t\t\t\t\t\t<p>Medidas calendario mesa (con peana montada):<\/p>\t\t\t\t\t\t\t\t<\/div>\n\t\t\t\t<\/div>\n\t\t\t\t<div class=\"elementor-element elementor-element-53258ff elementor-widget elementor-widget-text-editor\" data-id=\"53258ff\" data-element_type=\"widget\" data-e-type=\"widget\" data-widget_type=\"text-editor.default\">\n\t\t\t\t<div class=\"elementor-widget-container\">\n\t\t\t\t\t\t\t\t\t<p>21 cm x 16 cm x 6,7cm<\/p>\t\t\t\t\t\t\t\t<\/div>\n\t\t\t\t<\/div>\n\t\t\t\t<\/div>\n\t\t<div class=\"elementor-element elementor-element-233899e e-con-full e-flex e-con e-child\" data-id=\"233899e\" data-element_type=\"container\" data-e-type=\"container\">\n\t\t\t\t<div class=\"elementor-element elementor-element-75ca452 elementor-widget elementor-widget-text-editor\" data-id=\"75ca452\" data-element_type=\"widget\" data-e-type=\"widget\" data-widget_type=\"text-editor.default\">\n\t\t\t\t<div class=\"elementor-widget-container\">\n\t\t\t\t\t\t\t\t\t<p>Medidas calendario mesa (con peana plegada):<\/p>\t\t\t\t\t\t\t\t<\/div>\n\t\t\t\t<\/div>\n\t\t\t\t<div class=\"elementor-element elementor-element-4ad09d4 elementor-widget elementor-widget-text-editor\" data-id=\"4ad09d4\" data-element_type=\"widget\" data-e-type=\"widget\" data-widget_type=\"text-editor.default\">\n\t\t\t\t<div class=\"elementor-widget-container\">\n\t\t\t\t\t\t\t\t\t<p>21 cm x 19,5 cm<\/p>\t\t\t\t\t\t\t\t<\/div>\n\t\t\t\t<\/div>\n\t\t\t\t<\/div>\n\t\t\t\t<\/div>\n\t\t\t\t<\/div>\n\t\t\t\t\t<\/div>\n\t\t\t\t<\/div>\n\t\t\t\t<\/div>\n\t\t","protected":false},"excerpt":{"rendered":"<p>Calendario consciente de mesa con 12 ilustraciones creadas con acuarela y tinta. Cada una de ellas con una frase escrita a mano, que te inspirar\u00e1 a vivir una vida m\u00e1s consciente y conectada con tu coraz\u00f3n. Mensajes e ilustraciones empoderantes que te acompa\u00f1ar\u00e1n d\u00eda a d\u00eda con optimismo y armonizar\u00e1n tu hogar o zona de&hellip;<\/p>\n","protected":false},"featured_media":64064,"comment_status":"open","ping_status":"closed","template":"","meta":[],"product_brand":[],"product_cat":[379],"product_tag":[],"class_list":{"0":"post-64062","1":"product","2":"type-product","3":"status-publish","4":"has-post-thumbnail","6":"product_cat-calendarios","8":"first","9":"instock","10":"sale","11":"taxable","12":"shipping-taxable","13":"purchasable","14":"product-type-simple"},"yoast_head":"<!-- This site is optimized with the Yoast SEO plugin v27.1 - https:\/\/yoast.com\/product\/yoast-seo-wordpress\/ -->\n<title>Calendario consciente de mesa 2026, idioma catal\u00e1n - Silvia Molas<\/title>\n<meta name=\"robots\" content=\"index, follow, max-snippet:-1, max-image-preview:large, max-video-preview:-1\" \/>\n<link rel=\"canonical\" href=\"https:\/\/silviamolas.com\/tienda\/calendaris\/calendari-conscient-de-taula-2026-idioma-catala\/\" \/>\n<meta property=\"og:locale\" content=\"es_ES\" \/>\n<meta property=\"og:type\" content=\"article\" \/>\n<meta property=\"og:title\" content=\"Calendario consciente de mesa 2026, idioma catal\u00e1n - Silvia Molas\" \/>\n<meta property=\"og:description\" content=\"Calendario consciente de mesa con 12 ilustraciones creadas con acuarela y tinta. Cada una de ellas con una frase escrita a mano, que te inspirar\u00e1 a vivir una vida m\u00e1s consciente y conectada con tu coraz\u00f3n. Mensajes e ilustraciones empoderantes que te acompa\u00f1ar\u00e1n d\u00eda a d\u00eda con optimismo y armonizar\u00e1n tu hogar o zona de&hellip;\" \/>\n<meta property=\"og:url\" content=\"https:\/\/silviamolas.com\/tienda\/calendaris\/calendari-conscient-de-taula-2026-idioma-catala\/\" \/>\n<meta property=\"og:site_name\" content=\"Silvia Molas\" \/>\n<meta property=\"og:image\" content=\"https:\/\/silviamolas.com\/wp-content\/uploads\/2025\/11\/01_CalTaula_Port_CAT.jpg\" \/>\n\t<meta property=\"og:image:width\" content=\"1400\" \/>\n\t<meta property=\"og:image:height\" content=\"1400\" \/>\n\t<meta property=\"og:image:type\" content=\"image\/jpeg\" \/>\n<meta name=\"twitter:card\" content=\"summary_large_image\" \/>\n<meta name=\"twitter:label1\" content=\"Tiempo de lectura\" \/>\n\t<meta name=\"twitter:data1\" content=\"1 minuto\" \/>\n<script type=\"application\/ld+json\" class=\"yoast-schema-graph\">{\"@context\":\"https:\/\/schema.org\",\"@graph\":[{\"@type\":\"WebPage\",\"@id\":\"https:\/\/silviamolas.com\/tienda\/calendaris\/calendari-conscient-de-taula-2026-idioma-catala\/\",\"url\":\"https:\/\/silviamolas.com\/tienda\/calendaris\/calendari-conscient-de-taula-2026-idioma-catala\/\",\"name\":\"Calendario consciente de mesa 2026, idioma catal\u00e1n - Silvia Molas\",\"isPartOf\":{\"@id\":\"https:\/\/silviamolas.com\/#website\"},\"primaryImageOfPage\":{\"@id\":\"https:\/\/silviamolas.com\/tienda\/calendaris\/calendari-conscient-de-taula-2026-idioma-catala\/#primaryimage\"},\"image\":{\"@id\":\"https:\/\/silviamolas.com\/tienda\/calendaris\/calendari-conscient-de-taula-2026-idioma-catala\/#primaryimage\"},\"thumbnailUrl\":\"https:\/\/silviamolas.com\/wp-content\/uploads\/2025\/11\/01_CalTaula_Port_CAT.jpg\",\"datePublished\":\"2026-03-05T13:44:48+00:00\",\"breadcrumb\":{\"@id\":\"https:\/\/silviamolas.com\/tienda\/calendaris\/calendari-conscient-de-taula-2026-idioma-catala\/#breadcrumb\"},\"inLanguage\":\"es\",\"potentialAction\":[{\"@type\":\"ReadAction\",\"target\":[\"https:\/\/silviamolas.com\/tienda\/calendaris\/calendari-conscient-de-taula-2026-idioma-catala\/\"]}]},{\"@type\":\"ImageObject\",\"inLanguage\":\"es\",\"@id\":\"https:\/\/silviamolas.com\/tienda\/calendaris\/calendari-conscient-de-taula-2026-idioma-catala\/#primaryimage\",\"url\":\"https:\/\/silviamolas.com\/wp-content\/uploads\/2025\/11\/01_CalTaula_Port_CAT.jpg\",\"contentUrl\":\"https:\/\/silviamolas.com\/wp-content\/uploads\/2025\/11\/01_CalTaula_Port_CAT.jpg\",\"width\":1400,\"height\":1400,\"caption\":\"Calendari conscient de taula 2026, idioma catal\u00e0\"},{\"@type\":\"BreadcrumbList\",\"@id\":\"https:\/\/silviamolas.com\/tienda\/calendaris\/calendari-conscient-de-taula-2026-idioma-catala\/#breadcrumb\",\"itemListElement\":[{\"@type\":\"ListItem\",\"position\":1,\"name\":\"Inici\",\"item\":\"https:\/\/silviamolas.com\/\"},{\"@type\":\"ListItem\",\"position\":2,\"name\":\"Tienda\",\"item\":\"https:\/\/silviamolas.com\/botiga\/\"},{\"@type\":\"ListItem\",\"position\":3,\"name\":\"Calendario consciente de mesa 2026, idioma catal\u00e1n\"}]},{\"@type\":\"WebSite\",\"@id\":\"https:\/\/silviamolas.com\/#website\",\"url\":\"https:\/\/silviamolas.com\/\",\"name\":\"Silvia Molas\",\"description\":\"Art conscient \u00b7 Regals amb cor\",\"publisher\":{\"@id\":\"https:\/\/silviamolas.com\/#organization\"},\"potentialAction\":[{\"@type\":\"SearchAction\",\"target\":{\"@type\":\"EntryPoint\",\"urlTemplate\":\"https:\/\/silviamolas.com\/?s={search_term_string}\"},\"query-input\":{\"@type\":\"PropertyValueSpecification\",\"valueRequired\":true,\"valueName\":\"search_term_string\"}}],\"inLanguage\":\"es\"},{\"@type\":\"Organization\",\"@id\":\"https:\/\/silviamolas.com\/#organization\",\"name\":\"Silvia Molas\",\"url\":\"https:\/\/silviamolas.com\/\",\"logo\":{\"@type\":\"ImageObject\",\"inLanguage\":\"es\",\"@id\":\"https:\/\/silviamolas.com\/#\/schema\/logo\/image\/\",\"url\":\"https:\/\/silviamolas.com\/wp-content\/uploads\/2025\/06\/silviamolas-logo.png\",\"contentUrl\":\"https:\/\/silviamolas.com\/wp-content\/uploads\/2025\/06\/silviamolas-logo.png\",\"width\":266,\"height\":65,\"caption\":\"Silvia Molas\"},\"image\":{\"@id\":\"https:\/\/silviamolas.com\/#\/schema\/logo\/image\/\"}}]}<\/script>\n<!-- \/ Yoast SEO plugin. -->","yoast_head_json":{"title":"Calendario consciente de mesa 2026, idioma catal\u00e1n - Silvia Molas","robots":{"index":"index","follow":"follow","max-snippet":"max-snippet:-1","max-image-preview":"max-image-preview:large","max-video-preview":"max-video-preview:-1"},"canonical":"https:\/\/silviamolas.com\/tienda\/calendaris\/calendari-conscient-de-taula-2026-idioma-catala\/","og_locale":"es_ES","og_type":"article","og_title":"Calendario consciente de mesa 2026, idioma catal\u00e1n - Silvia Molas","og_description":"Calendario consciente de mesa con 12 ilustraciones creadas con acuarela y tinta. Cada una de ellas con una frase escrita a mano, que te inspirar\u00e1 a vivir una vida m\u00e1s consciente y conectada con tu coraz\u00f3n. Mensajes e ilustraciones empoderantes que te acompa\u00f1ar\u00e1n d\u00eda a d\u00eda con optimismo y armonizar\u00e1n tu hogar o zona de&hellip;","og_url":"https:\/\/silviamolas.com\/tienda\/calendaris\/calendari-conscient-de-taula-2026-idioma-catala\/","og_site_name":"Silvia Molas","og_image":[{"width":1400,"height":1400,"url":"https:\/\/silviamolas.com\/wp-content\/uploads\/2025\/11\/01_CalTaula_Port_CAT.jpg","type":"image\/jpeg"}],"twitter_card":"summary_large_image","twitter_misc":{"Tiempo de lectura":"1 minuto"},"schema":{"@context":"https:\/\/schema.org","@graph":[{"@type":"WebPage","@id":"https:\/\/silviamolas.com\/tienda\/calendaris\/calendari-conscient-de-taula-2026-idioma-catala\/","url":"https:\/\/silviamolas.com\/tienda\/calendaris\/calendari-conscient-de-taula-2026-idioma-catala\/","name":"Calendario consciente de mesa 2026, idioma catal\u00e1n - Silvia Molas","isPartOf":{"@id":"https:\/\/silviamolas.com\/#website"},"primaryImageOfPage":{"@id":"https:\/\/silviamolas.com\/tienda\/calendaris\/calendari-conscient-de-taula-2026-idioma-catala\/#primaryimage"},"image":{"@id":"https:\/\/silviamolas.com\/tienda\/calendaris\/calendari-conscient-de-taula-2026-idioma-catala\/#primaryimage"},"thumbnailUrl":"https:\/\/silviamolas.com\/wp-content\/uploads\/2025\/11\/01_CalTaula_Port_CAT.jpg","datePublished":"2026-03-05T13:44:48+00:00","breadcrumb":{"@id":"https:\/\/silviamolas.com\/tienda\/calendaris\/calendari-conscient-de-taula-2026-idioma-catala\/#breadcrumb"},"inLanguage":"es","potentialAction":[{"@type":"ReadAction","target":["https:\/\/silviamolas.com\/tienda\/calendaris\/calendari-conscient-de-taula-2026-idioma-catala\/"]}]},{"@type":"ImageObject","inLanguage":"es","@id":"https:\/\/silviamolas.com\/tienda\/calendaris\/calendari-conscient-de-taula-2026-idioma-catala\/#primaryimage","url":"https:\/\/silviamolas.com\/wp-content\/uploads\/2025\/11\/01_CalTaula_Port_CAT.jpg","contentUrl":"https:\/\/silviamolas.com\/wp-content\/uploads\/2025\/11\/01_CalTaula_Port_CAT.jpg","width":1400,"height":1400,"caption":"Calendari conscient de taula 2026, idioma catal\u00e0"},{"@type":"BreadcrumbList","@id":"https:\/\/silviamolas.com\/tienda\/calendaris\/calendari-conscient-de-taula-2026-idioma-catala\/#breadcrumb","itemListElement":[{"@type":"ListItem","position":1,"name":"Inici","item":"https:\/\/silviamolas.com\/"},{"@type":"ListItem","position":2,"name":"Tienda","item":"https:\/\/silviamolas.com\/botiga\/"},{"@type":"ListItem","position":3,"name":"Calendario consciente de mesa 2026, idioma catal\u00e1n"}]},{"@type":"WebSite","@id":"https:\/\/silviamolas.com\/#website","url":"https:\/\/silviamolas.com\/","name":"Silvia Molas","description":"Art conscient \u00b7 Regals amb cor","publisher":{"@id":"https:\/\/silviamolas.com\/#organization"},"potentialAction":[{"@type":"SearchAction","target":{"@type":"EntryPoint","urlTemplate":"https:\/\/silviamolas.com\/?s={search_term_string}"},"query-input":{"@type":"PropertyValueSpecification","valueRequired":true,"valueName":"search_term_string"}}],"inLanguage":"es"},{"@type":"Organization","@id":"https:\/\/silviamolas.com\/#organization","name":"Silvia Molas","url":"https:\/\/silviamolas.com\/","logo":{"@type":"ImageObject","inLanguage":"es","@id":"https:\/\/silviamolas.com\/#\/schema\/logo\/image\/","url":"https:\/\/silviamolas.com\/wp-content\/uploads\/2025\/06\/silviamolas-logo.png","contentUrl":"https:\/\/silviamolas.com\/wp-content\/uploads\/2025\/06\/silviamolas-logo.png","width":266,"height":65,"caption":"Silvia Molas"},"image":{"@id":"https:\/\/silviamolas.com\/#\/schema\/logo\/image\/"}}]}},"jetpack_sharing_enabled":true,"_links":{"self":[{"href":"https:\/\/silviamolas.com\/es\/wp-json\/wp\/v2\/product\/64062","targetHints":{"allow":["GET"]}}],"collection":[{"href":"https:\/\/silviamolas.com\/es\/wp-json\/wp\/v2\/product"}],"about":[{"href":"https:\/\/silviamolas.com\/es\/wp-json\/wp\/v2\/types\/product"}],"replies":[{"embeddable":true,"href":"https:\/\/silviamolas.com\/es\/wp-json\/wp\/v2\/comments?post=64062"}],"version-history":[{"count":5,"href":"https:\/\/silviamolas.com\/es\/wp-json\/wp\/v2\/product\/64062\/revisions"}],"predecessor-version":[{"id":64096,"href":"https:\/\/silviamolas.com\/es\/wp-json\/wp\/v2\/product\/64062\/revisions\/64096"}],"wp:featuredmedia":[{"embeddable":true,"href":"https:\/\/silviamolas.com\/es\/wp-json\/wp\/v2\/media\/64064"}],"wp:attachment":[{"href":"https:\/\/silviamolas.com\/es\/wp-json\/wp\/v2\/media?parent=64062"}],"wp:term":[{"taxonomy":"product_brand","embeddable":true,"href":"https:\/\/silviamolas.com\/es\/wp-json\/wp\/v2\/product_brand?post=64062"},{"taxonomy":"product_cat","embeddable":true,"href":"https:\/\/silviamolas.com\/es\/wp-json\/wp\/v2\/product_cat?post=64062"},{"taxonomy":"product_tag","embeddable":true,"href":"https:\/\/silviamolas.com\/es\/wp-json\/wp\/v2\/product_tag?post=64062"}],"curies":[{"name":"wp","href":"https:\/\/api.w.org\/{rel}","templated":true}]}}