{"id":63924,"date":"2025-11-13T17:10:28","date_gmt":"2025-11-13T15:10:28","guid":{"rendered":"https:\/\/silviamolas.com\/?post_type=product&#038;p=63924"},"modified":"2025-11-13T17:16:59","modified_gmt":"2025-11-13T15:16:59","slug":"lamina-a4-con-texto-personalizado-fondo-felicidad","status":"publish","type":"product","link":"https:\/\/silviamolas.com\/es\/tienda\/laminas\/laminas-a4\/lamina-a4-con-texto-personalizado-fondo-felicidad\/","title":{"rendered":"L\u00e1mina A4 con texto personalizado \u201cFondo Felicidad\u201d"},"content":{"rendered":"\t\t<div data-elementor-type=\"product-post\" data-elementor-id=\"63924\" class=\"elementor elementor-63924 elementor-63923\" data-elementor-post-type=\"product\">\n\t\t\t\t<div class=\"elementor-element elementor-element-4709379 e-flex e-con-boxed e-con e-parent\" data-id=\"4709379\" data-element_type=\"container\" data-e-type=\"container\">\n\t\t\t\t\t<div class=\"e-con-inner\">\n\t\t<div class=\"elementor-element elementor-element-c12a13b e-con-full e-flex e-con e-child\" data-id=\"c12a13b\" data-element_type=\"container\" data-e-type=\"container\">\n\t\t\t\t<div class=\"elementor-element elementor-element-e42f6f1 elementor-widget elementor-widget-text-editor\" data-id=\"e42f6f1\" data-element_type=\"widget\" data-e-type=\"widget\" data-widget_type=\"text-editor.default\">\n\t\t\t\t<div class=\"elementor-widget-container\">\n\t\t\t\t\t\t\t\t\t<p>\u00bfQuieres una l\u00e1mina con texto personalizado? Puedes elegir entre los diferentes modelos.<\/p><p>Este dise\u00f1o y formato admite entre 1 y 12 palabras de texto m\u00e1ximo. Escribe el texto en el recuadro que encontrar\u00e1s encima del bot\u00f3n \u00abA\u00f1ade al carrito\u00bb y lo personalizar\u00e9 para ti.<\/p><p>Esta l\u00e1mina es una reproducci\u00f3n de obra original con acuarela y tinta, creada con mucho amor, con regalo de sobre personalizado con el nombre (opcional).<\/p><p>Con la compra de la l\u00e1mina te regalo un sobre personalizado a mano con el nombre de la persona que lo recibir\u00e1 y una etiqueta adhesiva de \u201cRegalos con coraz\u00f3n\u201d.<\/p><p>\u00a1Detalles con coraz\u00f3n que marcan la diferencia!<\/p>\t\t\t\t\t\t\t\t<\/div>\n\t\t\t\t<\/div>\n\t\t<div class=\"elementor-element elementor-element-8596fb8 e-con-full e-flex e-con e-child\" data-id=\"8596fb8\" data-element_type=\"container\" data-e-type=\"container\" data-settings=\"{&quot;background_background&quot;:&quot;classic&quot;}\">\n\t\t<div class=\"elementor-element elementor-element-0d3ca91 e-con-full e-flex e-con e-child\" data-id=\"0d3ca91\" data-element_type=\"container\" data-e-type=\"container\">\n\t\t\t\t<div class=\"elementor-element elementor-element-9a0413b elementor-widget elementor-widget-text-editor\" data-id=\"9a0413b\" data-element_type=\"widget\" data-e-type=\"widget\" data-widget_type=\"text-editor.default\">\n\t\t\t\t<div class=\"elementor-widget-container\">\n\t\t\t\t\t\t\t\t\tL\u00e1mina tama\u00f1o A4 (21 x 29,7 cm)\t\t\t\t\t\t\t\t<\/div>\n\t\t\t\t<\/div>\n\t\t\t\t<\/div>\n\t\t<div class=\"elementor-element elementor-element-4678cff e-con-full e-flex e-con e-child\" data-id=\"4678cff\" data-element_type=\"container\" data-e-type=\"container\">\n\t\t\t\t<div class=\"elementor-element elementor-element-406d3b4 elementor-widget elementor-widget-text-editor\" data-id=\"406d3b4\" data-element_type=\"widget\" data-e-type=\"widget\" data-widget_type=\"text-editor.default\">\n\t\t\t\t<div class=\"elementor-widget-container\">\n\t\t\t\t\t\t\t\t\tImpresa en cartulina de gran calidad de 300 gr. \t\t\t\t\t\t\t\t<\/div>\n\t\t\t\t<\/div>\n\t\t\t\t<\/div>\n\t\t<div class=\"elementor-element elementor-element-fbe0298 e-con-full e-flex e-con e-child\" data-id=\"fbe0298\" data-element_type=\"container\" data-e-type=\"container\">\n\t\t\t\t<div class=\"elementor-element elementor-element-1b49331 elementor-widget elementor-widget-text-editor\" data-id=\"1b49331\" data-element_type=\"widget\" data-e-type=\"widget\" data-widget_type=\"text-editor.default\">\n\t\t\t\t<div class=\"elementor-widget-container\">\n\t\t\t\t\t\t\t\t\tReproducci\u00f3n de obra original, pintada con acuarela y tinta.\t\t\t\t\t\t\t\t<\/div>\n\t\t\t\t<\/div>\n\t\t\t\t<\/div>\n\t\t<div class=\"elementor-element elementor-element-5ea9eda e-con-full e-flex e-con e-child\" data-id=\"5ea9eda\" data-element_type=\"container\" data-e-type=\"container\">\n\t\t\t\t<div class=\"elementor-element elementor-element-fceb45f elementor-widget elementor-widget-text-editor\" data-id=\"fceb45f\" data-element_type=\"widget\" data-e-type=\"widget\" data-widget_type=\"text-editor.default\">\n\t\t\t\t<div class=\"elementor-widget-container\">\n\t\t\t\t\t\t\t\t\tCada l\u00e1mina se entrega dentro de su funda de pl\u00e1stico transparente con cierre autoadhesivo.\t\t\t\t\t\t\t\t<\/div>\n\t\t\t\t<\/div>\n\t\t\t\t<\/div>\n\t\t<div class=\"elementor-element elementor-element-724c7ab e-con-full e-flex e-con e-child\" data-id=\"724c7ab\" data-element_type=\"container\" data-e-type=\"container\">\n\t\t\t\t<div class=\"elementor-element elementor-element-79fd34d elementor-widget elementor-widget-text-editor\" data-id=\"79fd34d\" data-element_type=\"widget\" data-e-type=\"widget\" data-widget_type=\"text-editor.default\">\n\t\t\t\t<div class=\"elementor-widget-container\">\n\t\t\t\t\t\t\t\t\tOpcional sobre personalizado con el nombre, con etiqueta adhesiva de \u201cRegalos con coraz\u00f3n\u201d.\t\t\t\t\t\t\t\t<\/div>\n\t\t\t\t<\/div>\n\t\t\t\t<\/div>\n\t\t<div class=\"elementor-element elementor-element-add854f e-con-full e-flex e-con e-child\" data-id=\"add854f\" data-element_type=\"container\" data-e-type=\"container\">\n\t\t\t\t<div class=\"elementor-element elementor-element-e4a6e27 elementor-widget elementor-widget-text-editor\" data-id=\"e4a6e27\" data-element_type=\"widget\" data-e-type=\"widget\" data-widget_type=\"text-editor.default\">\n\t\t\t\t<div class=\"elementor-widget-container\">\n\t\t\t\t\t\t\t\t\tEl sobre se entrega abierto, con la etiqueta adhesiva aparte.\t\t\t\t\t\t\t\t<\/div>\n\t\t\t\t<\/div>\n\t\t\t\t<\/div>\n\t\t\t\t<\/div>\n\t\t\t\t<\/div>\n\t\t\t\t\t<\/div>\n\t\t\t\t<\/div>\n\t\t\t\t<\/div>\n\t\t","protected":false},"excerpt":{"rendered":"<p>\u00bfQuieres una l\u00e1mina con texto personalizado? Puedes elegir entre los diferentes modelos. Este dise\u00f1o y formato admite entre 1 y 12 palabras de texto m\u00e1ximo. Escribe el texto en el recuadro que encontrar\u00e1s encima del bot\u00f3n \u00abA\u00f1ade al carrito\u00bb y lo personalizar\u00e9 para ti. Esta l\u00e1mina es una reproducci\u00f3n de obra original con acuarela y&hellip;<\/p>\n","protected":false},"featured_media":63938,"comment_status":"open","ping_status":"closed","template":"","meta":[],"product_brand":[],"product_cat":[386,390,391],"product_tag":[],"class_list":{"0":"post-63924","1":"product","2":"type-product","3":"status-publish","4":"has-post-thumbnail","6":"product_cat-laminas","7":"product_cat-laminas-a4","8":"product_cat-laminas-personalizadas","10":"first","11":"instock","12":"taxable","13":"shipping-taxable","14":"purchasable","15":"product-type-simple"},"yoast_head":"<!-- This site is optimized with the Yoast SEO plugin v27.1 - https:\/\/yoast.com\/product\/yoast-seo-wordpress\/ -->\n<title>L\u00e1mina A4 con texto personalizado \u201cFondo Felicidad\u201d - Silvia Molas<\/title>\n<meta name=\"robots\" content=\"index, follow, max-snippet:-1, max-image-preview:large, max-video-preview:-1\" \/>\n<link rel=\"canonical\" href=\"https:\/\/silviamolas.com\/tienda\/lamines\/lamines-personalitzades\/lamina-a4-amb-text-personalitzat-fons-felicitat\/\" \/>\n<meta property=\"og:locale\" content=\"es_ES\" \/>\n<meta property=\"og:type\" content=\"article\" \/>\n<meta property=\"og:title\" content=\"L\u00e1mina A4 con texto personalizado \u201cFondo Felicidad\u201d - Silvia Molas\" \/>\n<meta property=\"og:description\" content=\"\u00bfQuieres una l\u00e1mina con texto personalizado? Puedes elegir entre los diferentes modelos. Este dise\u00f1o y formato admite entre 1 y 12 palabras de texto m\u00e1ximo. Escribe el texto en el recuadro que encontrar\u00e1s encima del bot\u00f3n \u00abA\u00f1ade al carrito\u00bb y lo personalizar\u00e9 para ti. Esta l\u00e1mina es una reproducci\u00f3n de obra original con acuarela y&hellip;\" \/>\n<meta property=\"og:url\" content=\"https:\/\/silviamolas.com\/tienda\/lamines\/lamines-personalitzades\/lamina-a4-amb-text-personalitzat-fons-felicitat\/\" \/>\n<meta property=\"og:site_name\" content=\"Silvia Molas\" \/>\n<meta property=\"article:modified_time\" content=\"2025-11-13T15:16:59+00:00\" \/>\n<meta property=\"og:image\" content=\"https:\/\/silviamolas.com\/wp-content\/uploads\/2025\/11\/LamA4_FondoFelicidad.jpg\" \/>\n\t<meta property=\"og:image:width\" content=\"1200\" \/>\n\t<meta property=\"og:image:height\" content=\"1200\" \/>\n\t<meta property=\"og:image:type\" content=\"image\/jpeg\" \/>\n<meta name=\"twitter:card\" content=\"summary_large_image\" \/>\n<meta name=\"twitter:label1\" content=\"Tiempo de lectura\" \/>\n\t<meta name=\"twitter:data1\" content=\"1 minuto\" \/>\n<script type=\"application\/ld+json\" class=\"yoast-schema-graph\">{\"@context\":\"https:\/\/schema.org\",\"@graph\":[{\"@type\":\"WebPage\",\"@id\":\"https:\/\/silviamolas.com\/tienda\/lamines\/lamines-personalitzades\/lamina-a4-amb-text-personalitzat-fons-felicitat\/\",\"url\":\"https:\/\/silviamolas.com\/tienda\/lamines\/lamines-personalitzades\/lamina-a4-amb-text-personalitzat-fons-felicitat\/\",\"name\":\"L\u00e1mina A4 con texto personalizado \u201cFondo Felicidad\u201d - Silvia Molas\",\"isPartOf\":{\"@id\":\"https:\/\/silviamolas.com\/#website\"},\"primaryImageOfPage\":{\"@id\":\"https:\/\/silviamolas.com\/tienda\/lamines\/lamines-personalitzades\/lamina-a4-amb-text-personalitzat-fons-felicitat\/#primaryimage\"},\"image\":{\"@id\":\"https:\/\/silviamolas.com\/tienda\/lamines\/lamines-personalitzades\/lamina-a4-amb-text-personalitzat-fons-felicitat\/#primaryimage\"},\"thumbnailUrl\":\"https:\/\/silviamolas.com\/wp-content\/uploads\/2025\/11\/LamA4_FondoFelicidad.jpg\",\"datePublished\":\"2025-11-13T15:10:28+00:00\",\"dateModified\":\"2025-11-13T15:16:59+00:00\",\"breadcrumb\":{\"@id\":\"https:\/\/silviamolas.com\/tienda\/lamines\/lamines-personalitzades\/lamina-a4-amb-text-personalitzat-fons-felicitat\/#breadcrumb\"},\"inLanguage\":\"es\",\"potentialAction\":[{\"@type\":\"ReadAction\",\"target\":[\"https:\/\/silviamolas.com\/tienda\/lamines\/lamines-personalitzades\/lamina-a4-amb-text-personalitzat-fons-felicitat\/\"]}]},{\"@type\":\"ImageObject\",\"inLanguage\":\"es\",\"@id\":\"https:\/\/silviamolas.com\/tienda\/lamines\/lamines-personalitzades\/lamina-a4-amb-text-personalitzat-fons-felicitat\/#primaryimage\",\"url\":\"https:\/\/silviamolas.com\/wp-content\/uploads\/2025\/11\/LamA4_FondoFelicidad.jpg\",\"contentUrl\":\"https:\/\/silviamolas.com\/wp-content\/uploads\/2025\/11\/LamA4_FondoFelicidad.jpg\",\"width\":1200,\"height\":1200,\"caption\":\"L\u00e0mina A4 amb text personalitzat \u201cFons Felicitat\u201d\"},{\"@type\":\"BreadcrumbList\",\"@id\":\"https:\/\/silviamolas.com\/tienda\/lamines\/lamines-personalitzades\/lamina-a4-amb-text-personalitzat-fons-felicitat\/#breadcrumb\",\"itemListElement\":[{\"@type\":\"ListItem\",\"position\":1,\"name\":\"Inici\",\"item\":\"https:\/\/silviamolas.com\/\"},{\"@type\":\"ListItem\",\"position\":2,\"name\":\"Tienda\",\"item\":\"https:\/\/silviamolas.com\/botiga\/\"},{\"@type\":\"ListItem\",\"position\":3,\"name\":\"L\u00e1mina A4 con texto personalizado \u201cFondo Felicidad\u201d\"}]},{\"@type\":\"WebSite\",\"@id\":\"https:\/\/silviamolas.com\/#website\",\"url\":\"https:\/\/silviamolas.com\/\",\"name\":\"Silvia Molas\",\"description\":\"Art conscient \u00b7 Regals amb cor\",\"publisher\":{\"@id\":\"https:\/\/silviamolas.com\/#organization\"},\"potentialAction\":[{\"@type\":\"SearchAction\",\"target\":{\"@type\":\"EntryPoint\",\"urlTemplate\":\"https:\/\/silviamolas.com\/?s={search_term_string}\"},\"query-input\":{\"@type\":\"PropertyValueSpecification\",\"valueRequired\":true,\"valueName\":\"search_term_string\"}}],\"inLanguage\":\"es\"},{\"@type\":\"Organization\",\"@id\":\"https:\/\/silviamolas.com\/#organization\",\"name\":\"Silvia Molas\",\"url\":\"https:\/\/silviamolas.com\/\",\"logo\":{\"@type\":\"ImageObject\",\"inLanguage\":\"es\",\"@id\":\"https:\/\/silviamolas.com\/#\/schema\/logo\/image\/\",\"url\":\"https:\/\/silviamolas.com\/wp-content\/uploads\/2025\/06\/silviamolas-logo.png\",\"contentUrl\":\"https:\/\/silviamolas.com\/wp-content\/uploads\/2025\/06\/silviamolas-logo.png\",\"width\":266,\"height\":65,\"caption\":\"Silvia Molas\"},\"image\":{\"@id\":\"https:\/\/silviamolas.com\/#\/schema\/logo\/image\/\"}}]}<\/script>\n<!-- \/ Yoast SEO plugin. -->","yoast_head_json":{"title":"L\u00e1mina A4 con texto personalizado \u201cFondo Felicidad\u201d - Silvia Molas","robots":{"index":"index","follow":"follow","max-snippet":"max-snippet:-1","max-image-preview":"max-image-preview:large","max-video-preview":"max-video-preview:-1"},"canonical":"https:\/\/silviamolas.com\/tienda\/lamines\/lamines-personalitzades\/lamina-a4-amb-text-personalitzat-fons-felicitat\/","og_locale":"es_ES","og_type":"article","og_title":"L\u00e1mina A4 con texto personalizado \u201cFondo Felicidad\u201d - Silvia Molas","og_description":"\u00bfQuieres una l\u00e1mina con texto personalizado? Puedes elegir entre los diferentes modelos. Este dise\u00f1o y formato admite entre 1 y 12 palabras de texto m\u00e1ximo. Escribe el texto en el recuadro que encontrar\u00e1s encima del bot\u00f3n \u00abA\u00f1ade al carrito\u00bb y lo personalizar\u00e9 para ti. Esta l\u00e1mina es una reproducci\u00f3n de obra original con acuarela y&hellip;","og_url":"https:\/\/silviamolas.com\/tienda\/lamines\/lamines-personalitzades\/lamina-a4-amb-text-personalitzat-fons-felicitat\/","og_site_name":"Silvia Molas","article_modified_time":"2025-11-13T15:16:59+00:00","og_image":[{"width":1200,"height":1200,"url":"https:\/\/silviamolas.com\/wp-content\/uploads\/2025\/11\/LamA4_FondoFelicidad.jpg","type":"image\/jpeg"}],"twitter_card":"summary_large_image","twitter_misc":{"Tiempo de lectura":"1 minuto"},"schema":{"@context":"https:\/\/schema.org","@graph":[{"@type":"WebPage","@id":"https:\/\/silviamolas.com\/tienda\/lamines\/lamines-personalitzades\/lamina-a4-amb-text-personalitzat-fons-felicitat\/","url":"https:\/\/silviamolas.com\/tienda\/lamines\/lamines-personalitzades\/lamina-a4-amb-text-personalitzat-fons-felicitat\/","name":"L\u00e1mina A4 con texto personalizado \u201cFondo Felicidad\u201d - Silvia Molas","isPartOf":{"@id":"https:\/\/silviamolas.com\/#website"},"primaryImageOfPage":{"@id":"https:\/\/silviamolas.com\/tienda\/lamines\/lamines-personalitzades\/lamina-a4-amb-text-personalitzat-fons-felicitat\/#primaryimage"},"image":{"@id":"https:\/\/silviamolas.com\/tienda\/lamines\/lamines-personalitzades\/lamina-a4-amb-text-personalitzat-fons-felicitat\/#primaryimage"},"thumbnailUrl":"https:\/\/silviamolas.com\/wp-content\/uploads\/2025\/11\/LamA4_FondoFelicidad.jpg","datePublished":"2025-11-13T15:10:28+00:00","dateModified":"2025-11-13T15:16:59+00:00","breadcrumb":{"@id":"https:\/\/silviamolas.com\/tienda\/lamines\/lamines-personalitzades\/lamina-a4-amb-text-personalitzat-fons-felicitat\/#breadcrumb"},"inLanguage":"es","potentialAction":[{"@type":"ReadAction","target":["https:\/\/silviamolas.com\/tienda\/lamines\/lamines-personalitzades\/lamina-a4-amb-text-personalitzat-fons-felicitat\/"]}]},{"@type":"ImageObject","inLanguage":"es","@id":"https:\/\/silviamolas.com\/tienda\/lamines\/lamines-personalitzades\/lamina-a4-amb-text-personalitzat-fons-felicitat\/#primaryimage","url":"https:\/\/silviamolas.com\/wp-content\/uploads\/2025\/11\/LamA4_FondoFelicidad.jpg","contentUrl":"https:\/\/silviamolas.com\/wp-content\/uploads\/2025\/11\/LamA4_FondoFelicidad.jpg","width":1200,"height":1200,"caption":"L\u00e0mina A4 amb text personalitzat \u201cFons Felicitat\u201d"},{"@type":"BreadcrumbList","@id":"https:\/\/silviamolas.com\/tienda\/lamines\/lamines-personalitzades\/lamina-a4-amb-text-personalitzat-fons-felicitat\/#breadcrumb","itemListElement":[{"@type":"ListItem","position":1,"name":"Inici","item":"https:\/\/silviamolas.com\/"},{"@type":"ListItem","position":2,"name":"Tienda","item":"https:\/\/silviamolas.com\/botiga\/"},{"@type":"ListItem","position":3,"name":"L\u00e1mina A4 con texto personalizado \u201cFondo Felicidad\u201d"}]},{"@type":"WebSite","@id":"https:\/\/silviamolas.com\/#website","url":"https:\/\/silviamolas.com\/","name":"Silvia Molas","description":"Art conscient \u00b7 Regals amb cor","publisher":{"@id":"https:\/\/silviamolas.com\/#organization"},"potentialAction":[{"@type":"SearchAction","target":{"@type":"EntryPoint","urlTemplate":"https:\/\/silviamolas.com\/?s={search_term_string}"},"query-input":{"@type":"PropertyValueSpecification","valueRequired":true,"valueName":"search_term_string"}}],"inLanguage":"es"},{"@type":"Organization","@id":"https:\/\/silviamolas.com\/#organization","name":"Silvia Molas","url":"https:\/\/silviamolas.com\/","logo":{"@type":"ImageObject","inLanguage":"es","@id":"https:\/\/silviamolas.com\/#\/schema\/logo\/image\/","url":"https:\/\/silviamolas.com\/wp-content\/uploads\/2025\/06\/silviamolas-logo.png","contentUrl":"https:\/\/silviamolas.com\/wp-content\/uploads\/2025\/06\/silviamolas-logo.png","width":266,"height":65,"caption":"Silvia Molas"},"image":{"@id":"https:\/\/silviamolas.com\/#\/schema\/logo\/image\/"}}]}},"jetpack_sharing_enabled":true,"_links":{"self":[{"href":"https:\/\/silviamolas.com\/es\/wp-json\/wp\/v2\/product\/63924","targetHints":{"allow":["GET"]}}],"collection":[{"href":"https:\/\/silviamolas.com\/es\/wp-json\/wp\/v2\/product"}],"about":[{"href":"https:\/\/silviamolas.com\/es\/wp-json\/wp\/v2\/types\/product"}],"replies":[{"embeddable":true,"href":"https:\/\/silviamolas.com\/es\/wp-json\/wp\/v2\/comments?post=63924"}],"version-history":[{"count":3,"href":"https:\/\/silviamolas.com\/es\/wp-json\/wp\/v2\/product\/63924\/revisions"}],"predecessor-version":[{"id":63949,"href":"https:\/\/silviamolas.com\/es\/wp-json\/wp\/v2\/product\/63924\/revisions\/63949"}],"wp:featuredmedia":[{"embeddable":true,"href":"https:\/\/silviamolas.com\/es\/wp-json\/wp\/v2\/media\/63938"}],"wp:attachment":[{"href":"https:\/\/silviamolas.com\/es\/wp-json\/wp\/v2\/media?parent=63924"}],"wp:term":[{"taxonomy":"product_brand","embeddable":true,"href":"https:\/\/silviamolas.com\/es\/wp-json\/wp\/v2\/product_brand?post=63924"},{"taxonomy":"product_cat","embeddable":true,"href":"https:\/\/silviamolas.com\/es\/wp-json\/wp\/v2\/product_cat?post=63924"},{"taxonomy":"product_tag","embeddable":true,"href":"https:\/\/silviamolas.com\/es\/wp-json\/wp\/v2\/product_tag?post=63924"}],"curies":[{"name":"wp","href":"https:\/\/api.w.org\/{rel}","templated":true}]}}