{"id":60380,"date":"2025-11-06T16:21:54","date_gmt":"2025-11-06T14:21:54","guid":{"rendered":"https:\/\/silviamolas.com\/?post_type=product&#038;p=60380"},"modified":"2025-11-12T11:55:37","modified_gmt":"2025-11-12T09:55:37","slug":"lamina-10x15-cm-confia-en-la-magia-de-los-nuevos-inicios","status":"publish","type":"product","link":"https:\/\/silviamolas.com\/es\/tienda\/laminas\/laminas-10x15cm\/lamina-10x15-cm-confia-en-la-magia-de-los-nuevos-inicios\/","title":{"rendered":"L\u00e1mina 10&#215;15 cm \u201cConf\u00eda en la magia de los nuevos inicios\u201d"},"content":{"rendered":"\t\t<div data-elementor-type=\"product-post\" data-elementor-id=\"60380\" class=\"elementor elementor-60380 elementor-60375\" data-elementor-post-type=\"product\">\n\t\t\t\t<div class=\"elementor-element elementor-element-ed7c97e e-flex e-con-boxed e-con e-parent\" data-id=\"ed7c97e\" data-element_type=\"container\" data-e-type=\"container\">\n\t\t\t\t\t<div class=\"e-con-inner\">\n\t\t<div class=\"elementor-element elementor-element-e302f10 e-con-full e-flex e-con e-child\" data-id=\"e302f10\" data-element_type=\"container\" data-e-type=\"container\">\n\t\t\t\t<div class=\"elementor-element elementor-element-ca1effd elementor-widget elementor-widget-text-editor\" data-id=\"ca1effd\" data-element_type=\"widget\" data-e-type=\"widget\" data-widget_type=\"text-editor.default\">\n\t\t\t\t<div class=\"elementor-widget-container\">\n\t\t\t\t\t\t\t\t\t<p>Esta l\u00e1mina es una reproducci\u00f3n de obra original con acuarela y tinta, creada con mucho amor.<\/p><p>Tienes la opci\u00f3n de acompa\u00f1arla con un sobre kraft personalizado a mano con el nombre de la persona que lo recibir\u00e1 y una etiqueta adhesiva de \u201cRegalos con coraz\u00f3n\u201d.<\/p>\t\t\t\t\t\t\t\t<\/div>\n\t\t\t\t<\/div>\n\t\t<div class=\"elementor-element elementor-element-1359368 e-con-full e-flex e-con e-child\" data-id=\"1359368\" data-element_type=\"container\" data-e-type=\"container\" data-settings=\"{&quot;background_background&quot;:&quot;classic&quot;}\">\n\t\t<div class=\"elementor-element elementor-element-bb3913b e-con-full e-flex e-con e-child\" data-id=\"bb3913b\" data-element_type=\"container\" data-e-type=\"container\">\n\t\t\t\t<div class=\"elementor-element elementor-element-870c9c5 elementor-widget elementor-widget-text-editor\" data-id=\"870c9c5\" data-element_type=\"widget\" data-e-type=\"widget\" data-widget_type=\"text-editor.default\">\n\t\t\t\t<div class=\"elementor-widget-container\">\n\t\t\t\t\t\t\t\t\tL\u00e1mina tama\u00f1o 10&#215;15 cm\t\t\t\t\t\t\t\t<\/div>\n\t\t\t\t<\/div>\n\t\t\t\t<\/div>\n\t\t<div class=\"elementor-element elementor-element-4ad2fae e-con-full e-flex e-con e-child\" data-id=\"4ad2fae\" data-element_type=\"container\" data-e-type=\"container\">\n\t\t\t\t<div class=\"elementor-element elementor-element-b6b28af elementor-widget elementor-widget-text-editor\" data-id=\"b6b28af\" data-element_type=\"widget\" data-e-type=\"widget\" data-widget_type=\"text-editor.default\">\n\t\t\t\t<div class=\"elementor-widget-container\">\n\t\t\t\t\t\t\t\t\tImpresa en cartulina de gran calidad de 300 gr.\t\t\t\t\t\t\t\t<\/div>\n\t\t\t\t<\/div>\n\t\t\t\t<\/div>\n\t\t<div class=\"elementor-element elementor-element-4357bf7 e-con-full e-flex e-con e-child\" data-id=\"4357bf7\" data-element_type=\"container\" data-e-type=\"container\">\n\t\t\t\t<div class=\"elementor-element elementor-element-0fb0d9f elementor-widget elementor-widget-text-editor\" data-id=\"0fb0d9f\" data-element_type=\"widget\" data-e-type=\"widget\" data-widget_type=\"text-editor.default\">\n\t\t\t\t<div class=\"elementor-widget-container\">\n\t\t\t\t\t\t\t\t\tReproducci\u00f3n de obra original, pintada con acuarela y tinta.\t\t\t\t\t\t\t\t<\/div>\n\t\t\t\t<\/div>\n\t\t\t\t<\/div>\n\t\t<div class=\"elementor-element elementor-element-0cb7428 e-con-full e-flex e-con e-child\" data-id=\"0cb7428\" data-element_type=\"container\" data-e-type=\"container\">\n\t\t\t\t<div class=\"elementor-element elementor-element-be2b9b7 elementor-widget elementor-widget-text-editor\" data-id=\"be2b9b7\" data-element_type=\"widget\" data-e-type=\"widget\" data-widget_type=\"text-editor.default\">\n\t\t\t\t<div class=\"elementor-widget-container\">\n\t\t\t\t\t\t\t\t\tCada l\u00e1mina se entrega dentro de su funda de pl\u00e1stico transparente con cierre autoadhesivo.\t\t\t\t\t\t\t\t<\/div>\n\t\t\t\t<\/div>\n\t\t\t\t<\/div>\n\t\t<div class=\"elementor-element elementor-element-d4b816c e-con-full e-flex e-con e-child\" data-id=\"d4b816c\" data-element_type=\"container\" data-e-type=\"container\">\n\t\t\t\t<div class=\"elementor-element elementor-element-d3ab5f7 elementor-widget elementor-widget-text-editor\" data-id=\"d3ab5f7\" data-element_type=\"widget\" data-e-type=\"widget\" data-widget_type=\"text-editor.default\">\n\t\t\t\t<div class=\"elementor-widget-container\">\n\t\t\t\t\t\t\t\t\tOpcional sobre de papel kraft personalizado con el nombre, con etiqueta adhesiva de \u201cRegalos con coraz\u00f3n\u201d.\t\t\t\t\t\t\t\t<\/div>\n\t\t\t\t<\/div>\n\t\t\t\t<\/div>\n\t\t<div class=\"elementor-element elementor-element-689dd0d e-con-full e-flex e-con e-child\" data-id=\"689dd0d\" data-element_type=\"container\" data-e-type=\"container\">\n\t\t\t\t<div class=\"elementor-element elementor-element-96f91e5 elementor-widget elementor-widget-text-editor\" data-id=\"96f91e5\" data-element_type=\"widget\" data-e-type=\"widget\" data-widget_type=\"text-editor.default\">\n\t\t\t\t<div class=\"elementor-widget-container\">\n\t\t\t\t\t\t\t\t\tEl sobre se entrega abierto, con la etiqueta adhesiva aparte.\t\t\t\t\t\t\t\t<\/div>\n\t\t\t\t<\/div>\n\t\t\t\t<\/div>\n\t\t\t\t<\/div>\n\t\t\t\t<\/div>\n\t\t\t\t\t<\/div>\n\t\t\t\t<\/div>\n\t\t\t\t<\/div>\n\t\t","protected":false},"excerpt":{"rendered":"<p>Ilustraci\u00f3n llena de luz y buena energ\u00eda, para inspirarte a confiar en la magia de la vida.<\/p>\n","protected":false},"featured_media":61936,"comment_status":"open","ping_status":"closed","template":"","meta":[],"product_brand":[],"product_cat":[386,387],"product_tag":[],"class_list":{"0":"post-60380","1":"product","2":"type-product","3":"status-publish","4":"has-post-thumbnail","6":"product_cat-laminas","7":"product_cat-laminas-10x15cm","8":"pa_idioma-catalan","9":"pa_idioma-castellano","11":"first","12":"instock","13":"taxable","14":"shipping-taxable","15":"purchasable","16":"product-type-variable"},"yoast_head":"<!-- This site is optimized with the Yoast SEO plugin v27.1 - https:\/\/yoast.com\/product\/yoast-seo-wordpress\/ -->\n<title>L\u00e1mina 10x15 cm \u201cConf\u00eda en la magia de los nuevos inicios\u201d - Silvia Molas<\/title>\n<meta name=\"robots\" content=\"index, follow, max-snippet:-1, max-image-preview:large, max-video-preview:-1\" \/>\n<link rel=\"canonical\" href=\"https:\/\/silviamolas.com\/tienda\/lamines\/lamines-10x15cm\/lamina-10x15-confia-en-la-magia-dels-nous-inicis\/\" \/>\n<meta property=\"og:locale\" content=\"es_ES\" \/>\n<meta property=\"og:type\" content=\"article\" \/>\n<meta property=\"og:title\" content=\"L\u00e1mina 10x15 cm \u201cConf\u00eda en la magia de los nuevos inicios\u201d - Silvia Molas\" \/>\n<meta property=\"og:description\" content=\"Ilustraci\u00f3n llena de luz y buena energ\u00eda, para inspirarte a confiar en la magia de la vida.\" \/>\n<meta property=\"og:url\" content=\"https:\/\/silviamolas.com\/tienda\/lamines\/lamines-10x15cm\/lamina-10x15-confia-en-la-magia-dels-nous-inicis\/\" \/>\n<meta property=\"og:site_name\" content=\"Silvia Molas\" \/>\n<meta property=\"article:modified_time\" content=\"2025-11-12T09:55:37+00:00\" \/>\n<meta property=\"og:image\" content=\"https:\/\/silviamolas.com\/wp-content\/uploads\/2025\/11\/Lam10x15_ConfiaEnLaMagiaDe_ESP-DESTACADA.jpg\" \/>\n\t<meta property=\"og:image:width\" content=\"1200\" \/>\n\t<meta property=\"og:image:height\" content=\"1200\" \/>\n\t<meta property=\"og:image:type\" content=\"image\/jpeg\" \/>\n<meta name=\"twitter:card\" content=\"summary_large_image\" \/>\n<meta name=\"twitter:label1\" content=\"Tiempo de lectura\" \/>\n\t<meta name=\"twitter:data1\" content=\"1 minuto\" \/>\n<script type=\"application\/ld+json\" class=\"yoast-schema-graph\">{\"@context\":\"https:\/\/schema.org\",\"@graph\":[{\"@type\":\"WebPage\",\"@id\":\"https:\/\/silviamolas.com\/tienda\/lamines\/lamines-10x15cm\/lamina-10x15-confia-en-la-magia-dels-nous-inicis\/\",\"url\":\"https:\/\/silviamolas.com\/tienda\/lamines\/lamines-10x15cm\/lamina-10x15-confia-en-la-magia-dels-nous-inicis\/\",\"name\":\"L\u00e1mina 10x15 cm \u201cConf\u00eda en la magia de los nuevos inicios\u201d - Silvia Molas\",\"isPartOf\":{\"@id\":\"https:\/\/silviamolas.com\/#website\"},\"primaryImageOfPage\":{\"@id\":\"https:\/\/silviamolas.com\/tienda\/lamines\/lamines-10x15cm\/lamina-10x15-confia-en-la-magia-dels-nous-inicis\/#primaryimage\"},\"image\":{\"@id\":\"https:\/\/silviamolas.com\/tienda\/lamines\/lamines-10x15cm\/lamina-10x15-confia-en-la-magia-dels-nous-inicis\/#primaryimage\"},\"thumbnailUrl\":\"https:\/\/silviamolas.com\/wp-content\/uploads\/2025\/11\/Lam10x15_ConfiaEnLaMagiaDe_ESP-DESTACADA.jpg\",\"datePublished\":\"2025-11-06T14:21:54+00:00\",\"dateModified\":\"2025-11-12T09:55:37+00:00\",\"breadcrumb\":{\"@id\":\"https:\/\/silviamolas.com\/tienda\/lamines\/lamines-10x15cm\/lamina-10x15-confia-en-la-magia-dels-nous-inicis\/#breadcrumb\"},\"inLanguage\":\"es\",\"potentialAction\":[{\"@type\":\"ReadAction\",\"target\":[\"https:\/\/silviamolas.com\/tienda\/lamines\/lamines-10x15cm\/lamina-10x15-confia-en-la-magia-dels-nous-inicis\/\"]}]},{\"@type\":\"ImageObject\",\"inLanguage\":\"es\",\"@id\":\"https:\/\/silviamolas.com\/tienda\/lamines\/lamines-10x15cm\/lamina-10x15-confia-en-la-magia-dels-nous-inicis\/#primaryimage\",\"url\":\"https:\/\/silviamolas.com\/wp-content\/uploads\/2025\/11\/Lam10x15_ConfiaEnLaMagiaDe_ESP-DESTACADA.jpg\",\"contentUrl\":\"https:\/\/silviamolas.com\/wp-content\/uploads\/2025\/11\/Lam10x15_ConfiaEnLaMagiaDe_ESP-DESTACADA.jpg\",\"width\":1200,\"height\":1200,\"caption\":\"L\u00e1mina 10x15 cm \u201cConf\u00eda en la magia de los nuevos inicios\u201d\"},{\"@type\":\"BreadcrumbList\",\"@id\":\"https:\/\/silviamolas.com\/tienda\/lamines\/lamines-10x15cm\/lamina-10x15-confia-en-la-magia-dels-nous-inicis\/#breadcrumb\",\"itemListElement\":[{\"@type\":\"ListItem\",\"position\":1,\"name\":\"Inici\",\"item\":\"https:\/\/silviamolas.com\/\"},{\"@type\":\"ListItem\",\"position\":2,\"name\":\"Tienda\",\"item\":\"https:\/\/silviamolas.com\/botiga\/\"},{\"@type\":\"ListItem\",\"position\":3,\"name\":\"L\u00e1mina 10&#215;15 cm \u201cConf\u00eda en la magia de los nuevos inicios\u201d\"}]},{\"@type\":\"WebSite\",\"@id\":\"https:\/\/silviamolas.com\/#website\",\"url\":\"https:\/\/silviamolas.com\/\",\"name\":\"Silvia Molas\",\"description\":\"Art conscient \u00b7 Regals amb cor\",\"publisher\":{\"@id\":\"https:\/\/silviamolas.com\/#organization\"},\"potentialAction\":[{\"@type\":\"SearchAction\",\"target\":{\"@type\":\"EntryPoint\",\"urlTemplate\":\"https:\/\/silviamolas.com\/?s={search_term_string}\"},\"query-input\":{\"@type\":\"PropertyValueSpecification\",\"valueRequired\":true,\"valueName\":\"search_term_string\"}}],\"inLanguage\":\"es\"},{\"@type\":\"Organization\",\"@id\":\"https:\/\/silviamolas.com\/#organization\",\"name\":\"Silvia Molas\",\"url\":\"https:\/\/silviamolas.com\/\",\"logo\":{\"@type\":\"ImageObject\",\"inLanguage\":\"es\",\"@id\":\"https:\/\/silviamolas.com\/#\/schema\/logo\/image\/\",\"url\":\"https:\/\/silviamolas.com\/wp-content\/uploads\/2025\/06\/silviamolas-logo.png\",\"contentUrl\":\"https:\/\/silviamolas.com\/wp-content\/uploads\/2025\/06\/silviamolas-logo.png\",\"width\":266,\"height\":65,\"caption\":\"Silvia Molas\"},\"image\":{\"@id\":\"https:\/\/silviamolas.com\/#\/schema\/logo\/image\/\"}}]}<\/script>\n<!-- \/ Yoast SEO plugin. -->","yoast_head_json":{"title":"L\u00e1mina 10x15 cm \u201cConf\u00eda en la magia de los nuevos inicios\u201d - Silvia Molas","robots":{"index":"index","follow":"follow","max-snippet":"max-snippet:-1","max-image-preview":"max-image-preview:large","max-video-preview":"max-video-preview:-1"},"canonical":"https:\/\/silviamolas.com\/tienda\/lamines\/lamines-10x15cm\/lamina-10x15-confia-en-la-magia-dels-nous-inicis\/","og_locale":"es_ES","og_type":"article","og_title":"L\u00e1mina 10x15 cm \u201cConf\u00eda en la magia de los nuevos inicios\u201d - Silvia Molas","og_description":"Ilustraci\u00f3n llena de luz y buena energ\u00eda, para inspirarte a confiar en la magia de la vida.","og_url":"https:\/\/silviamolas.com\/tienda\/lamines\/lamines-10x15cm\/lamina-10x15-confia-en-la-magia-dels-nous-inicis\/","og_site_name":"Silvia Molas","article_modified_time":"2025-11-12T09:55:37+00:00","og_image":[{"width":1200,"height":1200,"url":"https:\/\/silviamolas.com\/wp-content\/uploads\/2025\/11\/Lam10x15_ConfiaEnLaMagiaDe_ESP-DESTACADA.jpg","type":"image\/jpeg"}],"twitter_card":"summary_large_image","twitter_misc":{"Tiempo de lectura":"1 minuto"},"schema":{"@context":"https:\/\/schema.org","@graph":[{"@type":"WebPage","@id":"https:\/\/silviamolas.com\/tienda\/lamines\/lamines-10x15cm\/lamina-10x15-confia-en-la-magia-dels-nous-inicis\/","url":"https:\/\/silviamolas.com\/tienda\/lamines\/lamines-10x15cm\/lamina-10x15-confia-en-la-magia-dels-nous-inicis\/","name":"L\u00e1mina 10x15 cm \u201cConf\u00eda en la magia de los nuevos inicios\u201d - Silvia Molas","isPartOf":{"@id":"https:\/\/silviamolas.com\/#website"},"primaryImageOfPage":{"@id":"https:\/\/silviamolas.com\/tienda\/lamines\/lamines-10x15cm\/lamina-10x15-confia-en-la-magia-dels-nous-inicis\/#primaryimage"},"image":{"@id":"https:\/\/silviamolas.com\/tienda\/lamines\/lamines-10x15cm\/lamina-10x15-confia-en-la-magia-dels-nous-inicis\/#primaryimage"},"thumbnailUrl":"https:\/\/silviamolas.com\/wp-content\/uploads\/2025\/11\/Lam10x15_ConfiaEnLaMagiaDe_ESP-DESTACADA.jpg","datePublished":"2025-11-06T14:21:54+00:00","dateModified":"2025-11-12T09:55:37+00:00","breadcrumb":{"@id":"https:\/\/silviamolas.com\/tienda\/lamines\/lamines-10x15cm\/lamina-10x15-confia-en-la-magia-dels-nous-inicis\/#breadcrumb"},"inLanguage":"es","potentialAction":[{"@type":"ReadAction","target":["https:\/\/silviamolas.com\/tienda\/lamines\/lamines-10x15cm\/lamina-10x15-confia-en-la-magia-dels-nous-inicis\/"]}]},{"@type":"ImageObject","inLanguage":"es","@id":"https:\/\/silviamolas.com\/tienda\/lamines\/lamines-10x15cm\/lamina-10x15-confia-en-la-magia-dels-nous-inicis\/#primaryimage","url":"https:\/\/silviamolas.com\/wp-content\/uploads\/2025\/11\/Lam10x15_ConfiaEnLaMagiaDe_ESP-DESTACADA.jpg","contentUrl":"https:\/\/silviamolas.com\/wp-content\/uploads\/2025\/11\/Lam10x15_ConfiaEnLaMagiaDe_ESP-DESTACADA.jpg","width":1200,"height":1200,"caption":"L\u00e1mina 10x15 cm \u201cConf\u00eda en la magia de los nuevos inicios\u201d"},{"@type":"BreadcrumbList","@id":"https:\/\/silviamolas.com\/tienda\/lamines\/lamines-10x15cm\/lamina-10x15-confia-en-la-magia-dels-nous-inicis\/#breadcrumb","itemListElement":[{"@type":"ListItem","position":1,"name":"Inici","item":"https:\/\/silviamolas.com\/"},{"@type":"ListItem","position":2,"name":"Tienda","item":"https:\/\/silviamolas.com\/botiga\/"},{"@type":"ListItem","position":3,"name":"L\u00e1mina 10&#215;15 cm \u201cConf\u00eda en la magia de los nuevos inicios\u201d"}]},{"@type":"WebSite","@id":"https:\/\/silviamolas.com\/#website","url":"https:\/\/silviamolas.com\/","name":"Silvia Molas","description":"Art conscient \u00b7 Regals amb cor","publisher":{"@id":"https:\/\/silviamolas.com\/#organization"},"potentialAction":[{"@type":"SearchAction","target":{"@type":"EntryPoint","urlTemplate":"https:\/\/silviamolas.com\/?s={search_term_string}"},"query-input":{"@type":"PropertyValueSpecification","valueRequired":true,"valueName":"search_term_string"}}],"inLanguage":"es"},{"@type":"Organization","@id":"https:\/\/silviamolas.com\/#organization","name":"Silvia Molas","url":"https:\/\/silviamolas.com\/","logo":{"@type":"ImageObject","inLanguage":"es","@id":"https:\/\/silviamolas.com\/#\/schema\/logo\/image\/","url":"https:\/\/silviamolas.com\/wp-content\/uploads\/2025\/06\/silviamolas-logo.png","contentUrl":"https:\/\/silviamolas.com\/wp-content\/uploads\/2025\/06\/silviamolas-logo.png","width":266,"height":65,"caption":"Silvia Molas"},"image":{"@id":"https:\/\/silviamolas.com\/#\/schema\/logo\/image\/"}}]}},"jetpack_sharing_enabled":true,"_links":{"self":[{"href":"https:\/\/silviamolas.com\/es\/wp-json\/wp\/v2\/product\/60380","targetHints":{"allow":["GET"]}}],"collection":[{"href":"https:\/\/silviamolas.com\/es\/wp-json\/wp\/v2\/product"}],"about":[{"href":"https:\/\/silviamolas.com\/es\/wp-json\/wp\/v2\/types\/product"}],"replies":[{"embeddable":true,"href":"https:\/\/silviamolas.com\/es\/wp-json\/wp\/v2\/comments?post=60380"}],"version-history":[{"count":5,"href":"https:\/\/silviamolas.com\/es\/wp-json\/wp\/v2\/product\/60380\/revisions"}],"predecessor-version":[{"id":61781,"href":"https:\/\/silviamolas.com\/es\/wp-json\/wp\/v2\/product\/60380\/revisions\/61781"}],"wp:featuredmedia":[{"embeddable":true,"href":"https:\/\/silviamolas.com\/es\/wp-json\/wp\/v2\/media\/61936"}],"wp:attachment":[{"href":"https:\/\/silviamolas.com\/es\/wp-json\/wp\/v2\/media?parent=60380"}],"wp:term":[{"taxonomy":"product_brand","embeddable":true,"href":"https:\/\/silviamolas.com\/es\/wp-json\/wp\/v2\/product_brand?post=60380"},{"taxonomy":"product_cat","embeddable":true,"href":"https:\/\/silviamolas.com\/es\/wp-json\/wp\/v2\/product_cat?post=60380"},{"taxonomy":"product_tag","embeddable":true,"href":"https:\/\/silviamolas.com\/es\/wp-json\/wp\/v2\/product_tag?post=60380"}],"curies":[{"name":"wp","href":"https:\/\/api.w.org\/{rel}","templated":true}]}}