{"id":60325,"date":"2025-11-06T14:37:41","date_gmt":"2025-11-06T13:37:41","guid":{"rendered":"https:\/\/silviamolas.com\/?post_type=product&#038;p=60325"},"modified":"2025-11-06T16:31:53","modified_gmt":"2025-11-06T14:31:53","slug":"libreta-20x20-cm-arbol-dia-y-noche-celebremos-la-luz-abracemos-las-sombras","status":"publish","type":"product","link":"https:\/\/silviamolas.com\/es\/tienda\/libretas\/libretas-20x20cm\/libreta-20x20-cm-arbol-dia-y-noche-celebremos-la-luz-abracemos-las-sombras\/","title":{"rendered":"Libreta 20&#215;20 cm \u201c\u00c1rbol d\u00eda y noche\u201d. Celebremos la luz, abracemos las sombras."},"content":{"rendered":"\t\t<div data-elementor-type=\"product-post\" data-elementor-id=\"60325\" class=\"elementor elementor-60325 elementor-60320\" data-elementor-post-type=\"product\">\n\t\t\t\t<div class=\"elementor-element elementor-element-3d24648 e-flex e-con-boxed e-con e-parent\" data-id=\"3d24648\" data-element_type=\"container\" data-e-type=\"container\">\n\t\t\t\t\t<div class=\"e-con-inner\">\n\t\t<div class=\"elementor-element elementor-element-292f6d2 e-con-full e-flex e-con e-child\" data-id=\"292f6d2\" data-element_type=\"container\" data-e-type=\"container\">\n\t\t\t\t<div class=\"elementor-element elementor-element-b824861 elementor-widget elementor-widget-text-editor\" data-id=\"b824861\" data-element_type=\"widget\" data-e-type=\"widget\" data-widget_type=\"text-editor.default\">\n\t\t\t\t<div class=\"elementor-widget-container\">\n\t\t\t\t\t\t\t\t\t<p>Cada libreta tiene una energ\u00eda diferente y podr\u00e1s leer su mensaje en el dorso. Busca la que resuene para ti o para regalar. Y si quieres, te la personalizo con el nombre en la primera p\u00e1gina del interior.<\/p><p>Libreta cuadrada de formato grande.<\/p><p>Puedes utilizarla para escribir, \u00a0dibujar, como diario, &#8230; Insp\u00edrate con su buena energ\u00eda, y anota tus reflexiones, pensamientos, ideas, listas, prop\u00f3sitos, sue\u00f1os, proyectos, &#8230;<\/p>\t\t\t\t\t\t\t\t<\/div>\n\t\t\t\t<\/div>\n\t\t\t\t<div class=\"elementor-element elementor-element-ce87e53 elementor-widget elementor-widget-the7-accordion\" data-id=\"ce87e53\" data-element_type=\"widget\" data-e-type=\"widget\" data-widget_type=\"the7-accordion.default\">\n\t\t\t\t<div class=\"elementor-widget-container\">\n\t\t\t\t\t\t\t<div class=\"elementor-accordion the7-adv-accordion\" data-accordion-type=\"accordion\" role=\"tablist\">\n\t\t\t\t\t\t\t<div class=\"elementor-accordion-item\">\n\t\t\t\t\t<h4 id=\"elementor-tab-title-2161\" class=\"elementor-tab-title the7-accordion-header deactive-default\" data-tab=\"1\" role=\"tab\" aria-controls=\"elementor-tab-content-2161\">\n\n\t\t\t\t\t\t\t\t\t\t\t\t\t<span class=\"elementor-accordion-icon elementor-accordion-icon-right\" aria-hidden=\"true\">\n\t\t\t\t\t\t\t\t\t\t\t\t\t\t\t<span class=\"elementor-accordion-icon-closed\"><svg class=\"e-font-icon-svg e-fas-angle-down\" viewBox=\"0 0 320 512\" xmlns=\"http:\/\/www.w3.org\/2000\/svg\"><path d=\"M143 352.3L7 216.3c-9.4-9.4-9.4-24.6 0-33.9l22.6-22.6c9.4-9.4 24.6-9.4 33.9 0l96.4 96.4 96.4-96.4c9.4-9.4 24.6-9.4 33.9 0l22.6 22.6c9.4 9.4 9.4 24.6 0 33.9l-136 136c-9.2 9.4-24.4 9.4-33.8 0z\"><\/path><\/svg><\/span>\n\t\t\t\t\t\t\t\t\t\t\t\t\t\t\t\t\t<span class=\"elementor-accordion-icon-opened\"><svg class=\"e-font-icon-svg e-fas-angle-up\" viewBox=\"0 0 320 512\" xmlns=\"http:\/\/www.w3.org\/2000\/svg\"><path d=\"M177 159.7l136 136c9.4 9.4 9.4 24.6 0 33.9l-22.6 22.6c-9.4 9.4-24.6 9.4-33.9 0L160 255.9l-96.4 96.4c-9.4 9.4-24.6 9.4-33.9 0L7 329.7c-9.4-9.4-9.4-24.6 0-33.9l136-136c9.4-9.5 24.6-9.5 34-.1z\"><\/path><\/svg><\/span>\n\t\t\t\t\t\t\t\t\t\t\t\t\t\t\t\t\t\t\t\t\t\t<\/span>\n\t\t\t\t\t\t\t\t\t\t\t\t\t\t\t\t\t\t<a class=\"elementor-accordion-title\" href=\"\">Encuadernaci\u00f3n<\/a>\n\t\t\t\t\t<\/h4>\n\t\t\t\t\t<div id=\"elementor-tab-content-2161\" class=\"elementor-tab-content elementor-clearfix deactive-default\" data-tab=\"1\" role=\"tabpanel\" aria-labelledby=\"elementor-tab-title-2161\"><p>Encuadernada y montada una a una, cuidando todos los detalles para conseguir la m\u00e1xima calidad.<\/p><ul><li>Su tapa es dura y resistente, y lleva un laminado mate para protegerla de la humedad y manchas.<\/li><li>Los cantos son redondeados para un tacto m\u00e1s agradable y est\u00e1n encuadernadas en espiral.<\/li><li>El interior contiene 80 hojas lisas de papel reciclado (160 p\u00e1ginas), de alta calidad y gramaje muy consistente (115 gr), lo que permite escribir o pintar con rotulador y que no traspase.<\/li><\/ul><\/div>\n\t\t\t\t<\/div>\n\t\t\t\t\t\t\t<div class=\"elementor-accordion-item\">\n\t\t\t\t\t<h4 id=\"elementor-tab-title-2162\" class=\"elementor-tab-title the7-accordion-header\" data-tab=\"2\" role=\"tab\" aria-controls=\"elementor-tab-content-2162\">\n\n\t\t\t\t\t\t\t\t\t\t\t\t\t<span class=\"elementor-accordion-icon elementor-accordion-icon-right\" aria-hidden=\"true\">\n\t\t\t\t\t\t\t\t\t\t\t\t\t\t\t<span class=\"elementor-accordion-icon-closed\"><svg class=\"e-font-icon-svg e-fas-angle-down\" viewBox=\"0 0 320 512\" xmlns=\"http:\/\/www.w3.org\/2000\/svg\"><path d=\"M143 352.3L7 216.3c-9.4-9.4-9.4-24.6 0-33.9l22.6-22.6c9.4-9.4 24.6-9.4 33.9 0l96.4 96.4 96.4-96.4c9.4-9.4 24.6-9.4 33.9 0l22.6 22.6c9.4 9.4 9.4 24.6 0 33.9l-136 136c-9.2 9.4-24.4 9.4-33.8 0z\"><\/path><\/svg><\/span>\n\t\t\t\t\t\t\t\t\t\t\t\t\t\t\t\t\t<span class=\"elementor-accordion-icon-opened\"><svg class=\"e-font-icon-svg e-fas-angle-up\" viewBox=\"0 0 320 512\" xmlns=\"http:\/\/www.w3.org\/2000\/svg\"><path d=\"M177 159.7l136 136c9.4 9.4 9.4 24.6 0 33.9l-22.6 22.6c-9.4 9.4-24.6 9.4-33.9 0L160 255.9l-96.4 96.4c-9.4 9.4-24.6 9.4-33.9 0L7 329.7c-9.4-9.4-9.4-24.6 0-33.9l136-136c9.4-9.5 24.6-9.5 34-.1z\"><\/path><\/svg><\/span>\n\t\t\t\t\t\t\t\t\t\t\t\t\t\t\t\t\t\t\t\t\t\t<\/span>\n\t\t\t\t\t\t\t\t\t\t\t\t\t\t\t\t\t\t<a class=\"elementor-accordion-title\" href=\"\">\u00bfLa quieres personalizada?<\/a>\n\t\t\t\t\t<\/h4>\n\t\t\t\t\t<div id=\"elementor-tab-content-2162\" class=\"elementor-tab-content elementor-clearfix\" data-tab=\"2\" role=\"tabpanel\" aria-labelledby=\"elementor-tab-title-2162\"><p><strong>OPCI\u00d3N NOMBRE PERSONALIZADO (INCLUIDO EN EL PRECIO):<\/strong><\/p><p>Personaliza tu libreta escribiendo aqu\u00ed tu nombre o el de la persona que recibir\u00e1 la libreta, y yo lo escribir\u00e9 con mucho amor en la primera p\u00e1gina del interior.<\/p><p>\u00a1Peque\u00f1os grandes detalles que marcan la diferencia!<\/p><\/div>\n\t\t\t\t<\/div>\n\t\t\t\t\t<\/div>\n\t\t\t\t\t\t<\/div>\n\t\t\t\t<\/div>\n\t\t<div class=\"elementor-element elementor-element-2094c87 e-con-full e-flex e-con e-child\" data-id=\"2094c87\" data-element_type=\"container\" data-e-type=\"container\" data-settings=\"{&quot;background_background&quot;:&quot;classic&quot;}\">\n\t\t<div class=\"elementor-element elementor-element-9a1d4ee e-con-full e-flex e-con e-child\" data-id=\"9a1d4ee\" data-element_type=\"container\" data-e-type=\"container\">\n\t\t\t\t<div class=\"elementor-element elementor-element-a877387 elementor-widget elementor-widget-text-editor\" data-id=\"a877387\" data-element_type=\"widget\" data-e-type=\"widget\" data-widget_type=\"text-editor.default\">\n\t\t\t\t<div class=\"elementor-widget-container\">\n\t\t\t\t\t\t\t\t\tLibreta tama\u00f1o 20&#215;20 cm \t\t\t\t\t\t\t\t<\/div>\n\t\t\t\t<\/div>\n\t\t\t\t<\/div>\n\t\t<div class=\"elementor-element elementor-element-2bb636d e-con-full e-flex e-con e-child\" data-id=\"2bb636d\" data-element_type=\"container\" data-e-type=\"container\">\n\t\t\t\t<div class=\"elementor-element elementor-element-a656967 elementor-widget elementor-widget-text-editor\" data-id=\"a656967\" data-element_type=\"widget\" data-e-type=\"widget\" data-widget_type=\"text-editor.default\">\n\t\t\t\t<div class=\"elementor-widget-container\">\n\t\t\t\t\t\t\t\t\tTapa dura\t\t\t\t\t\t\t\t<\/div>\n\t\t\t\t<\/div>\n\t\t\t\t<\/div>\n\t\t<div class=\"elementor-element elementor-element-f1644e5 e-con-full e-flex e-con e-child\" data-id=\"f1644e5\" data-element_type=\"container\" data-e-type=\"container\">\n\t\t\t\t<div class=\"elementor-element elementor-element-f2693fc elementor-widget elementor-widget-text-editor\" data-id=\"f2693fc\" data-element_type=\"widget\" data-e-type=\"widget\" data-widget_type=\"text-editor.default\">\n\t\t\t\t<div class=\"elementor-widget-container\">\n\t\t\t\t\t\t\t\t\t80 hojas papel reciclado (160 p\u00e1ginas)\t\t\t\t\t\t\t\t<\/div>\n\t\t\t\t<\/div>\n\t\t\t\t<\/div>\n\t\t\t\t<\/div>\n\t\t\t\t<\/div>\n\t\t\t\t\t<\/div>\n\t\t\t\t<\/div>\n\t\t\t\t<\/div>\n\t\t","protected":false},"excerpt":{"rendered":"<p>Libreta 20&#215;20 cm \u201c\u00c1rbol d\u00eda y noche\u201d. Celebremos la luz, abracemos las sombras.<\/p>\n","protected":false},"featured_media":60360,"comment_status":"open","ping_status":"closed","template":"","meta":[],"product_brand":[],"product_cat":[385,393],"product_tag":[],"class_list":{"0":"post-60325","1":"product","2":"type-product","3":"status-publish","4":"has-post-thumbnail","6":"product_cat-libretas","7":"product_cat-libretas-20x20cm","9":"first","10":"instock","11":"taxable","12":"shipping-taxable","13":"purchasable","14":"product-type-simple"},"yoast_head":"<!-- This site is optimized with the Yoast SEO plugin v27.1 - https:\/\/yoast.com\/product\/yoast-seo-wordpress\/ -->\n<title>Libreta 20x20 cm \u201c\u00c1rbol d\u00eda y noche\u201d. Celebremos la luz, abracemos las sombras. - Silvia Molas<\/title>\n<meta name=\"robots\" content=\"index, follow, max-snippet:-1, max-image-preview:large, max-video-preview:-1\" \/>\n<link rel=\"canonical\" href=\"https:\/\/silviamolas.com\/tienda\/llibretes\/llibretes-20x20cm\/llibreta-20x20-cm-arbre-dia-i-nit-celebrem-la-llum-abracem-les-ombres\/\" \/>\n<meta property=\"og:locale\" content=\"es_ES\" \/>\n<meta property=\"og:type\" content=\"article\" \/>\n<meta property=\"og:title\" content=\"Libreta 20x20 cm \u201c\u00c1rbol d\u00eda y noche\u201d. Celebremos la luz, abracemos las sombras. - Silvia Molas\" \/>\n<meta property=\"og:description\" content=\"Libreta 20x20 cm \u201c\u00c1rbol d\u00eda y noche\u201d. Celebremos la luz, abracemos las sombras.\" \/>\n<meta property=\"og:url\" content=\"https:\/\/silviamolas.com\/tienda\/llibretes\/llibretes-20x20cm\/llibreta-20x20-cm-arbre-dia-i-nit-celebrem-la-llum-abracem-les-ombres\/\" \/>\n<meta property=\"og:site_name\" content=\"Silvia Molas\" \/>\n<meta property=\"article:modified_time\" content=\"2025-11-06T14:31:53+00:00\" \/>\n<meta property=\"og:image\" content=\"https:\/\/silviamolas.com\/wp-content\/uploads\/2025\/11\/Libreta_20x20_Arbre_DiaNit_Foto1.jpg\" \/>\n\t<meta property=\"og:image:width\" content=\"1400\" \/>\n\t<meta property=\"og:image:height\" content=\"1400\" \/>\n\t<meta property=\"og:image:type\" content=\"image\/jpeg\" \/>\n<meta name=\"twitter:card\" content=\"summary_large_image\" \/>\n<meta name=\"twitter:label1\" content=\"Tiempo de lectura\" \/>\n\t<meta name=\"twitter:data1\" content=\"1 minuto\" \/>\n<script type=\"application\/ld+json\" class=\"yoast-schema-graph\">{\"@context\":\"https:\/\/schema.org\",\"@graph\":[{\"@type\":\"WebPage\",\"@id\":\"https:\/\/silviamolas.com\/tienda\/llibretes\/llibretes-20x20cm\/llibreta-20x20-cm-arbre-dia-i-nit-celebrem-la-llum-abracem-les-ombres\/\",\"url\":\"https:\/\/silviamolas.com\/tienda\/llibretes\/llibretes-20x20cm\/llibreta-20x20-cm-arbre-dia-i-nit-celebrem-la-llum-abracem-les-ombres\/\",\"name\":\"Libreta 20x20 cm \u201c\u00c1rbol d\u00eda y noche\u201d. Celebremos la luz, abracemos las sombras. - Silvia Molas\",\"isPartOf\":{\"@id\":\"https:\/\/silviamolas.com\/#website\"},\"primaryImageOfPage\":{\"@id\":\"https:\/\/silviamolas.com\/tienda\/llibretes\/llibretes-20x20cm\/llibreta-20x20-cm-arbre-dia-i-nit-celebrem-la-llum-abracem-les-ombres\/#primaryimage\"},\"image\":{\"@id\":\"https:\/\/silviamolas.com\/tienda\/llibretes\/llibretes-20x20cm\/llibreta-20x20-cm-arbre-dia-i-nit-celebrem-la-llum-abracem-les-ombres\/#primaryimage\"},\"thumbnailUrl\":\"https:\/\/silviamolas.com\/wp-content\/uploads\/2025\/11\/Libreta_20x20_Arbre_DiaNit_Foto1.jpg\",\"datePublished\":\"2025-11-06T13:37:41+00:00\",\"dateModified\":\"2025-11-06T14:31:53+00:00\",\"breadcrumb\":{\"@id\":\"https:\/\/silviamolas.com\/tienda\/llibretes\/llibretes-20x20cm\/llibreta-20x20-cm-arbre-dia-i-nit-celebrem-la-llum-abracem-les-ombres\/#breadcrumb\"},\"inLanguage\":\"es\",\"potentialAction\":[{\"@type\":\"ReadAction\",\"target\":[\"https:\/\/silviamolas.com\/tienda\/llibretes\/llibretes-20x20cm\/llibreta-20x20-cm-arbre-dia-i-nit-celebrem-la-llum-abracem-les-ombres\/\"]}]},{\"@type\":\"ImageObject\",\"inLanguage\":\"es\",\"@id\":\"https:\/\/silviamolas.com\/tienda\/llibretes\/llibretes-20x20cm\/llibreta-20x20-cm-arbre-dia-i-nit-celebrem-la-llum-abracem-les-ombres\/#primaryimage\",\"url\":\"https:\/\/silviamolas.com\/wp-content\/uploads\/2025\/11\/Libreta_20x20_Arbre_DiaNit_Foto1.jpg\",\"contentUrl\":\"https:\/\/silviamolas.com\/wp-content\/uploads\/2025\/11\/Libreta_20x20_Arbre_DiaNit_Foto1.jpg\",\"width\":1400,\"height\":1400,\"caption\":\"Arbre_DiaNit\"},{\"@type\":\"BreadcrumbList\",\"@id\":\"https:\/\/silviamolas.com\/tienda\/llibretes\/llibretes-20x20cm\/llibreta-20x20-cm-arbre-dia-i-nit-celebrem-la-llum-abracem-les-ombres\/#breadcrumb\",\"itemListElement\":[{\"@type\":\"ListItem\",\"position\":1,\"name\":\"Inici\",\"item\":\"https:\/\/silviamolas.com\/\"},{\"@type\":\"ListItem\",\"position\":2,\"name\":\"Tienda\",\"item\":\"https:\/\/silviamolas.com\/botiga\/\"},{\"@type\":\"ListItem\",\"position\":3,\"name\":\"Libreta 20&#215;20 cm \u201c\u00c1rbol d\u00eda y noche\u201d. Celebremos la luz, abracemos las sombras.\"}]},{\"@type\":\"WebSite\",\"@id\":\"https:\/\/silviamolas.com\/#website\",\"url\":\"https:\/\/silviamolas.com\/\",\"name\":\"Silvia Molas\",\"description\":\"Art conscient \u00b7 Regals amb cor\",\"publisher\":{\"@id\":\"https:\/\/silviamolas.com\/#organization\"},\"potentialAction\":[{\"@type\":\"SearchAction\",\"target\":{\"@type\":\"EntryPoint\",\"urlTemplate\":\"https:\/\/silviamolas.com\/?s={search_term_string}\"},\"query-input\":{\"@type\":\"PropertyValueSpecification\",\"valueRequired\":true,\"valueName\":\"search_term_string\"}}],\"inLanguage\":\"es\"},{\"@type\":\"Organization\",\"@id\":\"https:\/\/silviamolas.com\/#organization\",\"name\":\"Silvia Molas\",\"url\":\"https:\/\/silviamolas.com\/\",\"logo\":{\"@type\":\"ImageObject\",\"inLanguage\":\"es\",\"@id\":\"https:\/\/silviamolas.com\/#\/schema\/logo\/image\/\",\"url\":\"https:\/\/silviamolas.com\/wp-content\/uploads\/2025\/06\/silviamolas-logo.png\",\"contentUrl\":\"https:\/\/silviamolas.com\/wp-content\/uploads\/2025\/06\/silviamolas-logo.png\",\"width\":266,\"height\":65,\"caption\":\"Silvia Molas\"},\"image\":{\"@id\":\"https:\/\/silviamolas.com\/#\/schema\/logo\/image\/\"}}]}<\/script>\n<!-- \/ Yoast SEO plugin. -->","yoast_head_json":{"title":"Libreta 20x20 cm \u201c\u00c1rbol d\u00eda y noche\u201d. Celebremos la luz, abracemos las sombras. - Silvia Molas","robots":{"index":"index","follow":"follow","max-snippet":"max-snippet:-1","max-image-preview":"max-image-preview:large","max-video-preview":"max-video-preview:-1"},"canonical":"https:\/\/silviamolas.com\/tienda\/llibretes\/llibretes-20x20cm\/llibreta-20x20-cm-arbre-dia-i-nit-celebrem-la-llum-abracem-les-ombres\/","og_locale":"es_ES","og_type":"article","og_title":"Libreta 20x20 cm \u201c\u00c1rbol d\u00eda y noche\u201d. Celebremos la luz, abracemos las sombras. - Silvia Molas","og_description":"Libreta 20x20 cm \u201c\u00c1rbol d\u00eda y noche\u201d. Celebremos la luz, abracemos las sombras.","og_url":"https:\/\/silviamolas.com\/tienda\/llibretes\/llibretes-20x20cm\/llibreta-20x20-cm-arbre-dia-i-nit-celebrem-la-llum-abracem-les-ombres\/","og_site_name":"Silvia Molas","article_modified_time":"2025-11-06T14:31:53+00:00","og_image":[{"width":1400,"height":1400,"url":"https:\/\/silviamolas.com\/wp-content\/uploads\/2025\/11\/Libreta_20x20_Arbre_DiaNit_Foto1.jpg","type":"image\/jpeg"}],"twitter_card":"summary_large_image","twitter_misc":{"Tiempo de lectura":"1 minuto"},"schema":{"@context":"https:\/\/schema.org","@graph":[{"@type":"WebPage","@id":"https:\/\/silviamolas.com\/tienda\/llibretes\/llibretes-20x20cm\/llibreta-20x20-cm-arbre-dia-i-nit-celebrem-la-llum-abracem-les-ombres\/","url":"https:\/\/silviamolas.com\/tienda\/llibretes\/llibretes-20x20cm\/llibreta-20x20-cm-arbre-dia-i-nit-celebrem-la-llum-abracem-les-ombres\/","name":"Libreta 20x20 cm \u201c\u00c1rbol d\u00eda y noche\u201d. Celebremos la luz, abracemos las sombras. - Silvia Molas","isPartOf":{"@id":"https:\/\/silviamolas.com\/#website"},"primaryImageOfPage":{"@id":"https:\/\/silviamolas.com\/tienda\/llibretes\/llibretes-20x20cm\/llibreta-20x20-cm-arbre-dia-i-nit-celebrem-la-llum-abracem-les-ombres\/#primaryimage"},"image":{"@id":"https:\/\/silviamolas.com\/tienda\/llibretes\/llibretes-20x20cm\/llibreta-20x20-cm-arbre-dia-i-nit-celebrem-la-llum-abracem-les-ombres\/#primaryimage"},"thumbnailUrl":"https:\/\/silviamolas.com\/wp-content\/uploads\/2025\/11\/Libreta_20x20_Arbre_DiaNit_Foto1.jpg","datePublished":"2025-11-06T13:37:41+00:00","dateModified":"2025-11-06T14:31:53+00:00","breadcrumb":{"@id":"https:\/\/silviamolas.com\/tienda\/llibretes\/llibretes-20x20cm\/llibreta-20x20-cm-arbre-dia-i-nit-celebrem-la-llum-abracem-les-ombres\/#breadcrumb"},"inLanguage":"es","potentialAction":[{"@type":"ReadAction","target":["https:\/\/silviamolas.com\/tienda\/llibretes\/llibretes-20x20cm\/llibreta-20x20-cm-arbre-dia-i-nit-celebrem-la-llum-abracem-les-ombres\/"]}]},{"@type":"ImageObject","inLanguage":"es","@id":"https:\/\/silviamolas.com\/tienda\/llibretes\/llibretes-20x20cm\/llibreta-20x20-cm-arbre-dia-i-nit-celebrem-la-llum-abracem-les-ombres\/#primaryimage","url":"https:\/\/silviamolas.com\/wp-content\/uploads\/2025\/11\/Libreta_20x20_Arbre_DiaNit_Foto1.jpg","contentUrl":"https:\/\/silviamolas.com\/wp-content\/uploads\/2025\/11\/Libreta_20x20_Arbre_DiaNit_Foto1.jpg","width":1400,"height":1400,"caption":"Arbre_DiaNit"},{"@type":"BreadcrumbList","@id":"https:\/\/silviamolas.com\/tienda\/llibretes\/llibretes-20x20cm\/llibreta-20x20-cm-arbre-dia-i-nit-celebrem-la-llum-abracem-les-ombres\/#breadcrumb","itemListElement":[{"@type":"ListItem","position":1,"name":"Inici","item":"https:\/\/silviamolas.com\/"},{"@type":"ListItem","position":2,"name":"Tienda","item":"https:\/\/silviamolas.com\/botiga\/"},{"@type":"ListItem","position":3,"name":"Libreta 20&#215;20 cm \u201c\u00c1rbol d\u00eda y noche\u201d. Celebremos la luz, abracemos las sombras."}]},{"@type":"WebSite","@id":"https:\/\/silviamolas.com\/#website","url":"https:\/\/silviamolas.com\/","name":"Silvia Molas","description":"Art conscient \u00b7 Regals amb cor","publisher":{"@id":"https:\/\/silviamolas.com\/#organization"},"potentialAction":[{"@type":"SearchAction","target":{"@type":"EntryPoint","urlTemplate":"https:\/\/silviamolas.com\/?s={search_term_string}"},"query-input":{"@type":"PropertyValueSpecification","valueRequired":true,"valueName":"search_term_string"}}],"inLanguage":"es"},{"@type":"Organization","@id":"https:\/\/silviamolas.com\/#organization","name":"Silvia Molas","url":"https:\/\/silviamolas.com\/","logo":{"@type":"ImageObject","inLanguage":"es","@id":"https:\/\/silviamolas.com\/#\/schema\/logo\/image\/","url":"https:\/\/silviamolas.com\/wp-content\/uploads\/2025\/06\/silviamolas-logo.png","contentUrl":"https:\/\/silviamolas.com\/wp-content\/uploads\/2025\/06\/silviamolas-logo.png","width":266,"height":65,"caption":"Silvia Molas"},"image":{"@id":"https:\/\/silviamolas.com\/#\/schema\/logo\/image\/"}}]}},"jetpack_sharing_enabled":true,"_links":{"self":[{"href":"https:\/\/silviamolas.com\/es\/wp-json\/wp\/v2\/product\/60325","targetHints":{"allow":["GET"]}}],"collection":[{"href":"https:\/\/silviamolas.com\/es\/wp-json\/wp\/v2\/product"}],"about":[{"href":"https:\/\/silviamolas.com\/es\/wp-json\/wp\/v2\/types\/product"}],"replies":[{"embeddable":true,"href":"https:\/\/silviamolas.com\/es\/wp-json\/wp\/v2\/comments?post=60325"}],"version-history":[{"count":7,"href":"https:\/\/silviamolas.com\/es\/wp-json\/wp\/v2\/product\/60325\/revisions"}],"predecessor-version":[{"id":61764,"href":"https:\/\/silviamolas.com\/es\/wp-json\/wp\/v2\/product\/60325\/revisions\/61764"}],"wp:featuredmedia":[{"embeddable":true,"href":"https:\/\/silviamolas.com\/es\/wp-json\/wp\/v2\/media\/60360"}],"wp:attachment":[{"href":"https:\/\/silviamolas.com\/es\/wp-json\/wp\/v2\/media?parent=60325"}],"wp:term":[{"taxonomy":"product_brand","embeddable":true,"href":"https:\/\/silviamolas.com\/es\/wp-json\/wp\/v2\/product_brand?post=60325"},{"taxonomy":"product_cat","embeddable":true,"href":"https:\/\/silviamolas.com\/es\/wp-json\/wp\/v2\/product_cat?post=60325"},{"taxonomy":"product_tag","embeddable":true,"href":"https:\/\/silviamolas.com\/es\/wp-json\/wp\/v2\/product_tag?post=60325"}],"curies":[{"name":"wp","href":"https:\/\/api.w.org\/{rel}","templated":true}]}}