{"id":60059,"date":"2025-11-06T09:56:14","date_gmt":"2025-11-06T07:56:14","guid":{"rendered":"https:\/\/silviamolas.com\/?post_type=product&#038;p=60059"},"modified":"2025-11-12T12:12:29","modified_gmt":"2025-11-12T10:12:29","slug":"lamina-14x14-cm-suena-en-grande","status":"publish","type":"product","link":"https:\/\/silviamolas.com\/es\/tienda\/laminas\/laminas-14x14cm\/lamina-14x14-cm-suena-en-grande\/","title":{"rendered":"L\u00e1mina 14&#215;14 cm \u201cSue\u00f1a en grande\u201d"},"content":{"rendered":"\t\t<div data-elementor-type=\"product-post\" data-elementor-id=\"60059\" class=\"elementor elementor-60059 elementor-60054\" data-elementor-post-type=\"product\">\n\t\t\t\t<div class=\"elementor-element elementor-element-ed7c97e e-flex e-con-boxed e-con e-parent\" data-id=\"ed7c97e\" data-element_type=\"container\" data-e-type=\"container\">\n\t\t\t\t\t<div class=\"e-con-inner\">\n\t\t<div class=\"elementor-element elementor-element-e302f10 e-con-full e-flex e-con e-child\" data-id=\"e302f10\" data-element_type=\"container\" data-e-type=\"container\">\n\t\t\t\t<div class=\"elementor-element elementor-element-ca1effd elementor-widget elementor-widget-text-editor\" data-id=\"ca1effd\" data-element_type=\"widget\" data-e-type=\"widget\" data-widget_type=\"text-editor.default\">\n\t\t\t\t<div class=\"elementor-widget-container\">\n\t\t\t\t\t\t\t\t\tTienes la opci\u00f3n de acompa\u00f1arla con un sobre kraft personalizado a mano con el nombre de la persona que lo recibir\u00e1 y una etiqueta adhesiva de \u201cRegalos con coraz\u00f3n\u201d.\t\t\t\t\t\t\t\t<\/div>\n\t\t\t\t<\/div>\n\t\t<div class=\"elementor-element elementor-element-5f87f83 e-con-full e-flex e-con e-child\" data-id=\"5f87f83\" data-element_type=\"container\" data-e-type=\"container\" data-settings=\"{&quot;background_background&quot;:&quot;classic&quot;}\">\n\t\t<div class=\"elementor-element elementor-element-6da812f e-con-full e-flex e-con e-child\" data-id=\"6da812f\" data-element_type=\"container\" data-e-type=\"container\">\n\t\t\t\t<div class=\"elementor-element elementor-element-c9ab25f elementor-widget elementor-widget-text-editor\" data-id=\"c9ab25f\" data-element_type=\"widget\" data-e-type=\"widget\" data-widget_type=\"text-editor.default\">\n\t\t\t\t<div class=\"elementor-widget-container\">\n\t\t\t\t\t\t\t\t\t<p>L\u00e1mina tama\u00f1o 14&#215;14 cm<\/p>\t\t\t\t\t\t\t\t<\/div>\n\t\t\t\t<\/div>\n\t\t\t\t<\/div>\n\t\t<div class=\"elementor-element elementor-element-7e653fb e-con-full e-flex e-con e-child\" data-id=\"7e653fb\" data-element_type=\"container\" data-e-type=\"container\">\n\t\t\t\t<div class=\"elementor-element elementor-element-a2ff842 elementor-widget elementor-widget-text-editor\" data-id=\"a2ff842\" data-element_type=\"widget\" data-e-type=\"widget\" data-widget_type=\"text-editor.default\">\n\t\t\t\t<div class=\"elementor-widget-container\">\n\t\t\t\t\t\t\t\t\t<p>Impresa en cartulina de gran calidad de 300 gr.<\/p>\t\t\t\t\t\t\t\t<\/div>\n\t\t\t\t<\/div>\n\t\t\t\t<\/div>\n\t\t<div class=\"elementor-element elementor-element-861fc4b e-con-full e-flex e-con e-child\" data-id=\"861fc4b\" data-element_type=\"container\" data-e-type=\"container\">\n\t\t\t\t<div class=\"elementor-element elementor-element-bf830d3 elementor-widget elementor-widget-text-editor\" data-id=\"bf830d3\" data-element_type=\"widget\" data-e-type=\"widget\" data-widget_type=\"text-editor.default\">\n\t\t\t\t<div class=\"elementor-widget-container\">\n\t\t\t\t\t\t\t\t\t<p>Reproducci\u00f3n de obra original, pintada con acuarela y tinta.<\/p>\t\t\t\t\t\t\t\t<\/div>\n\t\t\t\t<\/div>\n\t\t\t\t<\/div>\n\t\t<div class=\"elementor-element elementor-element-4836e2e e-con-full e-flex e-con e-child\" data-id=\"4836e2e\" data-element_type=\"container\" data-e-type=\"container\">\n\t\t\t\t<div class=\"elementor-element elementor-element-410f276 elementor-widget elementor-widget-text-editor\" data-id=\"410f276\" data-element_type=\"widget\" data-e-type=\"widget\" data-widget_type=\"text-editor.default\">\n\t\t\t\t<div class=\"elementor-widget-container\">\n\t\t\t\t\t\t\t\t\t<p>Cada l\u00e1mina se entrega dentro de su funda de pl\u00e1stico transparente con cierre autoadhesivo.<\/p>\t\t\t\t\t\t\t\t<\/div>\n\t\t\t\t<\/div>\n\t\t\t\t<\/div>\n\t\t<div class=\"elementor-element elementor-element-d67ee1b e-con-full e-flex e-con e-child\" data-id=\"d67ee1b\" data-element_type=\"container\" data-e-type=\"container\">\n\t\t\t\t<div class=\"elementor-element elementor-element-1198550 elementor-widget elementor-widget-text-editor\" data-id=\"1198550\" data-element_type=\"widget\" data-e-type=\"widget\" data-widget_type=\"text-editor.default\">\n\t\t\t\t<div class=\"elementor-widget-container\">\n\t\t\t\t\t\t\t\t\t<p>Opcional sobre de papel kraft personalizado con el nombre, con etiqueta adhesiva de \u201cRegalos con coraz\u00f3n\u201d.<\/p>\t\t\t\t\t\t\t\t<\/div>\n\t\t\t\t<\/div>\n\t\t\t\t<\/div>\n\t\t<div class=\"elementor-element elementor-element-c8a5f41 e-con-full e-flex e-con e-child\" data-id=\"c8a5f41\" data-element_type=\"container\" data-e-type=\"container\">\n\t\t\t\t<div class=\"elementor-element elementor-element-3081e7d elementor-widget elementor-widget-text-editor\" data-id=\"3081e7d\" data-element_type=\"widget\" data-e-type=\"widget\" data-widget_type=\"text-editor.default\">\n\t\t\t\t<div class=\"elementor-widget-container\">\n\t\t\t\t\t\t\t\t\t<p>El sobre se entrega abierto, con la etiqueta adhesiva aparte.<\/p>\t\t\t\t\t\t\t\t<\/div>\n\t\t\t\t<\/div>\n\t\t\t\t<\/div>\n\t\t\t\t<\/div>\n\t\t\t\t<\/div>\n\t\t\t\t\t<\/div>\n\t\t\t\t<\/div>\n\t\t\t\t<\/div>\n\t\t","protected":false},"excerpt":{"rendered":"<p>Esta l\u00e1mina es una reproducci\u00f3n de obra original con acuarela y tinta, creada con mucho amor.<\/p>\n","protected":false},"featured_media":62001,"comment_status":"open","ping_status":"closed","template":"","meta":[],"product_brand":[],"product_cat":[386,388],"product_tag":[],"class_list":{"0":"post-60059","1":"product","2":"type-product","3":"status-publish","4":"has-post-thumbnail","6":"product_cat-laminas","7":"product_cat-laminas-14x14cm","8":"pa_idioma-catalan","9":"pa_idioma-castellano","11":"first","12":"instock","13":"taxable","14":"shipping-taxable","15":"purchasable","16":"product-type-variable"},"yoast_head":"<!-- This site is optimized with the Yoast SEO plugin v27.1 - https:\/\/yoast.com\/product\/yoast-seo-wordpress\/ -->\n<title>L\u00e1mina 14x14 cm \u201cSue\u00f1a en grande\u201d - Silvia Molas<\/title>\n<meta name=\"robots\" content=\"index, follow, max-snippet:-1, max-image-preview:large, max-video-preview:-1\" \/>\n<link rel=\"canonical\" href=\"https:\/\/silviamolas.com\/es\/tienda\/laminas\/laminas-14x14cm\/lamina-14x14-cm-suena-en-grande\/\" \/>\n<meta property=\"og:locale\" content=\"es_ES\" \/>\n<meta property=\"og:type\" content=\"article\" \/>\n<meta property=\"og:title\" content=\"L\u00e1mina 14x14 cm \u201cSue\u00f1a en grande\u201d - Silvia Molas\" \/>\n<meta property=\"og:description\" content=\"Esta l\u00e1mina es una reproducci\u00f3n de obra original con acuarela y tinta, creada con mucho amor.\" \/>\n<meta property=\"og:url\" content=\"https:\/\/silviamolas.com\/es\/tienda\/laminas\/laminas-14x14cm\/lamina-14x14-cm-suena-en-grande\/\" \/>\n<meta property=\"og:site_name\" content=\"Silvia Molas\" \/>\n<meta property=\"article:modified_time\" content=\"2025-11-12T10:12:29+00:00\" \/>\n<meta property=\"og:image\" content=\"https:\/\/silviamolas.com\/wp-content\/uploads\/2025\/11\/14x14_25_SuenaEnGrande-DESTACADA-1024x1024.jpg\" \/>\n\t<meta property=\"og:image:width\" content=\"1024\" \/>\n\t<meta property=\"og:image:height\" content=\"1024\" \/>\n\t<meta property=\"og:image:type\" content=\"image\/jpeg\" \/>\n<meta name=\"twitter:card\" content=\"summary_large_image\" \/>\n<script type=\"application\/ld+json\" class=\"yoast-schema-graph\">{\"@context\":\"https:\/\/schema.org\",\"@graph\":[{\"@type\":\"WebPage\",\"@id\":\"https:\/\/silviamolas.com\/es\/tienda\/laminas\/laminas-14x14cm\/lamina-14x14-cm-suena-en-grande\/\",\"url\":\"https:\/\/silviamolas.com\/es\/tienda\/laminas\/laminas-14x14cm\/lamina-14x14-cm-suena-en-grande\/\",\"name\":\"L\u00e1mina 14x14 cm \u201cSue\u00f1a en grande\u201d - Silvia Molas\",\"isPartOf\":{\"@id\":\"https:\/\/silviamolas.com\/#website\"},\"primaryImageOfPage\":{\"@id\":\"https:\/\/silviamolas.com\/es\/tienda\/laminas\/laminas-14x14cm\/lamina-14x14-cm-suena-en-grande\/#primaryimage\"},\"image\":{\"@id\":\"https:\/\/silviamolas.com\/es\/tienda\/laminas\/laminas-14x14cm\/lamina-14x14-cm-suena-en-grande\/#primaryimage\"},\"thumbnailUrl\":\"https:\/\/silviamolas.com\/wp-content\/uploads\/2025\/11\/14x14_25_SuenaEnGrande-DESTACADA.jpg\",\"datePublished\":\"2025-11-06T07:56:14+00:00\",\"dateModified\":\"2025-11-12T10:12:29+00:00\",\"breadcrumb\":{\"@id\":\"https:\/\/silviamolas.com\/es\/tienda\/laminas\/laminas-14x14cm\/lamina-14x14-cm-suena-en-grande\/#breadcrumb\"},\"inLanguage\":\"es\",\"potentialAction\":[{\"@type\":\"ReadAction\",\"target\":[\"https:\/\/silviamolas.com\/es\/tienda\/laminas\/laminas-14x14cm\/lamina-14x14-cm-suena-en-grande\/\"]}]},{\"@type\":\"ImageObject\",\"inLanguage\":\"es\",\"@id\":\"https:\/\/silviamolas.com\/es\/tienda\/laminas\/laminas-14x14cm\/lamina-14x14-cm-suena-en-grande\/#primaryimage\",\"url\":\"https:\/\/silviamolas.com\/wp-content\/uploads\/2025\/11\/14x14_25_SuenaEnGrande-DESTACADA.jpg\",\"contentUrl\":\"https:\/\/silviamolas.com\/wp-content\/uploads\/2025\/11\/14x14_25_SuenaEnGrande-DESTACADA.jpg\",\"width\":2088,\"height\":2088,\"caption\":\"Suen\u0303aEnGrande\"},{\"@type\":\"BreadcrumbList\",\"@id\":\"https:\/\/silviamolas.com\/es\/tienda\/laminas\/laminas-14x14cm\/lamina-14x14-cm-suena-en-grande\/#breadcrumb\",\"itemListElement\":[{\"@type\":\"ListItem\",\"position\":1,\"name\":\"Inici\",\"item\":\"https:\/\/silviamolas.com\/\"},{\"@type\":\"ListItem\",\"position\":2,\"name\":\"Tienda\",\"item\":\"https:\/\/silviamolas.com\/botiga\/\"},{\"@type\":\"ListItem\",\"position\":3,\"name\":\"L\u00e1mina 14&#215;14 cm \u201cSue\u00f1a en grande\u201d\"}]},{\"@type\":\"WebSite\",\"@id\":\"https:\/\/silviamolas.com\/#website\",\"url\":\"https:\/\/silviamolas.com\/\",\"name\":\"Silvia Molas\",\"description\":\"Art conscient \u00b7 Regals amb cor\",\"publisher\":{\"@id\":\"https:\/\/silviamolas.com\/#organization\"},\"potentialAction\":[{\"@type\":\"SearchAction\",\"target\":{\"@type\":\"EntryPoint\",\"urlTemplate\":\"https:\/\/silviamolas.com\/?s={search_term_string}\"},\"query-input\":{\"@type\":\"PropertyValueSpecification\",\"valueRequired\":true,\"valueName\":\"search_term_string\"}}],\"inLanguage\":\"es\"},{\"@type\":\"Organization\",\"@id\":\"https:\/\/silviamolas.com\/#organization\",\"name\":\"Silvia Molas\",\"url\":\"https:\/\/silviamolas.com\/\",\"logo\":{\"@type\":\"ImageObject\",\"inLanguage\":\"es\",\"@id\":\"https:\/\/silviamolas.com\/#\/schema\/logo\/image\/\",\"url\":\"https:\/\/silviamolas.com\/wp-content\/uploads\/2025\/06\/silviamolas-logo.png\",\"contentUrl\":\"https:\/\/silviamolas.com\/wp-content\/uploads\/2025\/06\/silviamolas-logo.png\",\"width\":266,\"height\":65,\"caption\":\"Silvia Molas\"},\"image\":{\"@id\":\"https:\/\/silviamolas.com\/#\/schema\/logo\/image\/\"}}]}<\/script>\n<!-- \/ Yoast SEO plugin. -->","yoast_head_json":{"title":"L\u00e1mina 14x14 cm \u201cSue\u00f1a en grande\u201d - Silvia Molas","robots":{"index":"index","follow":"follow","max-snippet":"max-snippet:-1","max-image-preview":"max-image-preview:large","max-video-preview":"max-video-preview:-1"},"canonical":"https:\/\/silviamolas.com\/es\/tienda\/laminas\/laminas-14x14cm\/lamina-14x14-cm-suena-en-grande\/","og_locale":"es_ES","og_type":"article","og_title":"L\u00e1mina 14x14 cm \u201cSue\u00f1a en grande\u201d - Silvia Molas","og_description":"Esta l\u00e1mina es una reproducci\u00f3n de obra original con acuarela y tinta, creada con mucho amor.","og_url":"https:\/\/silviamolas.com\/es\/tienda\/laminas\/laminas-14x14cm\/lamina-14x14-cm-suena-en-grande\/","og_site_name":"Silvia Molas","article_modified_time":"2025-11-12T10:12:29+00:00","og_image":[{"width":1024,"height":1024,"url":"https:\/\/silviamolas.com\/wp-content\/uploads\/2025\/11\/14x14_25_SuenaEnGrande-DESTACADA-1024x1024.jpg","type":"image\/jpeg"}],"twitter_card":"summary_large_image","schema":{"@context":"https:\/\/schema.org","@graph":[{"@type":"WebPage","@id":"https:\/\/silviamolas.com\/es\/tienda\/laminas\/laminas-14x14cm\/lamina-14x14-cm-suena-en-grande\/","url":"https:\/\/silviamolas.com\/es\/tienda\/laminas\/laminas-14x14cm\/lamina-14x14-cm-suena-en-grande\/","name":"L\u00e1mina 14x14 cm \u201cSue\u00f1a en grande\u201d - Silvia Molas","isPartOf":{"@id":"https:\/\/silviamolas.com\/#website"},"primaryImageOfPage":{"@id":"https:\/\/silviamolas.com\/es\/tienda\/laminas\/laminas-14x14cm\/lamina-14x14-cm-suena-en-grande\/#primaryimage"},"image":{"@id":"https:\/\/silviamolas.com\/es\/tienda\/laminas\/laminas-14x14cm\/lamina-14x14-cm-suena-en-grande\/#primaryimage"},"thumbnailUrl":"https:\/\/silviamolas.com\/wp-content\/uploads\/2025\/11\/14x14_25_SuenaEnGrande-DESTACADA.jpg","datePublished":"2025-11-06T07:56:14+00:00","dateModified":"2025-11-12T10:12:29+00:00","breadcrumb":{"@id":"https:\/\/silviamolas.com\/es\/tienda\/laminas\/laminas-14x14cm\/lamina-14x14-cm-suena-en-grande\/#breadcrumb"},"inLanguage":"es","potentialAction":[{"@type":"ReadAction","target":["https:\/\/silviamolas.com\/es\/tienda\/laminas\/laminas-14x14cm\/lamina-14x14-cm-suena-en-grande\/"]}]},{"@type":"ImageObject","inLanguage":"es","@id":"https:\/\/silviamolas.com\/es\/tienda\/laminas\/laminas-14x14cm\/lamina-14x14-cm-suena-en-grande\/#primaryimage","url":"https:\/\/silviamolas.com\/wp-content\/uploads\/2025\/11\/14x14_25_SuenaEnGrande-DESTACADA.jpg","contentUrl":"https:\/\/silviamolas.com\/wp-content\/uploads\/2025\/11\/14x14_25_SuenaEnGrande-DESTACADA.jpg","width":2088,"height":2088,"caption":"Suen\u0303aEnGrande"},{"@type":"BreadcrumbList","@id":"https:\/\/silviamolas.com\/es\/tienda\/laminas\/laminas-14x14cm\/lamina-14x14-cm-suena-en-grande\/#breadcrumb","itemListElement":[{"@type":"ListItem","position":1,"name":"Inici","item":"https:\/\/silviamolas.com\/"},{"@type":"ListItem","position":2,"name":"Tienda","item":"https:\/\/silviamolas.com\/botiga\/"},{"@type":"ListItem","position":3,"name":"L\u00e1mina 14&#215;14 cm \u201cSue\u00f1a en grande\u201d"}]},{"@type":"WebSite","@id":"https:\/\/silviamolas.com\/#website","url":"https:\/\/silviamolas.com\/","name":"Silvia Molas","description":"Art conscient \u00b7 Regals amb cor","publisher":{"@id":"https:\/\/silviamolas.com\/#organization"},"potentialAction":[{"@type":"SearchAction","target":{"@type":"EntryPoint","urlTemplate":"https:\/\/silviamolas.com\/?s={search_term_string}"},"query-input":{"@type":"PropertyValueSpecification","valueRequired":true,"valueName":"search_term_string"}}],"inLanguage":"es"},{"@type":"Organization","@id":"https:\/\/silviamolas.com\/#organization","name":"Silvia Molas","url":"https:\/\/silviamolas.com\/","logo":{"@type":"ImageObject","inLanguage":"es","@id":"https:\/\/silviamolas.com\/#\/schema\/logo\/image\/","url":"https:\/\/silviamolas.com\/wp-content\/uploads\/2025\/06\/silviamolas-logo.png","contentUrl":"https:\/\/silviamolas.com\/wp-content\/uploads\/2025\/06\/silviamolas-logo.png","width":266,"height":65,"caption":"Silvia Molas"},"image":{"@id":"https:\/\/silviamolas.com\/#\/schema\/logo\/image\/"}}]}},"jetpack_sharing_enabled":true,"_links":{"self":[{"href":"https:\/\/silviamolas.com\/es\/wp-json\/wp\/v2\/product\/60059","targetHints":{"allow":["GET"]}}],"collection":[{"href":"https:\/\/silviamolas.com\/es\/wp-json\/wp\/v2\/product"}],"about":[{"href":"https:\/\/silviamolas.com\/es\/wp-json\/wp\/v2\/types\/product"}],"replies":[{"embeddable":true,"href":"https:\/\/silviamolas.com\/es\/wp-json\/wp\/v2\/comments?post=60059"}],"version-history":[{"count":5,"href":"https:\/\/silviamolas.com\/es\/wp-json\/wp\/v2\/product\/60059\/revisions"}],"predecessor-version":[{"id":62003,"href":"https:\/\/silviamolas.com\/es\/wp-json\/wp\/v2\/product\/60059\/revisions\/62003"}],"wp:featuredmedia":[{"embeddable":true,"href":"https:\/\/silviamolas.com\/es\/wp-json\/wp\/v2\/media\/62001"}],"wp:attachment":[{"href":"https:\/\/silviamolas.com\/es\/wp-json\/wp\/v2\/media?parent=60059"}],"wp:term":[{"taxonomy":"product_brand","embeddable":true,"href":"https:\/\/silviamolas.com\/es\/wp-json\/wp\/v2\/product_brand?post=60059"},{"taxonomy":"product_cat","embeddable":true,"href":"https:\/\/silviamolas.com\/es\/wp-json\/wp\/v2\/product_cat?post=60059"},{"taxonomy":"product_tag","embeddable":true,"href":"https:\/\/silviamolas.com\/es\/wp-json\/wp\/v2\/product_tag?post=60059"}],"curies":[{"name":"wp","href":"https:\/\/api.w.org\/{rel}","templated":true}]}}