{"id":59825,"date":"2025-11-14T19:35:46","date_gmt":"2025-11-14T18:35:46","guid":{"rendered":"https:\/\/silviamolas.com\/?post_type=product&#038;p=59825"},"modified":"2025-11-23T00:43:10","modified_gmt":"2025-11-22T23:43:10","slug":"packs-outlet-sorpresa-10x15-cm","status":"publish","type":"product","link":"https:\/\/silviamolas.com\/es\/tienda\/outlet\/packs-outlet-sorpresa-10x15-cm\/","title":{"rendered":"Packs OUTLET \u201cSORPRESA\u201d, 10&#215;15 cm"},"content":{"rendered":"\t\t<div data-elementor-type=\"product-post\" data-elementor-id=\"59825\" class=\"elementor elementor-59825 elementor-59822\" data-elementor-post-type=\"product\">\n\t\t\t\t<div class=\"elementor-element elementor-element-ed7c97e e-flex e-con-boxed e-con e-parent\" data-id=\"ed7c97e\" data-element_type=\"container\" data-e-type=\"container\">\n\t\t\t\t\t<div class=\"e-con-inner\">\n\t\t<div class=\"elementor-element elementor-element-e302f10 e-con-full e-flex e-con e-child\" data-id=\"e302f10\" data-element_type=\"container\" data-e-type=\"container\">\n\t\t\t\t<div class=\"elementor-element elementor-element-ca1effd elementor-widget elementor-widget-text-editor\" data-id=\"ca1effd\" data-element_type=\"widget\" data-e-type=\"widget\" data-widget_type=\"text-editor.default\">\n\t\t\t\t<div class=\"elementor-widget-container\">\n\t\t\t\t\t\t\t\t\t<p>(Son modelos de ediciones pasadas).<\/p><p>Las l\u00e1minas est\u00e1n sujetas al estoc disponible, as\u00ed que cada pack tendr\u00e1 el factor \u201cSORPRESA*\u201d cuando lo recibas.<\/p>\t\t\t\t\t\t\t\t<\/div>\n\t\t\t\t<\/div>\n\t\t\t\t<div class=\"elementor-element elementor-element-4a130eb elementor-widget elementor-widget-the7-accordion\" data-id=\"4a130eb\" data-element_type=\"widget\" data-e-type=\"widget\" data-widget_type=\"the7-accordion.default\">\n\t\t\t\t<div class=\"elementor-widget-container\">\n\t\t\t\t\t\t\t<div class=\"elementor-accordion the7-adv-accordion\" data-accordion-type=\"accordion\" role=\"tablist\">\n\t\t\t\t\t\t\t<div class=\"elementor-accordion-item\">\n\t\t\t\t\t<h4 id=\"elementor-tab-title-7761\" class=\"elementor-tab-title the7-accordion-header deactive-default\" data-tab=\"1\" role=\"tab\" aria-controls=\"elementor-tab-content-7761\">\n\n\t\t\t\t\t\t\t\t\t\t\t\t\t<span class=\"elementor-accordion-icon elementor-accordion-icon-right\" aria-hidden=\"true\">\n\t\t\t\t\t\t\t\t\t\t\t\t\t\t\t<span class=\"elementor-accordion-icon-closed\"><svg class=\"e-font-icon-svg e-fas-angle-down\" viewBox=\"0 0 320 512\" xmlns=\"http:\/\/www.w3.org\/2000\/svg\"><path d=\"M143 352.3L7 216.3c-9.4-9.4-9.4-24.6 0-33.9l22.6-22.6c9.4-9.4 24.6-9.4 33.9 0l96.4 96.4 96.4-96.4c9.4-9.4 24.6-9.4 33.9 0l22.6 22.6c9.4 9.4 9.4 24.6 0 33.9l-136 136c-9.2 9.4-24.4 9.4-33.8 0z\"><\/path><\/svg><\/span>\n\t\t\t\t\t\t\t\t\t\t\t\t\t\t\t\t\t<span class=\"elementor-accordion-icon-opened\"><svg class=\"e-font-icon-svg e-fas-angle-up\" viewBox=\"0 0 320 512\" xmlns=\"http:\/\/www.w3.org\/2000\/svg\"><path d=\"M177 159.7l136 136c9.4 9.4 9.4 24.6 0 33.9l-22.6 22.6c-9.4 9.4-24.6 9.4-33.9 0L160 255.9l-96.4 96.4c-9.4 9.4-24.6 9.4-33.9 0L7 329.7c-9.4-9.4-9.4-24.6 0-33.9l136-136c9.4-9.5 24.6-9.5 34-.1z\"><\/path><\/svg><\/span>\n\t\t\t\t\t\t\t\t\t\t\t\t\t\t\t\t\t\t\t\t\t\t<\/span>\n\t\t\t\t\t\t\t\t\t\t\t\t\t\t\t\t\t\t<a class=\"elementor-accordion-title\" href=\"\">\u00bfQu\u00e9 l\u00e1minas te llegar\u00e1n?<\/a>\n\t\t\t\t\t<\/h4>\n\t\t\t\t\t<div id=\"elementor-tab-content-7761\" class=\"elementor-tab-content elementor-clearfix deactive-default\" data-tab=\"1\" role=\"tabpanel\" aria-labelledby=\"elementor-tab-title-7761\"><p>\u00a0<\/p><p>Elegiremos los modelos de cada pack al azar, en funci\u00f3n de la disponibilidad.<\/p><p>Hay 3 packs diferentes, seg\u00fan la cantidad de l\u00e1minas que desees.<\/p><p>Cuanta m\u00e1s cantidad elijas, m\u00e1s econ\u00f3micas te saldr\u00e1n (el precio por unidad).<\/p><p>El precio original por unidad de estas l\u00e1minas en formato 10x15cm es de 5\u20ac , as\u00ed que con esta oferta resultan mucho m\u00e1s econ\u00f3micas (hasta 1,8\u20ac\/unidad).<\/p><p>Si quieres alg\u00fan sobre personalizado con el nombre para regalar puedes comprarlo a parte. Los encontrar\u00e1s en la categor\u00eda \u201cSobres\u201d.\u00a0<\/p><p><em>*Aunque el contenido del PACK es SORPRESA, puedes elegir 1 o 2 l\u00e1minas de la foto que te gustar\u00eda recibir. Para ello escribe la\/s frase\/s en el cuadro de \u201dComentarios\u201d, y siempre que sea posible la\/s a\u00f1adiremos, aunque no lo podemos garantizarlo al 100%, ya que depender\u00e1 del estoc disponible.\u00a0<\/em><\/p><p>Estas l\u00e1minas son reproducciones de obra original, creadas con mucho amor con acuarela y tinta.<\/p><p>Estos Packs OUTLET los tienes tambi\u00e9n disponibles en formato 14&#215;14 cm, al mismo precio. (Diferentes modelos)<\/p><\/div>\n\t\t\t\t<\/div>\n\t\t\t\t\t\t\t<div class=\"elementor-accordion-item\">\n\t\t\t\t\t<h4 id=\"elementor-tab-title-7762\" class=\"elementor-tab-title the7-accordion-header\" data-tab=\"2\" role=\"tab\" aria-controls=\"elementor-tab-content-7762\">\n\n\t\t\t\t\t\t\t\t\t\t\t\t\t<span class=\"elementor-accordion-icon elementor-accordion-icon-right\" aria-hidden=\"true\">\n\t\t\t\t\t\t\t\t\t\t\t\t\t\t\t<span class=\"elementor-accordion-icon-closed\"><svg class=\"e-font-icon-svg e-fas-angle-down\" viewBox=\"0 0 320 512\" xmlns=\"http:\/\/www.w3.org\/2000\/svg\"><path d=\"M143 352.3L7 216.3c-9.4-9.4-9.4-24.6 0-33.9l22.6-22.6c9.4-9.4 24.6-9.4 33.9 0l96.4 96.4 96.4-96.4c9.4-9.4 24.6-9.4 33.9 0l22.6 22.6c9.4 9.4 9.4 24.6 0 33.9l-136 136c-9.2 9.4-24.4 9.4-33.8 0z\"><\/path><\/svg><\/span>\n\t\t\t\t\t\t\t\t\t\t\t\t\t\t\t\t\t<span class=\"elementor-accordion-icon-opened\"><svg class=\"e-font-icon-svg e-fas-angle-up\" viewBox=\"0 0 320 512\" xmlns=\"http:\/\/www.w3.org\/2000\/svg\"><path d=\"M177 159.7l136 136c9.4 9.4 9.4 24.6 0 33.9l-22.6 22.6c-9.4 9.4-24.6 9.4-33.9 0L160 255.9l-96.4 96.4c-9.4 9.4-24.6 9.4-33.9 0L7 329.7c-9.4-9.4-9.4-24.6 0-33.9l136-136c9.4-9.5 24.6-9.5 34-.1z\"><\/path><\/svg><\/span>\n\t\t\t\t\t\t\t\t\t\t\t\t\t\t\t\t\t\t\t\t\t\t<\/span>\n\t\t\t\t\t\t\t\t\t\t\t\t\t\t\t\t\t\t<a class=\"elementor-accordion-title\" href=\"\">\u00bfLo quieres personalizado?<\/a>\n\t\t\t\t\t<\/h4>\n\t\t\t\t\t<div id=\"elementor-tab-content-7762\" class=\"elementor-tab-content elementor-clearfix\" data-tab=\"2\" role=\"tabpanel\" aria-labelledby=\"elementor-tab-title-7762\"><p>Escribe en el campo COMENTARIOS, que encontrar\u00e1s sobre el bot\u00f3n de A\u00f1ade al carrito, el texto de 1 o 2 l\u00e1minas que veas en la foto y\u00a0 te gustar\u00eda recibir en tu pack (opcional):<\/p><p>Tambi\u00e9n puedes escribir si te apetece para qu\u00e9 utilizar\u00e1s las l\u00e1minas, me puede ayudar a elegir los modelos para tu pack:<\/p><p><em>Ej: para regalar a un grupo de alumnos\/as, de mujeres, de maestras\/os, amigas\/os, fam\u00edlia, para uso propio para coleccionar, para armonizar espacios, decorar cajas o carpetas, o regalar cuando aparezca la ocasi\u00f3n, \u2026<\/em><\/p><\/div>\n\t\t\t\t<\/div>\n\t\t\t\t\t<\/div>\n\t\t\t\t\t\t<\/div>\n\t\t\t\t<\/div>\n\t\t<div class=\"elementor-element elementor-element-9b105bb e-con-full e-flex e-con e-child\" data-id=\"9b105bb\" data-element_type=\"container\" data-e-type=\"container\" data-settings=\"{&quot;background_background&quot;:&quot;classic&quot;}\">\n\t\t<div class=\"elementor-element elementor-element-3d3bb20 e-con-full e-flex e-con e-child\" data-id=\"3d3bb20\" data-element_type=\"container\" data-e-type=\"container\">\n\t\t\t\t<div class=\"elementor-element elementor-element-891fe82 elementor-widget elementor-widget-text-editor\" data-id=\"891fe82\" data-element_type=\"widget\" data-e-type=\"widget\" data-widget_type=\"text-editor.default\">\n\t\t\t\t<div class=\"elementor-widget-container\">\n\t\t\t\t\t\t\t\t\t<p>Pack l\u00e1minas oferta \u201cOUTLET\u201d 10&#215;15 cm<\/p>\t\t\t\t\t\t\t\t<\/div>\n\t\t\t\t<\/div>\n\t\t\t\t<\/div>\n\t\t<div class=\"elementor-element elementor-element-5d7fafb e-con-full e-flex e-con e-child\" data-id=\"5d7fafb\" data-element_type=\"container\" data-e-type=\"container\">\n\t\t\t\t<div class=\"elementor-element elementor-element-c423aa7 elementor-widget elementor-widget-text-editor\" data-id=\"c423aa7\" data-element_type=\"widget\" data-e-type=\"widget\" data-widget_type=\"text-editor.default\">\n\t\t\t\t<div class=\"elementor-widget-container\">\n\t\t\t\t\t\t\t\t\t<p>Impresas en cartulina de gran calidad de 300 gr.<\/p>\t\t\t\t\t\t\t\t<\/div>\n\t\t\t\t<\/div>\n\t\t\t\t<\/div>\n\t\t<div class=\"elementor-element elementor-element-12dad9e e-con-full e-flex e-con e-child\" data-id=\"12dad9e\" data-element_type=\"container\" data-e-type=\"container\">\n\t\t\t\t<div class=\"elementor-element elementor-element-d72e882 elementor-widget elementor-widget-text-editor\" data-id=\"d72e882\" data-element_type=\"widget\" data-e-type=\"widget\" data-widget_type=\"text-editor.default\">\n\t\t\t\t<div class=\"elementor-widget-container\">\n\t\t\t\t\t\t\t\t\t<p>Reproducciones de obra original, pintadas con acuarela y tinta.<\/p>\t\t\t\t\t\t\t\t<\/div>\n\t\t\t\t<\/div>\n\t\t\t\t<\/div>\n\t\t<div class=\"elementor-element elementor-element-2823a57 e-con-full e-flex e-con e-child\" data-id=\"2823a57\" data-element_type=\"container\" data-e-type=\"container\">\n\t\t\t\t<div class=\"elementor-element elementor-element-925a5bb elementor-widget elementor-widget-text-editor\" data-id=\"925a5bb\" data-element_type=\"widget\" data-e-type=\"widget\" data-widget_type=\"text-editor.default\">\n\t\t\t\t<div class=\"elementor-widget-container\">\n\t\t\t\t\t\t\t\t\t<p>Cada l\u00e1mina se entrega en una funda de pl\u00e1stico transparente con cierre autoadhesivo.<\/p>\t\t\t\t\t\t\t\t<\/div>\n\t\t\t\t<\/div>\n\t\t\t\t<\/div>\n\t\t\t\t<\/div>\n\t\t\t\t<\/div>\n\t\t\t\t\t<\/div>\n\t\t\t\t<\/div>\n\t\t\t\t<\/div>\n\t\t","protected":false},"excerpt":{"rendered":"<p>Aprovecha la oportunidad de adquirir uno o m\u00e1s packs de estas l\u00e1minas, de formato 10&#215;15 cm, a s\u00faper precio de LIQUIDACI\u00d3N.<\/p>\n","protected":false},"featured_media":62068,"comment_status":"open","ping_status":"closed","template":"","meta":[],"product_brand":[],"product_cat":[384],"product_tag":[],"class_list":{"0":"post-59825","1":"product","2":"type-product","3":"status-publish","4":"has-post-thumbnail","6":"product_cat-outlet","7":"pa_idioma-castellano","8":"pa_idioma-catalan","10":"first","11":"instock","12":"sale","13":"taxable","14":"shipping-taxable","15":"purchasable","16":"product-type-variable"},"yoast_head":"<!-- This site is optimized with the Yoast SEO plugin v27.4 - https:\/\/yoast.com\/product\/yoast-seo-wordpress\/ -->\n<title>Packs OUTLET \u201cSORPRESA\u201d, 10x15 cm - Silvia Molas<\/title>\n<meta name=\"robots\" content=\"index, follow, max-snippet:-1, max-image-preview:large, max-video-preview:-1\" \/>\n<link rel=\"canonical\" href=\"https:\/\/silviamolas.com\/tienda\/outlet\/packs-outlet-sorpresa-10x15-cm\/\" \/>\n<meta property=\"og:locale\" content=\"es_ES\" \/>\n<meta property=\"og:type\" content=\"article\" \/>\n<meta property=\"og:title\" content=\"Packs OUTLET \u201cSORPRESA\u201d, 10x15 cm - Silvia Molas\" \/>\n<meta property=\"og:description\" content=\"Aprovecha la oportunidad de adquirir uno o m\u00e1s packs de estas l\u00e1minas, de formato 10x15 cm, a s\u00faper precio de LIQUIDACI\u00d3N.\" \/>\n<meta property=\"og:url\" content=\"https:\/\/silviamolas.com\/tienda\/outlet\/packs-outlet-sorpresa-10x15-cm\/\" \/>\n<meta property=\"og:site_name\" content=\"Silvia Molas\" \/>\n<meta property=\"article:modified_time\" content=\"2025-11-22T23:43:10+00:00\" \/>\n<meta property=\"og:image\" content=\"https:\/\/silviamolas.com\/wp-content\/uploads\/2025\/11\/Pack_OUTLET_10x15_ESP_Foto1-DESTACADA.jpg\" \/>\n\t<meta property=\"og:image:width\" content=\"1200\" \/>\n\t<meta property=\"og:image:height\" content=\"1200\" \/>\n\t<meta property=\"og:image:type\" content=\"image\/jpeg\" \/>\n<meta name=\"twitter:card\" content=\"summary_large_image\" \/>\n<meta name=\"twitter:label1\" content=\"Tiempo de lectura\" \/>\n\t<meta name=\"twitter:data1\" content=\"2 minutos\" \/>\n<script type=\"application\/ld+json\" class=\"yoast-schema-graph\">{\"@context\":\"https:\\\/\\\/schema.org\",\"@graph\":[{\"@type\":\"WebPage\",\"@id\":\"https:\\\/\\\/silviamolas.com\\\/tienda\\\/outlet\\\/packs-outlet-sorpresa-10x15-cm\\\/\",\"url\":\"https:\\\/\\\/silviamolas.com\\\/tienda\\\/outlet\\\/packs-outlet-sorpresa-10x15-cm\\\/\",\"name\":\"Packs OUTLET \u201cSORPRESA\u201d, 10x15 cm - Silvia Molas\",\"isPartOf\":{\"@id\":\"https:\\\/\\\/silviamolas.com\\\/#website\"},\"primaryImageOfPage\":{\"@id\":\"https:\\\/\\\/silviamolas.com\\\/tienda\\\/outlet\\\/packs-outlet-sorpresa-10x15-cm\\\/#primaryimage\"},\"image\":{\"@id\":\"https:\\\/\\\/silviamolas.com\\\/tienda\\\/outlet\\\/packs-outlet-sorpresa-10x15-cm\\\/#primaryimage\"},\"thumbnailUrl\":\"https:\\\/\\\/silviamolas.com\\\/wp-content\\\/uploads\\\/2025\\\/11\\\/Pack_OUTLET_10x15_ESP_Foto1-DESTACADA.jpg\",\"datePublished\":\"2025-11-14T18:35:46+00:00\",\"dateModified\":\"2025-11-22T23:43:10+00:00\",\"breadcrumb\":{\"@id\":\"https:\\\/\\\/silviamolas.com\\\/tienda\\\/outlet\\\/packs-outlet-sorpresa-10x15-cm\\\/#breadcrumb\"},\"inLanguage\":\"es\",\"potentialAction\":[{\"@type\":\"ReadAction\",\"target\":[\"https:\\\/\\\/silviamolas.com\\\/tienda\\\/outlet\\\/packs-outlet-sorpresa-10x15-cm\\\/\"]}]},{\"@type\":\"ImageObject\",\"inLanguage\":\"es\",\"@id\":\"https:\\\/\\\/silviamolas.com\\\/tienda\\\/outlet\\\/packs-outlet-sorpresa-10x15-cm\\\/#primaryimage\",\"url\":\"https:\\\/\\\/silviamolas.com\\\/wp-content\\\/uploads\\\/2025\\\/11\\\/Pack_OUTLET_10x15_ESP_Foto1-DESTACADA.jpg\",\"contentUrl\":\"https:\\\/\\\/silviamolas.com\\\/wp-content\\\/uploads\\\/2025\\\/11\\\/Pack_OUTLET_10x15_ESP_Foto1-DESTACADA.jpg\",\"width\":1200,\"height\":1200,\"caption\":\"Pack_OUTLET_10x15_CAT_Foto1-DESTACADA\"},{\"@type\":\"BreadcrumbList\",\"@id\":\"https:\\\/\\\/silviamolas.com\\\/tienda\\\/outlet\\\/packs-outlet-sorpresa-10x15-cm\\\/#breadcrumb\",\"itemListElement\":[{\"@type\":\"ListItem\",\"position\":1,\"name\":\"Inici\",\"item\":\"https:\\\/\\\/silviamolas.com\\\/\"},{\"@type\":\"ListItem\",\"position\":2,\"name\":\"Tienda\",\"item\":\"https:\\\/\\\/silviamolas.com\\\/botiga\\\/\"},{\"@type\":\"ListItem\",\"position\":3,\"name\":\"Packs OUTLET \u201cSORPRESA\u201d, 10&#215;15 cm\"}]},{\"@type\":\"WebSite\",\"@id\":\"https:\\\/\\\/silviamolas.com\\\/#website\",\"url\":\"https:\\\/\\\/silviamolas.com\\\/\",\"name\":\"Silvia Molas\",\"description\":\"Art conscient \u00b7 Regals amb cor\",\"publisher\":{\"@id\":\"https:\\\/\\\/silviamolas.com\\\/#organization\"},\"potentialAction\":[{\"@type\":\"SearchAction\",\"target\":{\"@type\":\"EntryPoint\",\"urlTemplate\":\"https:\\\/\\\/silviamolas.com\\\/?s={search_term_string}\"},\"query-input\":{\"@type\":\"PropertyValueSpecification\",\"valueRequired\":true,\"valueName\":\"search_term_string\"}}],\"inLanguage\":\"es\"},{\"@type\":\"Organization\",\"@id\":\"https:\\\/\\\/silviamolas.com\\\/#organization\",\"name\":\"Silvia Molas\",\"url\":\"https:\\\/\\\/silviamolas.com\\\/\",\"logo\":{\"@type\":\"ImageObject\",\"inLanguage\":\"es\",\"@id\":\"https:\\\/\\\/silviamolas.com\\\/#\\\/schema\\\/logo\\\/image\\\/\",\"url\":\"https:\\\/\\\/silviamolas.com\\\/wp-content\\\/uploads\\\/2025\\\/06\\\/silviamolas-logo.png\",\"contentUrl\":\"https:\\\/\\\/silviamolas.com\\\/wp-content\\\/uploads\\\/2025\\\/06\\\/silviamolas-logo.png\",\"width\":266,\"height\":65,\"caption\":\"Silvia Molas\"},\"image\":{\"@id\":\"https:\\\/\\\/silviamolas.com\\\/#\\\/schema\\\/logo\\\/image\\\/\"}}]}<\/script>\n<!-- \/ Yoast SEO plugin. -->","yoast_head_json":{"title":"Packs OUTLET \u201cSORPRESA\u201d, 10x15 cm - Silvia Molas","robots":{"index":"index","follow":"follow","max-snippet":"max-snippet:-1","max-image-preview":"max-image-preview:large","max-video-preview":"max-video-preview:-1"},"canonical":"https:\/\/silviamolas.com\/tienda\/outlet\/packs-outlet-sorpresa-10x15-cm\/","og_locale":"es_ES","og_type":"article","og_title":"Packs OUTLET \u201cSORPRESA\u201d, 10x15 cm - Silvia Molas","og_description":"Aprovecha la oportunidad de adquirir uno o m\u00e1s packs de estas l\u00e1minas, de formato 10x15 cm, a s\u00faper precio de LIQUIDACI\u00d3N.","og_url":"https:\/\/silviamolas.com\/tienda\/outlet\/packs-outlet-sorpresa-10x15-cm\/","og_site_name":"Silvia Molas","article_modified_time":"2025-11-22T23:43:10+00:00","og_image":[{"width":1200,"height":1200,"url":"https:\/\/silviamolas.com\/wp-content\/uploads\/2025\/11\/Pack_OUTLET_10x15_ESP_Foto1-DESTACADA.jpg","type":"image\/jpeg"}],"twitter_card":"summary_large_image","twitter_misc":{"Tiempo de lectura":"2 minutos"},"schema":{"@context":"https:\/\/schema.org","@graph":[{"@type":"WebPage","@id":"https:\/\/silviamolas.com\/tienda\/outlet\/packs-outlet-sorpresa-10x15-cm\/","url":"https:\/\/silviamolas.com\/tienda\/outlet\/packs-outlet-sorpresa-10x15-cm\/","name":"Packs OUTLET \u201cSORPRESA\u201d, 10x15 cm - Silvia Molas","isPartOf":{"@id":"https:\/\/silviamolas.com\/#website"},"primaryImageOfPage":{"@id":"https:\/\/silviamolas.com\/tienda\/outlet\/packs-outlet-sorpresa-10x15-cm\/#primaryimage"},"image":{"@id":"https:\/\/silviamolas.com\/tienda\/outlet\/packs-outlet-sorpresa-10x15-cm\/#primaryimage"},"thumbnailUrl":"https:\/\/silviamolas.com\/wp-content\/uploads\/2025\/11\/Pack_OUTLET_10x15_ESP_Foto1-DESTACADA.jpg","datePublished":"2025-11-14T18:35:46+00:00","dateModified":"2025-11-22T23:43:10+00:00","breadcrumb":{"@id":"https:\/\/silviamolas.com\/tienda\/outlet\/packs-outlet-sorpresa-10x15-cm\/#breadcrumb"},"inLanguage":"es","potentialAction":[{"@type":"ReadAction","target":["https:\/\/silviamolas.com\/tienda\/outlet\/packs-outlet-sorpresa-10x15-cm\/"]}]},{"@type":"ImageObject","inLanguage":"es","@id":"https:\/\/silviamolas.com\/tienda\/outlet\/packs-outlet-sorpresa-10x15-cm\/#primaryimage","url":"https:\/\/silviamolas.com\/wp-content\/uploads\/2025\/11\/Pack_OUTLET_10x15_ESP_Foto1-DESTACADA.jpg","contentUrl":"https:\/\/silviamolas.com\/wp-content\/uploads\/2025\/11\/Pack_OUTLET_10x15_ESP_Foto1-DESTACADA.jpg","width":1200,"height":1200,"caption":"Pack_OUTLET_10x15_CAT_Foto1-DESTACADA"},{"@type":"BreadcrumbList","@id":"https:\/\/silviamolas.com\/tienda\/outlet\/packs-outlet-sorpresa-10x15-cm\/#breadcrumb","itemListElement":[{"@type":"ListItem","position":1,"name":"Inici","item":"https:\/\/silviamolas.com\/"},{"@type":"ListItem","position":2,"name":"Tienda","item":"https:\/\/silviamolas.com\/botiga\/"},{"@type":"ListItem","position":3,"name":"Packs OUTLET \u201cSORPRESA\u201d, 10&#215;15 cm"}]},{"@type":"WebSite","@id":"https:\/\/silviamolas.com\/#website","url":"https:\/\/silviamolas.com\/","name":"Silvia Molas","description":"Art conscient \u00b7 Regals amb cor","publisher":{"@id":"https:\/\/silviamolas.com\/#organization"},"potentialAction":[{"@type":"SearchAction","target":{"@type":"EntryPoint","urlTemplate":"https:\/\/silviamolas.com\/?s={search_term_string}"},"query-input":{"@type":"PropertyValueSpecification","valueRequired":true,"valueName":"search_term_string"}}],"inLanguage":"es"},{"@type":"Organization","@id":"https:\/\/silviamolas.com\/#organization","name":"Silvia Molas","url":"https:\/\/silviamolas.com\/","logo":{"@type":"ImageObject","inLanguage":"es","@id":"https:\/\/silviamolas.com\/#\/schema\/logo\/image\/","url":"https:\/\/silviamolas.com\/wp-content\/uploads\/2025\/06\/silviamolas-logo.png","contentUrl":"https:\/\/silviamolas.com\/wp-content\/uploads\/2025\/06\/silviamolas-logo.png","width":266,"height":65,"caption":"Silvia Molas"},"image":{"@id":"https:\/\/silviamolas.com\/#\/schema\/logo\/image\/"}}]}},"jetpack_sharing_enabled":true,"_links":{"self":[{"href":"https:\/\/silviamolas.com\/es\/wp-json\/wp\/v2\/product\/59825","targetHints":{"allow":["GET"]}}],"collection":[{"href":"https:\/\/silviamolas.com\/es\/wp-json\/wp\/v2\/product"}],"about":[{"href":"https:\/\/silviamolas.com\/es\/wp-json\/wp\/v2\/types\/product"}],"replies":[{"embeddable":true,"href":"https:\/\/silviamolas.com\/es\/wp-json\/wp\/v2\/comments?post=59825"}],"version-history":[{"count":11,"href":"https:\/\/silviamolas.com\/es\/wp-json\/wp\/v2\/product\/59825\/revisions"}],"predecessor-version":[{"id":59890,"href":"https:\/\/silviamolas.com\/es\/wp-json\/wp\/v2\/product\/59825\/revisions\/59890"}],"wp:featuredmedia":[{"embeddable":true,"href":"https:\/\/silviamolas.com\/es\/wp-json\/wp\/v2\/media\/62068"}],"wp:attachment":[{"href":"https:\/\/silviamolas.com\/es\/wp-json\/wp\/v2\/media?parent=59825"}],"wp:term":[{"taxonomy":"product_brand","embeddable":true,"href":"https:\/\/silviamolas.com\/es\/wp-json\/wp\/v2\/product_brand?post=59825"},{"taxonomy":"product_cat","embeddable":true,"href":"https:\/\/silviamolas.com\/es\/wp-json\/wp\/v2\/product_cat?post=59825"},{"taxonomy":"product_tag","embeddable":true,"href":"https:\/\/silviamolas.com\/es\/wp-json\/wp\/v2\/product_tag?post=59825"}],"curies":[{"name":"wp","href":"https:\/\/api.w.org\/{rel}","templated":true}]}}