{"id":58557,"date":"2025-11-03T17:49:54","date_gmt":"2025-11-03T15:49:54","guid":{"rendered":"https:\/\/silviamolas.com\/?post_type=product&#038;p=58557"},"modified":"2025-11-04T13:09:35","modified_gmt":"2025-11-04T11:09:35","slug":"kit-dossier-taller-diniciacio-al-lettering-en-idioma-catalan-2-rotuladores","status":"publish","type":"product","link":"https:\/\/silviamolas.com\/es\/tienda\/talleres-lettering\/kit-dossier-taller-diniciacio-al-lettering-en-idioma-catalan-2-rotuladores\/","title":{"rendered":"Kit dossier \u201cTaller d\u2019Iniciaci\u00f3 al Lettering\u201d, en idioma catal\u00e1n + 2 rotuladores"},"content":{"rendered":"\t\t<div data-elementor-type=\"product-post\" data-elementor-id=\"58557\" class=\"elementor elementor-58557 elementor-58556\" data-elementor-post-type=\"product\">\n\t\t\t\t<div class=\"elementor-element elementor-element-ed7c97e e-flex e-con-boxed e-con e-parent\" data-id=\"ed7c97e\" data-element_type=\"container\" data-e-type=\"container\">\n\t\t\t\t\t<div class=\"e-con-inner\">\n\t\t<div class=\"elementor-element elementor-element-e302f10 e-con-full e-flex e-con e-child\" data-id=\"e302f10\" data-element_type=\"container\" data-e-type=\"container\">\n\t\t\t\t<div class=\"elementor-element elementor-element-ca1effd elementor-widget elementor-widget-text-editor\" data-id=\"ca1effd\" data-element_type=\"widget\" data-e-type=\"widget\" data-widget_type=\"text-editor.default\">\n\t\t\t\t<div class=\"elementor-widget-container\">\n\t\t\t\t\t\t\t\t\t<p>Tambi\u00e9n incluye un v\u00eddeo explicativo de c\u00f3mo utilizar el dossier, que podr\u00e1s descargarte en el momento de hacer la compra.<\/p>\t\t\t\t\t\t\t\t<\/div>\n\t\t\t\t<\/div>\n\t\t\t\t<div class=\"elementor-element elementor-element-d670c12 elementor-widget elementor-widget-the7-accordion\" data-id=\"d670c12\" data-element_type=\"widget\" data-e-type=\"widget\" data-widget_type=\"the7-accordion.default\">\n\t\t\t\t<div class=\"elementor-widget-container\">\n\t\t\t\t\t\t\t<div class=\"elementor-accordion the7-adv-accordion\" data-accordion-type=\"accordion\" role=\"tablist\">\n\t\t\t\t\t\t\t<div class=\"elementor-accordion-item\">\n\t\t\t\t\t<h4 id=\"elementor-tab-title-2241\" class=\"elementor-tab-title the7-accordion-header deactive-default\" data-tab=\"1\" role=\"tab\" aria-controls=\"elementor-tab-content-2241\">\n\n\t\t\t\t\t\t\t\t\t\t\t\t\t<span class=\"elementor-accordion-icon elementor-accordion-icon-right\" aria-hidden=\"true\">\n\t\t\t\t\t\t\t\t\t\t\t\t\t\t\t<span class=\"elementor-accordion-icon-closed\"><svg class=\"e-font-icon-svg e-fas-angle-down\" viewBox=\"0 0 320 512\" xmlns=\"http:\/\/www.w3.org\/2000\/svg\"><path d=\"M143 352.3L7 216.3c-9.4-9.4-9.4-24.6 0-33.9l22.6-22.6c9.4-9.4 24.6-9.4 33.9 0l96.4 96.4 96.4-96.4c9.4-9.4 24.6-9.4 33.9 0l22.6 22.6c9.4 9.4 9.4 24.6 0 33.9l-136 136c-9.2 9.4-24.4 9.4-33.8 0z\"><\/path><\/svg><\/span>\n\t\t\t\t\t\t\t\t\t\t\t\t\t\t\t\t\t<span class=\"elementor-accordion-icon-opened\"><svg class=\"e-font-icon-svg e-fas-angle-up\" viewBox=\"0 0 320 512\" xmlns=\"http:\/\/www.w3.org\/2000\/svg\"><path d=\"M177 159.7l136 136c9.4 9.4 9.4 24.6 0 33.9l-22.6 22.6c-9.4 9.4-24.6 9.4-33.9 0L160 255.9l-96.4 96.4c-9.4 9.4-24.6 9.4-33.9 0L7 329.7c-9.4-9.4-9.4-24.6 0-33.9l136-136c9.4-9.5 24.6-9.5 34-.1z\"><\/path><\/svg><\/span>\n\t\t\t\t\t\t\t\t\t\t\t\t\t\t\t\t\t\t\t\t\t\t<\/span>\n\t\t\t\t\t\t\t\t\t\t\t\t\t\t\t\t\t\t<a class=\"elementor-accordion-title\" href=\"\">Contenido<\/a>\n\t\t\t\t\t<\/h4>\n\t\t\t\t\t<div id=\"elementor-tab-content-2241\" class=\"elementor-tab-content elementor-clearfix deactive-default\" data-tab=\"1\" role=\"tabpanel\" aria-labelledby=\"elementor-tab-title-2241\"><p>El kit contiene 2 rotuladores de punta flexible per fer la pr\u00e0ctica:<\/p><ul><li>Punta fina, tipo Tombow Fudenosuke (punta dura)<\/li><li>Punta gruixuda, tipo Tombow ABT Dual Bruh\u00a0<\/li><\/ul><p>Este dossier es una herramienta ideal para amantes del lettering, de las manualidades y para personas de todas les edades con sensibilidad art\u00edstica. (Recomendado a partir de 8 a\u00f1os)<\/p><p>Cada detalle est\u00e1 creado con mucho amor para que aprendas de forma sencilla y pr\u00e1ctica y te apasiones con esta t\u00e9cnica.<\/p><p>El contenido es b\u00e1sicamente pr\u00e1ctico, e incluye:<\/p><ul><li>Beneficios de aprender lettering<\/li><li>\u00bfQu\u00e9 es el lettering\/brushlettering?<\/li><li>Material<\/li><li>T\u00e9cnica (como coger el rotulador y la regla b\u00e1sica)<\/li><li>Pr\u00e1ctica:<ul><li>Trazos<\/li><li>Letras (incluye 2 alfabetos, en may\u00fasculas y min\u00fasculas)<\/li><li>Palabras<\/li><li>Frases<\/li><\/ul><\/li><\/ul><\/div>\n\t\t\t\t<\/div>\n\t\t\t\t\t<\/div>\n\t\t\t\t\t\t<\/div>\n\t\t\t\t<\/div>\n\t\t\t\t<\/div>\n\t\t\t\t\t<\/div>\n\t\t\t\t<\/div>\n\t\t\t\t<\/div>\n\t\t","protected":false},"excerpt":{"rendered":"<p>Dossier A4 con 46 hojas en su interior (idioma catal\u00e1n) + 2 rotuladores con punta de pincel para realizar la pr\u00e1ctica. Los rotuladores se entregan dentro de un sobre personalizado con el nombre de la persona que recibir\u00e1 el kit.<\/p>\n<p>Tapas de papel Kraft, y \u00faltima p\u00e1gina de cart\u00f3n r\u00edgido para tener un buen soporte y te lo puedas llevar a todos lados.<\/p>\n<p>Se entrega dentro de una funda de pl\u00e1stico transparente con cierre autoadhesivo.<\/p>\n","protected":false},"featured_media":58559,"comment_status":"open","ping_status":"closed","template":"","meta":[],"product_brand":[],"product_cat":[397],"product_tag":[],"class_list":{"0":"post-58557","1":"product","2":"type-product","3":"status-publish","4":"has-post-thumbnail","6":"product_cat-talleres-lettering","8":"first","9":"instock","10":"downloadable","11":"taxable","12":"shipping-taxable","13":"purchasable","14":"product-type-simple"},"yoast_head":"<!-- This site is optimized with the Yoast SEO plugin v27.1 - https:\/\/yoast.com\/product\/yoast-seo-wordpress\/ -->\n<title>Kit dossier \u201cTaller d\u2019Iniciaci\u00f3 al Lettering\u201d, en idioma catal\u00e1n + 2 rotuladores - Silvia Molas<\/title>\n<meta name=\"robots\" content=\"index, follow, max-snippet:-1, max-image-preview:large, max-video-preview:-1\" \/>\n<link rel=\"canonical\" href=\"https:\/\/silviamolas.com\/tienda\/tallers-lettering\/kit-dossier-taller-diniciacio-al-lettering-idioma-catala-2-rotuladors\/\" \/>\n<meta property=\"og:locale\" content=\"es_ES\" \/>\n<meta property=\"og:type\" content=\"article\" \/>\n<meta property=\"og:title\" content=\"Kit dossier \u201cTaller d\u2019Iniciaci\u00f3 al Lettering\u201d, en idioma catal\u00e1n + 2 rotuladores - Silvia Molas\" \/>\n<meta property=\"og:description\" content=\"Dossier A4 con 46 hojas en su interior (idioma catal\u00e1n) + 2 rotuladores con punta de pincel para realizar la pr\u00e1ctica. Los rotuladores se entregan dentro de un sobre personalizado con el nombre de la persona que recibir\u00e1 el kit.  Tapas de papel Kraft, y \u00faltima p\u00e1gina de cart\u00f3n r\u00edgido para tener un buen soporte y te lo puedas llevar a todos lados.  Se entrega dentro de una funda de pl\u00e1stico transparente con cierre autoadhesivo.\" \/>\n<meta property=\"og:url\" content=\"https:\/\/silviamolas.com\/tienda\/tallers-lettering\/kit-dossier-taller-diniciacio-al-lettering-idioma-catala-2-rotuladors\/\" \/>\n<meta property=\"og:site_name\" content=\"Silvia Molas\" \/>\n<meta property=\"article:modified_time\" content=\"2025-11-04T11:09:35+00:00\" \/>\n<meta property=\"og:image\" content=\"https:\/\/silviamolas.com\/wp-content\/uploads\/2025\/11\/Kit_DossierInicLett_CAT_Foto1-scaled.jpg\" \/>\n\t<meta property=\"og:image:width\" content=\"2484\" \/>\n\t<meta property=\"og:image:height\" content=\"2560\" \/>\n\t<meta property=\"og:image:type\" content=\"image\/jpeg\" \/>\n<meta name=\"twitter:card\" content=\"summary_large_image\" \/>\n<meta name=\"twitter:label1\" content=\"Tiempo de lectura\" \/>\n\t<meta name=\"twitter:data1\" content=\"1 minuto\" \/>\n<script type=\"application\/ld+json\" class=\"yoast-schema-graph\">{\"@context\":\"https:\/\/schema.org\",\"@graph\":[{\"@type\":\"WebPage\",\"@id\":\"https:\/\/silviamolas.com\/tienda\/tallers-lettering\/kit-dossier-taller-diniciacio-al-lettering-idioma-catala-2-rotuladors\/\",\"url\":\"https:\/\/silviamolas.com\/tienda\/tallers-lettering\/kit-dossier-taller-diniciacio-al-lettering-idioma-catala-2-rotuladors\/\",\"name\":\"Kit dossier \u201cTaller d\u2019Iniciaci\u00f3 al Lettering\u201d, en idioma catal\u00e1n + 2 rotuladores - Silvia Molas\",\"isPartOf\":{\"@id\":\"https:\/\/silviamolas.com\/#website\"},\"primaryImageOfPage\":{\"@id\":\"https:\/\/silviamolas.com\/tienda\/tallers-lettering\/kit-dossier-taller-diniciacio-al-lettering-idioma-catala-2-rotuladors\/#primaryimage\"},\"image\":{\"@id\":\"https:\/\/silviamolas.com\/tienda\/tallers-lettering\/kit-dossier-taller-diniciacio-al-lettering-idioma-catala-2-rotuladors\/#primaryimage\"},\"thumbnailUrl\":\"https:\/\/silviamolas.com\/wp-content\/uploads\/2025\/11\/Kit_DossierInicLett_CAT_Foto1-scaled.jpg\",\"datePublished\":\"2025-11-03T15:49:54+00:00\",\"dateModified\":\"2025-11-04T11:09:35+00:00\",\"breadcrumb\":{\"@id\":\"https:\/\/silviamolas.com\/tienda\/tallers-lettering\/kit-dossier-taller-diniciacio-al-lettering-idioma-catala-2-rotuladors\/#breadcrumb\"},\"inLanguage\":\"es\",\"potentialAction\":[{\"@type\":\"ReadAction\",\"target\":[\"https:\/\/silviamolas.com\/tienda\/tallers-lettering\/kit-dossier-taller-diniciacio-al-lettering-idioma-catala-2-rotuladors\/\"]}]},{\"@type\":\"ImageObject\",\"inLanguage\":\"es\",\"@id\":\"https:\/\/silviamolas.com\/tienda\/tallers-lettering\/kit-dossier-taller-diniciacio-al-lettering-idioma-catala-2-rotuladors\/#primaryimage\",\"url\":\"https:\/\/silviamolas.com\/wp-content\/uploads\/2025\/11\/Kit_DossierInicLett_CAT_Foto1-scaled.jpg\",\"contentUrl\":\"https:\/\/silviamolas.com\/wp-content\/uploads\/2025\/11\/Kit_DossierInicLett_CAT_Foto1-scaled.jpg\",\"width\":2484,\"height\":2560,\"caption\":\"Kit_DossierInicLett_CAT_Foto1\"},{\"@type\":\"BreadcrumbList\",\"@id\":\"https:\/\/silviamolas.com\/tienda\/tallers-lettering\/kit-dossier-taller-diniciacio-al-lettering-idioma-catala-2-rotuladors\/#breadcrumb\",\"itemListElement\":[{\"@type\":\"ListItem\",\"position\":1,\"name\":\"Inici\",\"item\":\"https:\/\/silviamolas.com\/\"},{\"@type\":\"ListItem\",\"position\":2,\"name\":\"Tienda\",\"item\":\"https:\/\/silviamolas.com\/botiga\/\"},{\"@type\":\"ListItem\",\"position\":3,\"name\":\"Kit dossier \u201cTaller d\u2019Iniciaci\u00f3 al Lettering\u201d, en idioma catal\u00e1n + 2 rotuladores\"}]},{\"@type\":\"WebSite\",\"@id\":\"https:\/\/silviamolas.com\/#website\",\"url\":\"https:\/\/silviamolas.com\/\",\"name\":\"Silvia Molas\",\"description\":\"Art conscient \u00b7 Regals amb cor\",\"publisher\":{\"@id\":\"https:\/\/silviamolas.com\/#organization\"},\"potentialAction\":[{\"@type\":\"SearchAction\",\"target\":{\"@type\":\"EntryPoint\",\"urlTemplate\":\"https:\/\/silviamolas.com\/?s={search_term_string}\"},\"query-input\":{\"@type\":\"PropertyValueSpecification\",\"valueRequired\":true,\"valueName\":\"search_term_string\"}}],\"inLanguage\":\"es\"},{\"@type\":\"Organization\",\"@id\":\"https:\/\/silviamolas.com\/#organization\",\"name\":\"Silvia Molas\",\"url\":\"https:\/\/silviamolas.com\/\",\"logo\":{\"@type\":\"ImageObject\",\"inLanguage\":\"es\",\"@id\":\"https:\/\/silviamolas.com\/#\/schema\/logo\/image\/\",\"url\":\"https:\/\/silviamolas.com\/wp-content\/uploads\/2025\/06\/silviamolas-logo.png\",\"contentUrl\":\"https:\/\/silviamolas.com\/wp-content\/uploads\/2025\/06\/silviamolas-logo.png\",\"width\":266,\"height\":65,\"caption\":\"Silvia Molas\"},\"image\":{\"@id\":\"https:\/\/silviamolas.com\/#\/schema\/logo\/image\/\"}}]}<\/script>\n<!-- \/ Yoast SEO plugin. -->","yoast_head_json":{"title":"Kit dossier \u201cTaller d\u2019Iniciaci\u00f3 al Lettering\u201d, en idioma catal\u00e1n + 2 rotuladores - Silvia Molas","robots":{"index":"index","follow":"follow","max-snippet":"max-snippet:-1","max-image-preview":"max-image-preview:large","max-video-preview":"max-video-preview:-1"},"canonical":"https:\/\/silviamolas.com\/tienda\/tallers-lettering\/kit-dossier-taller-diniciacio-al-lettering-idioma-catala-2-rotuladors\/","og_locale":"es_ES","og_type":"article","og_title":"Kit dossier \u201cTaller d\u2019Iniciaci\u00f3 al Lettering\u201d, en idioma catal\u00e1n + 2 rotuladores - Silvia Molas","og_description":"Dossier A4 con 46 hojas en su interior (idioma catal\u00e1n) + 2 rotuladores con punta de pincel para realizar la pr\u00e1ctica. Los rotuladores se entregan dentro de un sobre personalizado con el nombre de la persona que recibir\u00e1 el kit.  Tapas de papel Kraft, y \u00faltima p\u00e1gina de cart\u00f3n r\u00edgido para tener un buen soporte y te lo puedas llevar a todos lados.  Se entrega dentro de una funda de pl\u00e1stico transparente con cierre autoadhesivo.","og_url":"https:\/\/silviamolas.com\/tienda\/tallers-lettering\/kit-dossier-taller-diniciacio-al-lettering-idioma-catala-2-rotuladors\/","og_site_name":"Silvia Molas","article_modified_time":"2025-11-04T11:09:35+00:00","og_image":[{"width":2484,"height":2560,"url":"https:\/\/silviamolas.com\/wp-content\/uploads\/2025\/11\/Kit_DossierInicLett_CAT_Foto1-scaled.jpg","type":"image\/jpeg"}],"twitter_card":"summary_large_image","twitter_misc":{"Tiempo de lectura":"1 minuto"},"schema":{"@context":"https:\/\/schema.org","@graph":[{"@type":"WebPage","@id":"https:\/\/silviamolas.com\/tienda\/tallers-lettering\/kit-dossier-taller-diniciacio-al-lettering-idioma-catala-2-rotuladors\/","url":"https:\/\/silviamolas.com\/tienda\/tallers-lettering\/kit-dossier-taller-diniciacio-al-lettering-idioma-catala-2-rotuladors\/","name":"Kit dossier \u201cTaller d\u2019Iniciaci\u00f3 al Lettering\u201d, en idioma catal\u00e1n + 2 rotuladores - Silvia Molas","isPartOf":{"@id":"https:\/\/silviamolas.com\/#website"},"primaryImageOfPage":{"@id":"https:\/\/silviamolas.com\/tienda\/tallers-lettering\/kit-dossier-taller-diniciacio-al-lettering-idioma-catala-2-rotuladors\/#primaryimage"},"image":{"@id":"https:\/\/silviamolas.com\/tienda\/tallers-lettering\/kit-dossier-taller-diniciacio-al-lettering-idioma-catala-2-rotuladors\/#primaryimage"},"thumbnailUrl":"https:\/\/silviamolas.com\/wp-content\/uploads\/2025\/11\/Kit_DossierInicLett_CAT_Foto1-scaled.jpg","datePublished":"2025-11-03T15:49:54+00:00","dateModified":"2025-11-04T11:09:35+00:00","breadcrumb":{"@id":"https:\/\/silviamolas.com\/tienda\/tallers-lettering\/kit-dossier-taller-diniciacio-al-lettering-idioma-catala-2-rotuladors\/#breadcrumb"},"inLanguage":"es","potentialAction":[{"@type":"ReadAction","target":["https:\/\/silviamolas.com\/tienda\/tallers-lettering\/kit-dossier-taller-diniciacio-al-lettering-idioma-catala-2-rotuladors\/"]}]},{"@type":"ImageObject","inLanguage":"es","@id":"https:\/\/silviamolas.com\/tienda\/tallers-lettering\/kit-dossier-taller-diniciacio-al-lettering-idioma-catala-2-rotuladors\/#primaryimage","url":"https:\/\/silviamolas.com\/wp-content\/uploads\/2025\/11\/Kit_DossierInicLett_CAT_Foto1-scaled.jpg","contentUrl":"https:\/\/silviamolas.com\/wp-content\/uploads\/2025\/11\/Kit_DossierInicLett_CAT_Foto1-scaled.jpg","width":2484,"height":2560,"caption":"Kit_DossierInicLett_CAT_Foto1"},{"@type":"BreadcrumbList","@id":"https:\/\/silviamolas.com\/tienda\/tallers-lettering\/kit-dossier-taller-diniciacio-al-lettering-idioma-catala-2-rotuladors\/#breadcrumb","itemListElement":[{"@type":"ListItem","position":1,"name":"Inici","item":"https:\/\/silviamolas.com\/"},{"@type":"ListItem","position":2,"name":"Tienda","item":"https:\/\/silviamolas.com\/botiga\/"},{"@type":"ListItem","position":3,"name":"Kit dossier \u201cTaller d\u2019Iniciaci\u00f3 al Lettering\u201d, en idioma catal\u00e1n + 2 rotuladores"}]},{"@type":"WebSite","@id":"https:\/\/silviamolas.com\/#website","url":"https:\/\/silviamolas.com\/","name":"Silvia Molas","description":"Art conscient \u00b7 Regals amb cor","publisher":{"@id":"https:\/\/silviamolas.com\/#organization"},"potentialAction":[{"@type":"SearchAction","target":{"@type":"EntryPoint","urlTemplate":"https:\/\/silviamolas.com\/?s={search_term_string}"},"query-input":{"@type":"PropertyValueSpecification","valueRequired":true,"valueName":"search_term_string"}}],"inLanguage":"es"},{"@type":"Organization","@id":"https:\/\/silviamolas.com\/#organization","name":"Silvia Molas","url":"https:\/\/silviamolas.com\/","logo":{"@type":"ImageObject","inLanguage":"es","@id":"https:\/\/silviamolas.com\/#\/schema\/logo\/image\/","url":"https:\/\/silviamolas.com\/wp-content\/uploads\/2025\/06\/silviamolas-logo.png","contentUrl":"https:\/\/silviamolas.com\/wp-content\/uploads\/2025\/06\/silviamolas-logo.png","width":266,"height":65,"caption":"Silvia Molas"},"image":{"@id":"https:\/\/silviamolas.com\/#\/schema\/logo\/image\/"}}]}},"jetpack_sharing_enabled":true,"_links":{"self":[{"href":"https:\/\/silviamolas.com\/es\/wp-json\/wp\/v2\/product\/58557","targetHints":{"allow":["GET"]}}],"collection":[{"href":"https:\/\/silviamolas.com\/es\/wp-json\/wp\/v2\/product"}],"about":[{"href":"https:\/\/silviamolas.com\/es\/wp-json\/wp\/v2\/types\/product"}],"replies":[{"embeddable":true,"href":"https:\/\/silviamolas.com\/es\/wp-json\/wp\/v2\/comments?post=58557"}],"version-history":[{"count":8,"href":"https:\/\/silviamolas.com\/es\/wp-json\/wp\/v2\/product\/58557\/revisions"}],"predecessor-version":[{"id":58868,"href":"https:\/\/silviamolas.com\/es\/wp-json\/wp\/v2\/product\/58557\/revisions\/58868"}],"wp:featuredmedia":[{"embeddable":true,"href":"https:\/\/silviamolas.com\/es\/wp-json\/wp\/v2\/media\/58559"}],"wp:attachment":[{"href":"https:\/\/silviamolas.com\/es\/wp-json\/wp\/v2\/media?parent=58557"}],"wp:term":[{"taxonomy":"product_brand","embeddable":true,"href":"https:\/\/silviamolas.com\/es\/wp-json\/wp\/v2\/product_brand?post=58557"},{"taxonomy":"product_cat","embeddable":true,"href":"https:\/\/silviamolas.com\/es\/wp-json\/wp\/v2\/product_cat?post=58557"},{"taxonomy":"product_tag","embeddable":true,"href":"https:\/\/silviamolas.com\/es\/wp-json\/wp\/v2\/product_tag?post=58557"}],"curies":[{"name":"wp","href":"https:\/\/api.w.org\/{rel}","templated":true}]}}