{"id":57422,"date":"2021-11-25T10:18:34","date_gmt":"2021-11-25T08:18:34","guid":{"rendered":"https:\/\/silviamolas.com\/devolucions-i-bescanvi\/"},"modified":"2025-10-14T14:49:47","modified_gmt":"2025-10-14T12:49:47","slug":"devoluciones-y-canje-de-producto","status":"publish","type":"page","link":"https:\/\/silviamolas.com\/es\/devoluciones-y-canje-de-producto\/","title":{"rendered":"Devoluciones y Canje de Producto"},"content":{"rendered":"\t\t<div data-elementor-type=\"wp-page\" data-elementor-id=\"57422\" class=\"elementor elementor-57422 elementor-47370\" data-elementor-post-type=\"page\">\n\t\t\t\t<div class=\"elementor-element elementor-element-1135b9a e-con-full e-flex e-con e-parent\" data-id=\"1135b9a\" data-element_type=\"container\" data-e-type=\"container\">\n\t\t<div class=\"elementor-element elementor-element-699b8e1 e-con-full e-flex e-con e-child\" data-id=\"699b8e1\" data-element_type=\"container\" data-e-type=\"container\">\n\t\t\t\t<div class=\"elementor-element elementor-element-2d466d2 elementor-widget elementor-widget-text-editor\" data-id=\"2d466d2\" data-element_type=\"widget\" data-e-type=\"widget\" data-widget_type=\"text-editor.default\">\n\t\t\t\t<div class=\"elementor-widget-container\">\n\t\t\t\t\t\t\t\t\t<p><strong>15 d\u00edas para devoluciones <\/strong><\/p><p><strong>Canje gratuito para productos que lleguen equivocados o en mal estado<\/strong><\/p><h3>\u00bfQu\u00e9 ocurre si un producto me llega equivocado o en mal estado?<\/h3><p>Disponemos de un servicio de\u00a0<strong>canje gratuito<\/strong>\u00a0para productos que lleguen equivocados, defectuosos o en mal estado. Si recibes un producto as\u00ed, contacta con nosotros\u00a0antes de 24 horas desde la recepci\u00f3n del paquete\u00a0a <a href=\"mailto:info@silviamolas.com\" target=\"_blank\" rel=\"noopener\"><strong>info@silviamolas.com<\/strong><\/a> y adjuntando fotograf\u00eda del producto roto junto a la caja o sobre y etiqueta de nuestra mensajer\u00eda.<\/p><h3>\u00bfC\u00f3mo puedo devolver un producto?<\/h3><p>Puedes devolver un producto si no te gusta, no es como esperabas, las medidas no se adec\u00faan a lo que necesitas o por cualquier otra raz\u00f3n.\u00a0<strong>Tienes un plazo de 15 d\u00edas desde la fecha de entrega para hacer la devoluci\u00f3n de cualquier producto.<\/strong><\/p><p>Los productos tienen que encontrarse en perfectas condiciones y con su embalaje original intacto. Env\u00edanos un e-mail a<strong>\u00a0hola@lafiestadeolivia.com<\/strong> para informarnos de que vas a realizar la devoluci\u00f3n y te informaremos sobre el procedimiento a seguir para el env\u00edo de vuelta del producto.<\/p><p>Cuando recibamos el paquete y comprobemos que est\u00e1 en buenas condiciones, reintegraremos el importe con la misma forma de pago con la que hayas realizado tu pedido.<\/p><p>Los costes del env\u00edo de los productos devueltos corren a cargo del cliente, salvo si la devoluci\u00f3n se produce por defectos en la mercanc\u00eda o por un error de servicio.<\/p>\t\t\t\t\t\t\t\t<\/div>\n\t\t\t\t<\/div>\n\t\t\t\t<\/div>\n\t\t\t\t<\/div>\n\t\t<div class=\"elementor-element elementor-element-36ef714d e-con-full e-flex e-con e-parent\" data-id=\"36ef714d\" data-element_type=\"container\" data-e-type=\"container\" data-settings=\"{&quot;background_background&quot;:&quot;classic&quot;}\">\n\t\t<div class=\"elementor-element elementor-element-5f6f0d9 e-grid e-con-full e-con e-child\" data-id=\"5f6f0d9\" data-element_type=\"container\" data-e-type=\"container\">\n\t\t\t\t<div class=\"elementor-element elementor-element-73df94d content-align-center icon-box-vertical-align-center icon-position-top icon-vertical-align-center elementor-widget elementor-widget-the7_icon_box_widget\" data-id=\"73df94d\" data-element_type=\"widget\" data-e-type=\"widget\" data-widget_type=\"the7_icon_box_widget.default\">\n\t\t\t\t<div class=\"elementor-widget-container\">\n\t\t\t\t\t\n\t\t<div class=\"the7-box-wrapper the7-elementor-widget the7_icon_box_widget-73df94d\">\t\t\t<div class=\"box-content-wrapper\">\n\t\t\t\t\t\t\t\t\t<a class=\"elementor-icon-div\" >\t\t\t\t\t\t<div class=\"elementor-icon\">\n\t\t\t\t\t\t\t<svg xmlns=\"http:\/\/www.w3.org\/2000\/svg\" data-name=\"Capa 1\" id=\"Capa_1\" viewBox=\"0 0 20 19.84\"><path d=\"M15.74,10.42A.73.73,0,0,0,15,9.86h-3.3l-.13-2.28a.85.85,0,0,0-.85-.8H10V5.92a2.08,2.08,0,0,0-4.16,0v.86h-.7a.85.85,0,0,0-.85.81l-.4,7A1.43,1.43,0,0,0,5.33,16H10l.3,0H14.8a1.43,1.43,0,0,0,1-.42.84.84,0,0,0,.25-.69ZM6.55,5.92a1.38,1.38,0,0,1,2.75,0v.86H6.55ZM4.61,14.5,5,7.63a.16.16,0,0,1,.15-.15h.7v.37a.35.35,0,1,0,.7,0V7.48H9.3v.37a.36.36,0,0,0,.71,0V7.48h.67a.16.16,0,0,1,.15.15L11,9.86h-.8a.76.76,0,0,0-.83.62L9,14.89a.82.82,0,0,0,.06.38H5.33A.73.73,0,0,1,4.61,14.5Zm10.72.6a.71.71,0,0,1-.53.2H10.64a.35.35,0,0,0-.14,0h-.38a.67.67,0,0,1-.37-.17.21.21,0,0,1-.07-.16L10,10.55H15l.09,0,.35,4.4A.21.21,0,0,1,15.33,15.1Z\"><\/path><path d=\"M13.57,11.19a.35.35,0,0,0-.35.35v.71a.67.67,0,0,1-1.31,0v-.71a.35.35,0,1,0-.7,0v.71a1.36,1.36,0,0,0,2.71,0v-.71A.35.35,0,0,0,13.57,11.19Z\"><\/path><\/svg>\t\t\t\t\t\t<\/div>\n\t\t\t\t\t<\/a>\t\t\t\t\t\t\t\t<div class=\"box-content\">\n\t\t\t\t\t\t\t\t\t\t\t\t\t\t\t\t\t<h4 class=\"box-heading\">\n\t\t\t\t\t\t\t<a >\t\t\t\t\t\t\t\tEnv\u00edo gratis \t\t\t\t\t\t\t<\/a>\t\t\t\t\t\t<\/h4>\n\t\t\t\t\t\t\t\t\t\t\t\t\t\t\t\t<div class=\"box-description\">\n\nEn pedidos superiores a los 65\u20ac\n<\/div>\n\t\t\t\t\t\n\t\t\t\t\t\n\t\t\t\t<\/div>\n\t\t\t<\/div>\n\t\t<\/div>\t\t\t\t\t<\/div>\n\t\t\t\t<\/div>\n\t\t\t\t<div class=\"elementor-element elementor-element-e3cd855 content-align-center icon-box-vertical-align-center icon-position-top icon-vertical-align-center elementor-widget elementor-widget-the7_icon_box_widget\" data-id=\"e3cd855\" data-element_type=\"widget\" data-e-type=\"widget\" data-widget_type=\"the7_icon_box_widget.default\">\n\t\t\t\t<div class=\"elementor-widget-container\">\n\t\t\t\t\t\n\t\t<div class=\"the7-box-wrapper the7-elementor-widget the7_icon_box_widget-e3cd855\">\t\t\t<div class=\"box-content-wrapper\">\n\t\t\t\t\t\t\t\t\t<a class=\"elementor-icon-div\" >\t\t\t\t\t\t<div class=\"elementor-icon\">\n\t\t\t\t\t\t\t<svg xmlns=\"http:\/\/www.w3.org\/2000\/svg\" id=\"Capa_1\" viewBox=\"0 0 24 24\"><path d=\"M10.49,11.75h2.35c.77,0,.77-1.18,0-1.18h-2.35c-.77,0-.77,1.18,0,1.18Z\"><\/path><path d=\"M18.41,12.69h-7.92c-.77,0-.77,1.18,0,1.18h7.92c.77,0,.77-1.18,0-1.18Z\"><\/path><path d=\"M20.68,4.88l-2.14,1.75-.52-.71c-.46-.62-1.4.07-.95.69l.88,1.21c.21.28.61.32.87.09l2.6-2.13c.59-.49-.15-1.4-.74-.91Z\"><\/path><path d=\"M19.3,1.93c-2.24,0-4.14,1.66-4.43,3.88H3.05C1.5,5.82.23,7.09.23,8.65v10.59c0,1.56,1.27,2.83,2.83,2.83h16.25c1.56,0,2.83-1.27,2.83-2.83v-9.36c1.04-.85,1.65-2.12,1.65-3.47,0-2.47-2-4.47-4.47-4.47ZM20.95,19.24c0,.91-.74,1.65-1.65,1.65H3.05c-.91,0-1.65-.74-1.65-1.65v-.78h19.54v.78ZM20.95,17.28H1.41v-8.63c0-.91.74-1.65,1.65-1.65h11.81c.29,2.22,2.19,3.88,4.43,3.88.58,0,1.14-.11,1.65-.31v6.71ZM19.3,9.7c-1.82,0-3.3-1.48-3.3-3.3s1.48-3.3,3.3-3.3,3.3,1.48,3.3,3.3-1.49,3.3-3.3,3.3Z\"><\/path><path d=\"M8.14,9.77H3.43c-.32,0-.59.26-.59.59v3.71c0,.33.26.59.59.59h4.71c.32,0,.59-.26.59-.59v-3.71c0-.33-.26-.59-.59-.59ZM7.55,13.48h-3.53v-2.53h3.53v2.53Z\"><\/path><\/svg>\t\t\t\t\t\t<\/div>\n\t\t\t\t\t<\/a>\t\t\t\t\t\t\t\t<div class=\"box-content\">\n\t\t\t\t\t\t\t\t\t\t\t\t\t\t\t\t\t<h4 class=\"box-heading\">\n\t\t\t\t\t\t\t<a >\t\t\t\t\t\t\t\tPago Seguro\t\t\t\t\t\t\t<\/a>\t\t\t\t\t\t<\/h4>\n\t\t\t\t\t\t\t\t\t\t\t\t\t\t\t\t<div class=\"box-description\">Tarjeta de cr\u00e9dito y PayPal<\/div>\n\t\t\t\t\t\n\t\t\t\t\t\n\t\t\t\t<\/div>\n\t\t\t<\/div>\n\t\t<\/div>\t\t\t\t\t<\/div>\n\t\t\t\t<\/div>\n\t\t\t\t<div class=\"elementor-element elementor-element-ffdee61 content-align-center icon-box-vertical-align-center icon-position-top icon-vertical-align-center elementor-widget elementor-widget-the7_icon_box_widget\" data-id=\"ffdee61\" data-element_type=\"widget\" data-e-type=\"widget\" data-widget_type=\"the7_icon_box_widget.default\">\n\t\t\t\t<div class=\"elementor-widget-container\">\n\t\t\t\t\t\n\t\t<div class=\"the7-box-wrapper the7-elementor-widget the7_icon_box_widget-ffdee61\">\t\t\t<div class=\"box-content-wrapper\">\n\t\t\t\t\t\t\t\t\t<a class=\"elementor-icon-div\" >\t\t\t\t\t\t<div class=\"elementor-icon\">\n\t\t\t\t\t\t\t<svg xmlns=\"http:\/\/www.w3.org\/2000\/svg\" viewBox=\"0 0 24 24\"><g id=\"delivery-out\"><path d=\"M20.5,8H17V6.5A2.5026,2.5026,0,0,0,14.5,4a.5.5,0,0,0,0,1A1.5017,1.5017,0,0,1,16,6.5v8.5505a2.5067,2.5067,0,0,0-1.95,1.95H7.95a2.4965,2.4965,0,0,0-4.878-.07A1.4971,1.4971,0,0,1,2,15.5v-9A1.5017,1.5017,0,0,1,3.5,5a.5.5,0,0,0,0-1A2.5026,2.5026,0,0,0,1,6.5v9a2.5,2.5,0,0,0,2.0459,2.4541A2.4974,2.4974,0,0,0,7.95,18h6.101a2.5,2.5,0,0,0,4.899,0H21.5A1.5017,1.5017,0,0,0,23,16.5v-6A2.5026,2.5026,0,0,0,20.5,8Zm0,1A1.5017,1.5017,0,0,1,22,10.5V12H20.5a3.5069,3.5069,0,0,1-3.4648-3ZM5.5,19A1.5,1.5,0,1,1,7,17.5,1.5017,1.5017,0,0,1,5.5,19Zm11,0A1.5,1.5,0,1,1,18,17.5,1.5017,1.5017,0,0,1,16.5,19Zm5-2H18.95a2.5067,2.5067,0,0,0-1.95-1.95v-3.757A4.4751,4.4751,0,0,0,20.5,13H22v3.5A.501.501,0,0,1,21.5,17Z\"><\/path><path d=\"M10.8535,5.8535a.5.5,0,0,1-.707,0L9.5,5.207V9a.5.5,0,0,1-1,0V5.207l-.6465.6465a.5.5,0,0,1-.707-.707L8.6459,3.6471a.5016.5016,0,0,1,.7082,0l1.4994,1.4994A.5.5,0,0,1,10.8535,5.8535Z\"><\/path><\/g><\/svg>\t\t\t\t\t\t<\/div>\n\t\t\t\t\t<\/a>\t\t\t\t\t\t\t\t<div class=\"box-content\">\n\t\t\t\t\t\t\t\t\t\t\t\t\t\t\t\t\t<h4 class=\"box-heading\">\n\t\t\t\t\t\t\t<a >\t\t\t\t\t\t\t\tEnv\u00edo Express \t\t\t\t\t\t\t<\/a>\t\t\t\t\t\t<\/h4>\n\t\t\t\t\t\t\t\t\t\t\t\t\t\t\t\t<div class=\"box-description\">Entrega en 2-5 d\u00edas<\/div>\n\t\t\t\t\t\n\t\t\t\t\t\n\t\t\t\t<\/div>\n\t\t\t<\/div>\n\t\t<\/div>\t\t\t\t\t<\/div>\n\t\t\t\t<\/div>\n\t\t\t\t<\/div>\n\t\t\t\t<\/div>\n\t\t\t\t<\/div>\n\t\t","protected":false},"excerpt":{"rendered":"<p>15 d\u00edas para devoluciones Canje gratuito para productos que lleguen equivocados o en mal estado \u00bfQu\u00e9 ocurre si un producto me llega equivocado o en mal estado? Disponemos de un servicio de\u00a0canje gratuito\u00a0para productos que lleguen equivocados, defectuosos o en mal estado. Si recibes un producto as\u00ed, contacta con nosotros\u00a0antes de 24 horas desde la&hellip;<\/p>\n","protected":false},"author":1,"featured_media":0,"parent":0,"menu_order":100,"comment_status":"closed","ping_status":"closed","template":"","meta":{"footnotes":""},"class_list":["post-57422","page","type-page","status-publish","hentry"],"yoast_head":"<!-- This site is optimized with the Yoast SEO plugin v27.1 - https:\/\/yoast.com\/product\/yoast-seo-wordpress\/ -->\n<title>Devoluciones y Canje de Producto - Silvia Molas<\/title>\n<meta name=\"robots\" content=\"index, follow, max-snippet:-1, max-image-preview:large, max-video-preview:-1\" \/>\n<link rel=\"canonical\" href=\"https:\/\/silviamolas.com\/devolucions-i-bescanvi\/\" \/>\n<meta property=\"og:locale\" content=\"es_ES\" \/>\n<meta property=\"og:type\" content=\"article\" \/>\n<meta property=\"og:title\" content=\"Devoluciones y Canje de Producto - Silvia Molas\" \/>\n<meta property=\"og:description\" content=\"15 d\u00edas para devoluciones Canje gratuito para productos que lleguen equivocados o en mal estado \u00bfQu\u00e9 ocurre si un producto me llega equivocado o en mal estado? Disponemos de un servicio de\u00a0canje gratuito\u00a0para productos que lleguen equivocados, defectuosos o en mal estado. Si recibes un producto as\u00ed, contacta con nosotros\u00a0antes de 24 horas desde la&hellip;\" \/>\n<meta property=\"og:url\" content=\"https:\/\/silviamolas.com\/devolucions-i-bescanvi\/\" \/>\n<meta property=\"og:site_name\" content=\"Silvia Molas\" \/>\n<meta property=\"article:modified_time\" content=\"2025-10-14T12:49:47+00:00\" \/>\n<meta name=\"twitter:card\" content=\"summary_large_image\" \/>\n<meta name=\"twitter:label1\" content=\"Tiempo de lectura\" \/>\n\t<meta name=\"twitter:data1\" content=\"1 minuto\" \/>\n<script type=\"application\/ld+json\" class=\"yoast-schema-graph\">{\"@context\":\"https:\/\/schema.org\",\"@graph\":[{\"@type\":\"WebPage\",\"@id\":\"https:\/\/silviamolas.com\/devolucions-i-bescanvi\/\",\"url\":\"https:\/\/silviamolas.com\/devolucions-i-bescanvi\/\",\"name\":\"Devoluciones y Canje de Producto - Silvia Molas\",\"isPartOf\":{\"@id\":\"https:\/\/silviamolas.com\/#website\"},\"datePublished\":\"2021-11-25T08:18:34+00:00\",\"dateModified\":\"2025-10-14T12:49:47+00:00\",\"breadcrumb\":{\"@id\":\"https:\/\/silviamolas.com\/devolucions-i-bescanvi\/#breadcrumb\"},\"inLanguage\":\"es\",\"potentialAction\":[{\"@type\":\"ReadAction\",\"target\":[\"https:\/\/silviamolas.com\/devolucions-i-bescanvi\/\"]}]},{\"@type\":\"BreadcrumbList\",\"@id\":\"https:\/\/silviamolas.com\/devolucions-i-bescanvi\/#breadcrumb\",\"itemListElement\":[{\"@type\":\"ListItem\",\"position\":1,\"name\":\"Inici\",\"item\":\"https:\/\/silviamolas.com\/\"},{\"@type\":\"ListItem\",\"position\":2,\"name\":\"Devoluciones y Canje de Producto\"}]},{\"@type\":\"WebSite\",\"@id\":\"https:\/\/silviamolas.com\/#website\",\"url\":\"https:\/\/silviamolas.com\/\",\"name\":\"Silvia Molas\",\"description\":\"Art conscient \u00b7 Regals amb cor\",\"publisher\":{\"@id\":\"https:\/\/silviamolas.com\/#organization\"},\"potentialAction\":[{\"@type\":\"SearchAction\",\"target\":{\"@type\":\"EntryPoint\",\"urlTemplate\":\"https:\/\/silviamolas.com\/?s={search_term_string}\"},\"query-input\":{\"@type\":\"PropertyValueSpecification\",\"valueRequired\":true,\"valueName\":\"search_term_string\"}}],\"inLanguage\":\"es\"},{\"@type\":\"Organization\",\"@id\":\"https:\/\/silviamolas.com\/#organization\",\"name\":\"Silvia Molas\",\"url\":\"https:\/\/silviamolas.com\/\",\"logo\":{\"@type\":\"ImageObject\",\"inLanguage\":\"es\",\"@id\":\"https:\/\/silviamolas.com\/#\/schema\/logo\/image\/\",\"url\":\"https:\/\/silviamolas.com\/wp-content\/uploads\/2025\/06\/silviamolas-logo.png\",\"contentUrl\":\"https:\/\/silviamolas.com\/wp-content\/uploads\/2025\/06\/silviamolas-logo.png\",\"width\":266,\"height\":65,\"caption\":\"Silvia Molas\"},\"image\":{\"@id\":\"https:\/\/silviamolas.com\/#\/schema\/logo\/image\/\"}}]}<\/script>\n<!-- \/ Yoast SEO plugin. -->","yoast_head_json":{"title":"Devoluciones y Canje de Producto - Silvia Molas","robots":{"index":"index","follow":"follow","max-snippet":"max-snippet:-1","max-image-preview":"max-image-preview:large","max-video-preview":"max-video-preview:-1"},"canonical":"https:\/\/silviamolas.com\/devolucions-i-bescanvi\/","og_locale":"es_ES","og_type":"article","og_title":"Devoluciones y Canje de Producto - Silvia Molas","og_description":"15 d\u00edas para devoluciones Canje gratuito para productos que lleguen equivocados o en mal estado \u00bfQu\u00e9 ocurre si un producto me llega equivocado o en mal estado? Disponemos de un servicio de\u00a0canje gratuito\u00a0para productos que lleguen equivocados, defectuosos o en mal estado. Si recibes un producto as\u00ed, contacta con nosotros\u00a0antes de 24 horas desde la&hellip;","og_url":"https:\/\/silviamolas.com\/devolucions-i-bescanvi\/","og_site_name":"Silvia Molas","article_modified_time":"2025-10-14T12:49:47+00:00","twitter_card":"summary_large_image","twitter_misc":{"Tiempo de lectura":"1 minuto"},"schema":{"@context":"https:\/\/schema.org","@graph":[{"@type":"WebPage","@id":"https:\/\/silviamolas.com\/devolucions-i-bescanvi\/","url":"https:\/\/silviamolas.com\/devolucions-i-bescanvi\/","name":"Devoluciones y Canje de Producto - Silvia Molas","isPartOf":{"@id":"https:\/\/silviamolas.com\/#website"},"datePublished":"2021-11-25T08:18:34+00:00","dateModified":"2025-10-14T12:49:47+00:00","breadcrumb":{"@id":"https:\/\/silviamolas.com\/devolucions-i-bescanvi\/#breadcrumb"},"inLanguage":"es","potentialAction":[{"@type":"ReadAction","target":["https:\/\/silviamolas.com\/devolucions-i-bescanvi\/"]}]},{"@type":"BreadcrumbList","@id":"https:\/\/silviamolas.com\/devolucions-i-bescanvi\/#breadcrumb","itemListElement":[{"@type":"ListItem","position":1,"name":"Inici","item":"https:\/\/silviamolas.com\/"},{"@type":"ListItem","position":2,"name":"Devoluciones y Canje de Producto"}]},{"@type":"WebSite","@id":"https:\/\/silviamolas.com\/#website","url":"https:\/\/silviamolas.com\/","name":"Silvia Molas","description":"Art conscient \u00b7 Regals amb cor","publisher":{"@id":"https:\/\/silviamolas.com\/#organization"},"potentialAction":[{"@type":"SearchAction","target":{"@type":"EntryPoint","urlTemplate":"https:\/\/silviamolas.com\/?s={search_term_string}"},"query-input":{"@type":"PropertyValueSpecification","valueRequired":true,"valueName":"search_term_string"}}],"inLanguage":"es"},{"@type":"Organization","@id":"https:\/\/silviamolas.com\/#organization","name":"Silvia Molas","url":"https:\/\/silviamolas.com\/","logo":{"@type":"ImageObject","inLanguage":"es","@id":"https:\/\/silviamolas.com\/#\/schema\/logo\/image\/","url":"https:\/\/silviamolas.com\/wp-content\/uploads\/2025\/06\/silviamolas-logo.png","contentUrl":"https:\/\/silviamolas.com\/wp-content\/uploads\/2025\/06\/silviamolas-logo.png","width":266,"height":65,"caption":"Silvia Molas"},"image":{"@id":"https:\/\/silviamolas.com\/#\/schema\/logo\/image\/"}}]}},"jetpack_sharing_enabled":true,"_links":{"self":[{"href":"https:\/\/silviamolas.com\/es\/wp-json\/wp\/v2\/pages\/57422","targetHints":{"allow":["GET"]}}],"collection":[{"href":"https:\/\/silviamolas.com\/es\/wp-json\/wp\/v2\/pages"}],"about":[{"href":"https:\/\/silviamolas.com\/es\/wp-json\/wp\/v2\/types\/page"}],"author":[{"embeddable":true,"href":"https:\/\/silviamolas.com\/es\/wp-json\/wp\/v2\/users\/1"}],"replies":[{"embeddable":true,"href":"https:\/\/silviamolas.com\/es\/wp-json\/wp\/v2\/comments?post=57422"}],"version-history":[{"count":7,"href":"https:\/\/silviamolas.com\/es\/wp-json\/wp\/v2\/pages\/57422\/revisions"}],"predecessor-version":[{"id":57459,"href":"https:\/\/silviamolas.com\/es\/wp-json\/wp\/v2\/pages\/57422\/revisions\/57459"}],"wp:attachment":[{"href":"https:\/\/silviamolas.com\/es\/wp-json\/wp\/v2\/media?parent=57422"}],"curies":[{"name":"wp","href":"https:\/\/api.w.org\/{rel}","templated":true}]}}