{"id":57420,"date":"2025-07-10T15:20:18","date_gmt":"2025-07-10T13:20:18","guid":{"rendered":"https:\/\/silviamolas.com\/avis-legal\/"},"modified":"2025-11-21T12:13:05","modified_gmt":"2025-11-21T11:13:05","slug":"aviso-legal","status":"publish","type":"page","link":"https:\/\/silviamolas.com\/es\/aviso-legal\/","title":{"rendered":"Aviso legal"},"content":{"rendered":"\t\t<div data-elementor-type=\"wp-page\" data-elementor-id=\"57420\" class=\"elementor elementor-57420 elementor-55205\" data-elementor-post-type=\"page\">\n\t\t\t\t<div class=\"elementor-element elementor-element-0d0f31d e-con-full e-flex e-con e-parent\" data-id=\"0d0f31d\" data-element_type=\"container\" data-e-type=\"container\">\n\t\t<div class=\"elementor-element elementor-element-c26a100 e-con-full e-flex e-con e-child\" data-id=\"c26a100\" data-element_type=\"container\" data-e-type=\"container\">\n\t\t\t\t<div class=\"elementor-element elementor-element-02a3b87 elementor-widget elementor-widget-text-editor\" data-id=\"02a3b87\" data-element_type=\"widget\" data-e-type=\"widget\" data-widget_type=\"text-editor.default\">\n\t\t\t\t<div class=\"elementor-widget-container\">\n\t\t\t\t\t\t\t\t\t<h3>1. Informaci\u00f3n legal<\/h3><p>En cumplimiento del deber de informaci\u00f3n recogido en el art\u00edculo 10 de la Ley 34\/2002, de 11 de julio, de Servicios de la Sociedad de la Informaci\u00f3n y del Comercio Electr\u00f3nico (en adelante LSSICE), te comunico que www.silviamolas.com es un dominio de mi titularidad.<\/p><p>Mis datos identificativos y de contacto como titular del Portal Web son los siguientes:<\/p><p><strong>Titular:<\/strong> Silvia Molas<br \/><strong>Domicilio:<\/strong> Ronda de Baix, 24 17460 Celr\u00e0<br \/><strong>C.I.F.:<\/strong> 46579864B<br \/><strong>Direcci\u00f3n de correo electr\u00f3nico de contacto:<\/strong>\u00a0 <a href=\"mailto:hola@silviamolas.com\">hola@silviamolas.com<\/a><\/p><h3>2. Condiciones generales de uso<\/h3><p>Te informo que el acceso y uso de esta p\u00e1gina Web est\u00e1 sujeto al presente Aviso Legal.<\/p><p>Los contenidos presentados a trav\u00e9s de esta p\u00e1gina Web tienen como finalidad ofrecer informaci\u00f3n sobre mis servicios y actividades que desarrolle, as\u00ed como para establecer un canal de comunicaci\u00f3n con los usuarios de la misma. Adem\u00e1s, a trav\u00e9s de esta p\u00e1gina Web el visitante podr\u00e1 efectuar la contrataci\u00f3n online de los servicios expuestos al efecto en la misma, en cuyo caso ser\u00e1 de aplicaci\u00f3n las Condiciones Generales de Contrataci\u00f3n disponibles en esta Web, a\u00f1adido a estas Condiciones Generales de Uso.<\/p><p>El acceso y uso de este sitio Web atribuye al visitante la condici\u00f3n de USUARIO, que acepta de forma plena y sin reservas, desde este acceso y\/o uso, todos y cada uno de los t\u00e9rminos y condiciones aqu\u00ed expuestos.<\/p><p>El acceso a esta Web es libre y gratuito, salvo en lo relativo al coste de conexi\u00f3n de la red de telecomunicaciones suministrada por el operador contratado por cada USUARIO.<\/p><p>El simple acceso a la Web no supone ning\u00fan tipo de relaci\u00f3n comercial entre el USUARIO de la misma y Silvia Molas.<\/p><p>EL USUARIO asume la responsabilidad del uso del portal. Esta responsabilidad se extiende al registro que sea necesario para acceder a determinados servicios o contenidos. En este registro el USUARIO ser\u00e1 responsable de aportar informaci\u00f3n veraz y l\u00edcita. Como consecuencia de este registro, en su caso, al USUARIO se le puede proporcionar una contrase\u00f1a, siendo responsabilidad del USUARIO realizar un uso diligente de la misma, preservando en todo momento su confidencialidad.<\/p><p>El USUARIO se obliga a realizar un uso diligente, responsable y de buena fe de este sitio Web ya no utilizarlo de forma contraria a la disposici\u00f3n por la legislaci\u00f3n vigente. Con car\u00e1cter enunciativo y no limitativo, el USUARIO se compromete a no utilizar los contenidos y servicios de esta Web para:<\/p><p>Falsear su identidad, haci\u00e9ndose pasar por otra persona.<br \/>Difundir contenidos o propaganda de car\u00e1cter racista, xen\u00f3fobo, violento, pornogr\u00e1fico, ofensivo, de apolog\u00eda del terrorismo o, en general, atentador contra los derechos humanos.<br \/>Provocar da\u00f1os en los sistemas f\u00edsicos y l\u00f3gicos del titular de este sitio Web, de sus proveedores o de terceras personas, introducir o difundir en la red virus inform\u00e1ticos o cualquiera de los otros sistemas f\u00edsicos o l\u00f3gicos que sean susceptibles de provocar los da\u00f1os anteriormente citados.<br \/>Introducir o incorporar como una actividad empresarial o profesional propia los contenidos y\/o servicios presentados en este sitio www.silviamolas.com<br \/>Utilizar esta p\u00e1gina Web, o cuyos contenidos y\/o servicios obtenidos, para la realizaci\u00f3n de actividades contrarias a la Ley, a la moral, a las buenas costumbres o al orden p\u00fablico, con fines o efectos il\u00edcitos, prohibidos o lesivos de derechos e intereses de terceros.<\/p><p>Como titular de este sitio Web, me reservo el derecho de retirar todos aquellos comentarios y aportaciones que, a mi juicio, vulneran el respeto a la dignidad de la persona, que sean discriminatorios, xen\u00f3fobos, racistas, pornogr\u00e1ficos, que atenten contra la juventud o la infancia, el orden o la seguridad p\u00fablica, o que la orden o la seguridad p\u00fablica. En cualquier caso, como titular de este sitio Web no ser\u00e9 responsable de las opiniones vertidas por los USUARIOS a trav\u00e9s del blog u otras herramientas de participaci\u00f3n.<\/p><h3>3. Protecci\u00f3n de datos de car\u00e1cter personal<\/h3><p>Te informo que cumplo con las disposiciones de la Ley Org\u00e1nica 15\/1999, de 13 de diciembre, de Protecci\u00f3n de Datos de Car\u00e1cter Personal, del Real Decreto 1720\/2007, de 21 de diciembre, por el que se aprueba el Reglamento de desarrollo de la Ley Org\u00e1nica, y dem\u00e1s normativa vigente sobre las materia, personales del USUARIO.<\/p><p>Por ello, en este sitio Web se publica la Pol\u00edtica de privacidad adoptada en relaci\u00f3n con los datos personales recogidos a trav\u00e9s del mismo, informando de la existencia de ficheros o tratos de datos, de la identidad y direcci\u00f3n de su responsable, de la finalidad de la recogida de los datos, de la posibilidad y la forma de ejercitar los derechos de acceso, rectificaci\u00f3n, cancelaci\u00f3n y oposici\u00f3n y.<\/p><p>De la misma forma, te informo que, en el marco de la adecuaci\u00f3n de mis actividades a la normativa vigente sobre protecci\u00f3n de datos de car\u00e1cter personal, figuran inscritos en el Registro General de Protecci\u00f3n de Datos los Ficheros de datos de los que soy titular y responsable. Asimismo, he tomado las medidas necesarias para garantizar la seguridad de la informaci\u00f3n personal.<\/p><h3>4. Propiedad intelectual e industrial<\/h3><p>Soy titular, para m o como cesionaria, de todos los derechos de propiedad intelectual e industrial de este sitio Web, as\u00ed como de los elementos contenidos en el mismo (a t\u00edtulo enunciativo, im\u00e1genes, software o texto, marcas o logotipos, combinaciones de colores, estructura y dise\u00f1o, selecci\u00f3n de materiales utilizados, programas de ordenador necesarios para su funcionamiento, acceso y uso, etc.). Todos los derechos reservados.<\/p><p>Quedan expresamente prohibidos la reproducci\u00f3n, transformaci\u00f3n, distribuci\u00f3n y comunicaci\u00f3n p\u00fablica, incluida su modalidad de puesta a disposici\u00f3n, de la totalidad o parte de los contenidos de este sitio Web, con fines comerciales, en cualquier soporte y para cualquier medio t\u00e9cnico, sin mi autorizaci\u00f3n previa y por escrito.<\/p><p>El USUARIO se compromete a respetar los derechos de propiedad intelectual e industrial de mi titularidad, como propietaria o cesionaria. Podr\u00e1 visualizar los elementos del portal Web e incluso imprimirlos, copiarlos y almacenarlos en el disco duro de su ordenador o en cualquier otro soporte f\u00edsico siempre y cuando sea, \u00fanica y exclusivamente, para su uso personal y privado. El USUARIO deber\u00e1 abstenerse de suprimir, alterar, eludir o manipular cualquier dispositivo de protecci\u00f3n o sistema de seguridad que est\u00e9 instalado en este sitio www.silviamolas.com<\/p><h3>5. Exclusi\u00f3n de garant\u00edas y responsabilidad<\/h3><p>Como titular de este sitio Web no me hago responsable, en ning\u00fan caso, de los da\u00f1os y perjuicios de cualquier naturaleza que pudieran ocasionar, a t\u00edtulo enunciativo: errores u omisiones en los contenidos, falta de disponibilidad del sitio Web, o la transmisi\u00f3n de virus o programas maliciosos o lesivos en los contenidos, a pesar de haber adoptado medidas tecnol\u00f3gicas destinadas a evitarlo.<\/p><h3>6. Modificaciones del sitio web<\/h3><p>Me reservo el derecho de efectuar sin previo aviso las modificaciones que considere oportunas en esta p\u00e1gina Web, pudiendo cambiar, sustituir o a\u00f1adir tanto los contenidos y servicios que se ofrezcan a trav\u00e9s de la misma, como la forma en que \u00e9stos aparezcan presentados o localizados en el sitio www.silviamolas.com.<\/p><h3>7. Enlaces<\/h3><p>En el caso de que en www.silviamolas.com se dispusieran enlaces o hiperv\u00ednculos hacia otros sitios de Internet, no ejercer\u00e9 ning\u00fan control sobre estos sitios y contenidos. En ning\u00fan caso asumir\u00e9 responsabilidad alguna por los contenidos de alg\u00fan enlace que pertenezca a un sitio Web ajeno, ni garantizar\u00e9 la disponibilidad t\u00e9cnica, calidad, fiabilidad, exactitud, amplitud, veracidad, validez o constitucionalidad de cualquier material o informaci\u00f3n contenida en ninguno de estos hiperv\u00ednculos u otros sitios de Internet.<\/p><p>Asimismo, la inclusi\u00f3n de estas conexiones externas no implicar\u00e1 ning\u00fan tipo de asociaci\u00f3n, fusi\u00f3n o participaci\u00f3n con las entidades conectadas.<\/p><h3>8. Derecho de exclusi\u00f3n<\/h3><p>Me reservo el derecho a denegar o retirar el acceso a este sitio Web y\/oa los contenidos que se ofrecen en el mismo, sin necesidad de preaviso, a instancia propia o de terceros, a aquellos USUARIOS que incumplan las presentes Condiciones Generales de uso o cualquier otro t\u00e9rmino o condici\u00f3n que regule su funcionamiento.<\/p><h3>9. Nulidad<\/h3><p>Si cualquier disposici\u00f3n o contenido de este Aviso Legal fuese declarado nulo o sin efecto, en todo o en parte, mediante resoluci\u00f3n firme por un Juzgado o Tribunal competentes, las restantes disposiciones conservar\u00e1n su validez a todos los efectos.<\/p><h3>10. Incumplimientos<\/h3><p>Te informo que voy a perseguir el incumplimiento de las presentes condiciones, as\u00ed como cualquier utilizaci\u00f3n indebida de este sitio Web, ejerciendo todas las acciones civiles, penales y administrativas que me puedan corresponder en Derecho.<\/p><h3>11. Modificaci\u00f3n de las presentes Condiciones<\/h3><p>Igualmente, como titular de este sitio Web podr\u00e9 modificar en todo o en parte y en cualquier momento las condiciones aqu\u00ed determinadas, y las que tendr\u00e1n vigencia desde el mismo momento de su publicaci\u00f3n en este sitio www.silviamolas.com.<\/p><p>Por lo expuesto, se recomienda al USUARIO que visite peri\u00f3dicamente este Aviso Legal.<\/p><h3>12. Ley aplicable y jurisdicci\u00f3n<\/h3><p>La relaci\u00f3n entre Silvia Molas como titular de este sitio Web y el USUARIO se regir\u00e1 por la normativa espa\u00f1ola en vigor, someti\u00e9ndose cualquier controversia a los Juzgados y Tribunales competentes seg\u00fan la ley.<\/p>\t\t\t\t\t\t\t\t<\/div>\n\t\t\t\t<\/div>\n\t\t\t\t<\/div>\n\t\t\t\t<\/div>\n\t\t<div class=\"elementor-element elementor-element-0f97723 e-con-full e-flex e-con e-parent\" data-id=\"0f97723\" data-element_type=\"container\" data-e-type=\"container\" data-settings=\"{&quot;background_background&quot;:&quot;classic&quot;}\">\n\t\t<div class=\"elementor-element elementor-element-55d42e1 e-grid e-con-full e-con e-child\" data-id=\"55d42e1\" data-element_type=\"container\" data-e-type=\"container\">\n\t\t\t\t<div class=\"elementor-element elementor-element-33b2faf content-align-center icon-box-vertical-align-center icon-position-top icon-vertical-align-center elementor-widget elementor-widget-the7_icon_box_widget\" data-id=\"33b2faf\" data-element_type=\"widget\" data-e-type=\"widget\" data-widget_type=\"the7_icon_box_widget.default\">\n\t\t\t\t<div class=\"elementor-widget-container\">\n\t\t\t\t\t\n\t\t<div class=\"the7-box-wrapper the7-elementor-widget the7_icon_box_widget-33b2faf\">\t\t\t<div class=\"box-content-wrapper\">\n\t\t\t\t\t\t\t\t\t<a class=\"elementor-icon-div\" >\t\t\t\t\t\t<div class=\"elementor-icon\">\n\t\t\t\t\t\t\t<svg xmlns=\"http:\/\/www.w3.org\/2000\/svg\" data-name=\"Capa 1\" id=\"Capa_1\" viewBox=\"0 0 20 19.84\"><path d=\"M15.74,10.42A.73.73,0,0,0,15,9.86h-3.3l-.13-2.28a.85.85,0,0,0-.85-.8H10V5.92a2.08,2.08,0,0,0-4.16,0v.86h-.7a.85.85,0,0,0-.85.81l-.4,7A1.43,1.43,0,0,0,5.33,16H10l.3,0H14.8a1.43,1.43,0,0,0,1-.42.84.84,0,0,0,.25-.69ZM6.55,5.92a1.38,1.38,0,0,1,2.75,0v.86H6.55ZM4.61,14.5,5,7.63a.16.16,0,0,1,.15-.15h.7v.37a.35.35,0,1,0,.7,0V7.48H9.3v.37a.36.36,0,0,0,.71,0V7.48h.67a.16.16,0,0,1,.15.15L11,9.86h-.8a.76.76,0,0,0-.83.62L9,14.89a.82.82,0,0,0,.06.38H5.33A.73.73,0,0,1,4.61,14.5Zm10.72.6a.71.71,0,0,1-.53.2H10.64a.35.35,0,0,0-.14,0h-.38a.67.67,0,0,1-.37-.17.21.21,0,0,1-.07-.16L10,10.55H15l.09,0,.35,4.4A.21.21,0,0,1,15.33,15.1Z\"><\/path><path d=\"M13.57,11.19a.35.35,0,0,0-.35.35v.71a.67.67,0,0,1-1.31,0v-.71a.35.35,0,1,0-.7,0v.71a1.36,1.36,0,0,0,2.71,0v-.71A.35.35,0,0,0,13.57,11.19Z\"><\/path><\/svg>\t\t\t\t\t\t<\/div>\n\t\t\t\t\t<\/a>\t\t\t\t\t\t\t\t<div class=\"box-content\">\n\t\t\t\t\t\t\t\t\t\t\t\t\t\t\t\t\t<h4 class=\"box-heading\">\n\t\t\t\t\t\t\t<a >\t\t\t\t\t\t\t\tEnv\u00edo gratis \t\t\t\t\t\t\t<\/a>\t\t\t\t\t\t<\/h4>\n\t\t\t\t\t\t\t\t\t\t\t\t\t\t\t\t<div class=\"box-description\">\n\nEn pedidos superiores a los 65\u20ac\n<\/div>\n\t\t\t\t\t\n\t\t\t\t\t\n\t\t\t\t<\/div>\n\t\t\t<\/div>\n\t\t<\/div>\t\t\t\t\t<\/div>\n\t\t\t\t<\/div>\n\t\t\t\t<div class=\"elementor-element elementor-element-2c538d2 content-align-center icon-box-vertical-align-center icon-position-top icon-vertical-align-center elementor-widget elementor-widget-the7_icon_box_widget\" data-id=\"2c538d2\" data-element_type=\"widget\" data-e-type=\"widget\" data-widget_type=\"the7_icon_box_widget.default\">\n\t\t\t\t<div class=\"elementor-widget-container\">\n\t\t\t\t\t\n\t\t<div class=\"the7-box-wrapper the7-elementor-widget the7_icon_box_widget-2c538d2\">\t\t\t<div class=\"box-content-wrapper\">\n\t\t\t\t\t\t\t\t\t<a class=\"elementor-icon-div\" >\t\t\t\t\t\t<div class=\"elementor-icon\">\n\t\t\t\t\t\t\t<svg xmlns=\"http:\/\/www.w3.org\/2000\/svg\" id=\"Capa_1\" viewBox=\"0 0 24 24\"><path d=\"M10.49,11.75h2.35c.77,0,.77-1.18,0-1.18h-2.35c-.77,0-.77,1.18,0,1.18Z\"><\/path><path d=\"M18.41,12.69h-7.92c-.77,0-.77,1.18,0,1.18h7.92c.77,0,.77-1.18,0-1.18Z\"><\/path><path d=\"M20.68,4.88l-2.14,1.75-.52-.71c-.46-.62-1.4.07-.95.69l.88,1.21c.21.28.61.32.87.09l2.6-2.13c.59-.49-.15-1.4-.74-.91Z\"><\/path><path d=\"M19.3,1.93c-2.24,0-4.14,1.66-4.43,3.88H3.05C1.5,5.82.23,7.09.23,8.65v10.59c0,1.56,1.27,2.83,2.83,2.83h16.25c1.56,0,2.83-1.27,2.83-2.83v-9.36c1.04-.85,1.65-2.12,1.65-3.47,0-2.47-2-4.47-4.47-4.47ZM20.95,19.24c0,.91-.74,1.65-1.65,1.65H3.05c-.91,0-1.65-.74-1.65-1.65v-.78h19.54v.78ZM20.95,17.28H1.41v-8.63c0-.91.74-1.65,1.65-1.65h11.81c.29,2.22,2.19,3.88,4.43,3.88.58,0,1.14-.11,1.65-.31v6.71ZM19.3,9.7c-1.82,0-3.3-1.48-3.3-3.3s1.48-3.3,3.3-3.3,3.3,1.48,3.3,3.3-1.49,3.3-3.3,3.3Z\"><\/path><path d=\"M8.14,9.77H3.43c-.32,0-.59.26-.59.59v3.71c0,.33.26.59.59.59h4.71c.32,0,.59-.26.59-.59v-3.71c0-.33-.26-.59-.59-.59ZM7.55,13.48h-3.53v-2.53h3.53v2.53Z\"><\/path><\/svg>\t\t\t\t\t\t<\/div>\n\t\t\t\t\t<\/a>\t\t\t\t\t\t\t\t<div class=\"box-content\">\n\t\t\t\t\t\t\t\t\t\t\t\t\t\t\t\t\t<h4 class=\"box-heading\">\n\t\t\t\t\t\t\t<a >\t\t\t\t\t\t\t\tPago Seguro\t\t\t\t\t\t\t<\/a>\t\t\t\t\t\t<\/h4>\n\t\t\t\t\t\t\t\t\t\t\t\t\t\t\t\t<div class=\"box-description\">Tarjeta de cr\u00e9dito y PayPal<\/div>\n\t\t\t\t\t\n\t\t\t\t\t\n\t\t\t\t<\/div>\n\t\t\t<\/div>\n\t\t<\/div>\t\t\t\t\t<\/div>\n\t\t\t\t<\/div>\n\t\t\t\t<div class=\"elementor-element elementor-element-757c378 content-align-center icon-box-vertical-align-center icon-position-top icon-vertical-align-center elementor-widget elementor-widget-the7_icon_box_widget\" data-id=\"757c378\" data-element_type=\"widget\" data-e-type=\"widget\" data-widget_type=\"the7_icon_box_widget.default\">\n\t\t\t\t<div class=\"elementor-widget-container\">\n\t\t\t\t\t\n\t\t<div class=\"the7-box-wrapper the7-elementor-widget the7_icon_box_widget-757c378\">\t\t\t<div class=\"box-content-wrapper\">\n\t\t\t\t\t\t\t\t\t<a class=\"elementor-icon-div\" >\t\t\t\t\t\t<div class=\"elementor-icon\">\n\t\t\t\t\t\t\t<svg xmlns=\"http:\/\/www.w3.org\/2000\/svg\" viewBox=\"0 0 24 24\"><g id=\"delivery-out\"><path d=\"M20.5,8H17V6.5A2.5026,2.5026,0,0,0,14.5,4a.5.5,0,0,0,0,1A1.5017,1.5017,0,0,1,16,6.5v8.5505a2.5067,2.5067,0,0,0-1.95,1.95H7.95a2.4965,2.4965,0,0,0-4.878-.07A1.4971,1.4971,0,0,1,2,15.5v-9A1.5017,1.5017,0,0,1,3.5,5a.5.5,0,0,0,0-1A2.5026,2.5026,0,0,0,1,6.5v9a2.5,2.5,0,0,0,2.0459,2.4541A2.4974,2.4974,0,0,0,7.95,18h6.101a2.5,2.5,0,0,0,4.899,0H21.5A1.5017,1.5017,0,0,0,23,16.5v-6A2.5026,2.5026,0,0,0,20.5,8Zm0,1A1.5017,1.5017,0,0,1,22,10.5V12H20.5a3.5069,3.5069,0,0,1-3.4648-3ZM5.5,19A1.5,1.5,0,1,1,7,17.5,1.5017,1.5017,0,0,1,5.5,19Zm11,0A1.5,1.5,0,1,1,18,17.5,1.5017,1.5017,0,0,1,16.5,19Zm5-2H18.95a2.5067,2.5067,0,0,0-1.95-1.95v-3.757A4.4751,4.4751,0,0,0,20.5,13H22v3.5A.501.501,0,0,1,21.5,17Z\"><\/path><path d=\"M10.8535,5.8535a.5.5,0,0,1-.707,0L9.5,5.207V9a.5.5,0,0,1-1,0V5.207l-.6465.6465a.5.5,0,0,1-.707-.707L8.6459,3.6471a.5016.5016,0,0,1,.7082,0l1.4994,1.4994A.5.5,0,0,1,10.8535,5.8535Z\"><\/path><\/g><\/svg>\t\t\t\t\t\t<\/div>\n\t\t\t\t\t<\/a>\t\t\t\t\t\t\t\t<div class=\"box-content\">\n\t\t\t\t\t\t\t\t\t\t\t\t\t\t\t\t\t<h4 class=\"box-heading\">\n\t\t\t\t\t\t\t<a >\t\t\t\t\t\t\t\tEnv\u00edo Express \t\t\t\t\t\t\t<\/a>\t\t\t\t\t\t<\/h4>\n\t\t\t\t\t\t\t\t\t\t\t\t\t\t\t\t<div class=\"box-description\">Entrega en 2-5 d\u00edas<\/div>\n\t\t\t\t\t\n\t\t\t\t\t\n\t\t\t\t<\/div>\n\t\t\t<\/div>\n\t\t<\/div>\t\t\t\t\t<\/div>\n\t\t\t\t<\/div>\n\t\t\t\t<\/div>\n\t\t\t\t<\/div>\n\t\t\t\t<\/div>\n\t\t","protected":false},"excerpt":{"rendered":"<p>1. Informaci\u00f3n legal En cumplimiento del deber de informaci\u00f3n recogido en el art\u00edculo 10 de la Ley 34\/2002, de 11 de julio, de Servicios de la Sociedad de la Informaci\u00f3n y del Comercio Electr\u00f3nico (en adelante LSSICE), te comunico que www.silviamolas.com es un dominio de mi titularidad. Mis datos identificativos y de contacto como titular&hellip;<\/p>\n","protected":false},"author":1,"featured_media":0,"parent":0,"menu_order":90,"comment_status":"closed","ping_status":"closed","template":"","meta":{"footnotes":""},"class_list":["post-57420","page","type-page","status-publish","hentry"],"yoast_head":"<!-- This site is optimized with the Yoast SEO plugin v27.1 - https:\/\/yoast.com\/product\/yoast-seo-wordpress\/ -->\n<title>Aviso legal - Silvia Molas<\/title>\n<meta name=\"robots\" content=\"index, follow, max-snippet:-1, max-image-preview:large, max-video-preview:-1\" \/>\n<link rel=\"canonical\" href=\"https:\/\/silviamolas.com\/avis-legal\/\" \/>\n<meta property=\"og:locale\" content=\"es_ES\" \/>\n<meta property=\"og:type\" content=\"article\" \/>\n<meta property=\"og:title\" content=\"Aviso legal - Silvia Molas\" \/>\n<meta property=\"og:description\" content=\"1. Informaci\u00f3n legal En cumplimiento del deber de informaci\u00f3n recogido en el art\u00edculo 10 de la Ley 34\/2002, de 11 de julio, de Servicios de la Sociedad de la Informaci\u00f3n y del Comercio Electr\u00f3nico (en adelante LSSICE), te comunico que www.silviamolas.com es un dominio de mi titularidad. Mis datos identificativos y de contacto como titular&hellip;\" \/>\n<meta property=\"og:url\" content=\"https:\/\/silviamolas.com\/avis-legal\/\" \/>\n<meta property=\"og:site_name\" content=\"Silvia Molas\" \/>\n<meta property=\"article:modified_time\" content=\"2025-11-21T11:13:05+00:00\" \/>\n<meta name=\"twitter:card\" content=\"summary_large_image\" \/>\n<meta name=\"twitter:label1\" content=\"Tiempo de lectura\" \/>\n\t<meta name=\"twitter:data1\" content=\"8 minutos\" \/>\n<script type=\"application\/ld+json\" class=\"yoast-schema-graph\">{\"@context\":\"https:\/\/schema.org\",\"@graph\":[{\"@type\":\"WebPage\",\"@id\":\"https:\/\/silviamolas.com\/avis-legal\/\",\"url\":\"https:\/\/silviamolas.com\/avis-legal\/\",\"name\":\"Aviso legal - Silvia Molas\",\"isPartOf\":{\"@id\":\"https:\/\/silviamolas.com\/#website\"},\"datePublished\":\"2025-07-10T13:20:18+00:00\",\"dateModified\":\"2025-11-21T11:13:05+00:00\",\"breadcrumb\":{\"@id\":\"https:\/\/silviamolas.com\/avis-legal\/#breadcrumb\"},\"inLanguage\":\"es\",\"potentialAction\":[{\"@type\":\"ReadAction\",\"target\":[\"https:\/\/silviamolas.com\/avis-legal\/\"]}]},{\"@type\":\"BreadcrumbList\",\"@id\":\"https:\/\/silviamolas.com\/avis-legal\/#breadcrumb\",\"itemListElement\":[{\"@type\":\"ListItem\",\"position\":1,\"name\":\"Inici\",\"item\":\"https:\/\/silviamolas.com\/\"},{\"@type\":\"ListItem\",\"position\":2,\"name\":\"Aviso legal\"}]},{\"@type\":\"WebSite\",\"@id\":\"https:\/\/silviamolas.com\/#website\",\"url\":\"https:\/\/silviamolas.com\/\",\"name\":\"Silvia Molas\",\"description\":\"Art conscient \u00b7 Regals amb cor\",\"publisher\":{\"@id\":\"https:\/\/silviamolas.com\/#organization\"},\"potentialAction\":[{\"@type\":\"SearchAction\",\"target\":{\"@type\":\"EntryPoint\",\"urlTemplate\":\"https:\/\/silviamolas.com\/?s={search_term_string}\"},\"query-input\":{\"@type\":\"PropertyValueSpecification\",\"valueRequired\":true,\"valueName\":\"search_term_string\"}}],\"inLanguage\":\"es\"},{\"@type\":\"Organization\",\"@id\":\"https:\/\/silviamolas.com\/#organization\",\"name\":\"Silvia Molas\",\"url\":\"https:\/\/silviamolas.com\/\",\"logo\":{\"@type\":\"ImageObject\",\"inLanguage\":\"es\",\"@id\":\"https:\/\/silviamolas.com\/#\/schema\/logo\/image\/\",\"url\":\"https:\/\/silviamolas.com\/wp-content\/uploads\/2025\/06\/silviamolas-logo.png\",\"contentUrl\":\"https:\/\/silviamolas.com\/wp-content\/uploads\/2025\/06\/silviamolas-logo.png\",\"width\":266,\"height\":65,\"caption\":\"Silvia Molas\"},\"image\":{\"@id\":\"https:\/\/silviamolas.com\/#\/schema\/logo\/image\/\"}}]}<\/script>\n<!-- \/ Yoast SEO plugin. -->","yoast_head_json":{"title":"Aviso legal - Silvia Molas","robots":{"index":"index","follow":"follow","max-snippet":"max-snippet:-1","max-image-preview":"max-image-preview:large","max-video-preview":"max-video-preview:-1"},"canonical":"https:\/\/silviamolas.com\/avis-legal\/","og_locale":"es_ES","og_type":"article","og_title":"Aviso legal - Silvia Molas","og_description":"1. Informaci\u00f3n legal En cumplimiento del deber de informaci\u00f3n recogido en el art\u00edculo 10 de la Ley 34\/2002, de 11 de julio, de Servicios de la Sociedad de la Informaci\u00f3n y del Comercio Electr\u00f3nico (en adelante LSSICE), te comunico que www.silviamolas.com es un dominio de mi titularidad. Mis datos identificativos y de contacto como titular&hellip;","og_url":"https:\/\/silviamolas.com\/avis-legal\/","og_site_name":"Silvia Molas","article_modified_time":"2025-11-21T11:13:05+00:00","twitter_card":"summary_large_image","twitter_misc":{"Tiempo de lectura":"8 minutos"},"schema":{"@context":"https:\/\/schema.org","@graph":[{"@type":"WebPage","@id":"https:\/\/silviamolas.com\/avis-legal\/","url":"https:\/\/silviamolas.com\/avis-legal\/","name":"Aviso legal - Silvia Molas","isPartOf":{"@id":"https:\/\/silviamolas.com\/#website"},"datePublished":"2025-07-10T13:20:18+00:00","dateModified":"2025-11-21T11:13:05+00:00","breadcrumb":{"@id":"https:\/\/silviamolas.com\/avis-legal\/#breadcrumb"},"inLanguage":"es","potentialAction":[{"@type":"ReadAction","target":["https:\/\/silviamolas.com\/avis-legal\/"]}]},{"@type":"BreadcrumbList","@id":"https:\/\/silviamolas.com\/avis-legal\/#breadcrumb","itemListElement":[{"@type":"ListItem","position":1,"name":"Inici","item":"https:\/\/silviamolas.com\/"},{"@type":"ListItem","position":2,"name":"Aviso legal"}]},{"@type":"WebSite","@id":"https:\/\/silviamolas.com\/#website","url":"https:\/\/silviamolas.com\/","name":"Silvia Molas","description":"Art conscient \u00b7 Regals amb cor","publisher":{"@id":"https:\/\/silviamolas.com\/#organization"},"potentialAction":[{"@type":"SearchAction","target":{"@type":"EntryPoint","urlTemplate":"https:\/\/silviamolas.com\/?s={search_term_string}"},"query-input":{"@type":"PropertyValueSpecification","valueRequired":true,"valueName":"search_term_string"}}],"inLanguage":"es"},{"@type":"Organization","@id":"https:\/\/silviamolas.com\/#organization","name":"Silvia Molas","url":"https:\/\/silviamolas.com\/","logo":{"@type":"ImageObject","inLanguage":"es","@id":"https:\/\/silviamolas.com\/#\/schema\/logo\/image\/","url":"https:\/\/silviamolas.com\/wp-content\/uploads\/2025\/06\/silviamolas-logo.png","contentUrl":"https:\/\/silviamolas.com\/wp-content\/uploads\/2025\/06\/silviamolas-logo.png","width":266,"height":65,"caption":"Silvia Molas"},"image":{"@id":"https:\/\/silviamolas.com\/#\/schema\/logo\/image\/"}}]}},"jetpack_sharing_enabled":true,"_links":{"self":[{"href":"https:\/\/silviamolas.com\/es\/wp-json\/wp\/v2\/pages\/57420","targetHints":{"allow":["GET"]}}],"collection":[{"href":"https:\/\/silviamolas.com\/es\/wp-json\/wp\/v2\/pages"}],"about":[{"href":"https:\/\/silviamolas.com\/es\/wp-json\/wp\/v2\/types\/page"}],"author":[{"embeddable":true,"href":"https:\/\/silviamolas.com\/es\/wp-json\/wp\/v2\/users\/1"}],"replies":[{"embeddable":true,"href":"https:\/\/silviamolas.com\/es\/wp-json\/wp\/v2\/comments?post=57420"}],"version-history":[{"count":10,"href":"https:\/\/silviamolas.com\/es\/wp-json\/wp\/v2\/pages\/57420\/revisions"}],"predecessor-version":[{"id":64857,"href":"https:\/\/silviamolas.com\/es\/wp-json\/wp\/v2\/pages\/57420\/revisions\/64857"}],"wp:attachment":[{"href":"https:\/\/silviamolas.com\/es\/wp-json\/wp\/v2\/media?parent=57420"}],"curies":[{"name":"wp","href":"https:\/\/api.w.org\/{rel}","templated":true}]}}