{"id":57419,"date":"2025-07-10T15:30:43","date_gmt":"2025-07-10T13:30:43","guid":{"rendered":"https:\/\/silviamolas.com\/politica-de-cookies\/"},"modified":"2025-10-17T17:05:10","modified_gmt":"2025-10-17T15:05:10","slug":"politica-de-cookies","status":"publish","type":"page","link":"https:\/\/silviamolas.com\/es\/politica-de-cookies\/","title":{"rendered":"Pol\u00edtica de cookies"},"content":{"rendered":"\t\t<div data-elementor-type=\"wp-page\" data-elementor-id=\"57419\" class=\"elementor elementor-57419 elementor-55210\" data-elementor-post-type=\"page\">\n\t\t\t\t<div class=\"elementor-element elementor-element-14b9089 e-con-full e-flex e-con e-parent\" data-id=\"14b9089\" data-element_type=\"container\" data-e-type=\"container\">\n\t\t<div class=\"elementor-element elementor-element-0a3bdbf e-con-full e-flex e-con e-child\" data-id=\"0a3bdbf\" data-element_type=\"container\" data-e-type=\"container\">\n\t\t\t\t<div class=\"elementor-element elementor-element-8f1f6fe elementor-widget elementor-widget-text-editor\" data-id=\"8f1f6fe\" data-element_type=\"widget\" data-e-type=\"widget\" data-widget_type=\"text-editor.default\">\n\t\t\t\t<div class=\"elementor-widget-container\">\n\t\t\t\t\t\t\t\t\t<h3>\u00bfQu\u00e9 son las cookies?<\/h3><p>Una cookie es un archivo que se descarga en tu ordenador o terminal al acceder a nuestra p\u00e1gina web. Las cookies nos permiten, entre otras cosas, almacenar y recuperar informaci\u00f3n sobre los h\u00e1bitos de navegaci\u00f3n de un usuario o de su equipo y, dependiendo de la informaci\u00f3n que contengan y de la forma en que utilice su equipo, se pueden utilizar para reconocer al usuario<\/p><h3>\u00bfQu\u00e9 tipos de cookies utiliza nuestras p\u00e1ginas web?<\/h3><p>Nuestra p\u00e1gina utiliza cookies de terceros para medir la interacci\u00f3n del usuario con su p\u00e1gina web. Estas cookies est\u00e1n desarrolladas por partners de confianza y nos permiten conocer qu\u00e9 hace un usuario en nuestra web y mejorarla en consecuencia.<\/p><h3>Administraci\u00f3n de las cookies<\/h3><p>Puedes permitir, bloquear o eliminar las cookies instaladas en tu ordenador mediante la configuraci\u00f3n de las opciones del navegador instalado en tu ordenador.<\/p><ul><li>Para m\u00e1s informaci\u00f3n sobre el navegador Chrome clica aqu\u00ed : <a href=\"https:\/\/support.google.com\/chrome\/answer\/95647?hl=es\" target=\"_blank\" rel=\"noopener\">Google Chrome<\/a><\/li><li>Para m\u00e1s informaci\u00f3n sobre el navegador Firefox clica aqu\u00ed : <a href=\"http:\/\/support.mozilla.org\/es\/kb\/cookies-informacion-que-los-sitios-web-guardan-en-\" target=\"_blank\" rel=\"noopener\">Mozila Firefox<\/a><\/li><li>Para m\u00e1s informaci\u00f3n sobre el navegador Explorer clica aqu\u00ed : <a href=\"http:\/\/windows.microsoft.com\/en-us\/internet-explorer\/delete-manage-cookies#ie=ie-11\" target=\"_blank\" rel=\"noopener\">Internet Explorer<\/a><\/li><li>Para m\u00e1s informaci\u00f3n sobre el navegador Safari clica aqu\u00ed : <a href=\"http:\/\/support.apple.com\/kb\/HT1677?viewlocale=es_ES&amp;locale=es_ES\" target=\"_blank\" rel=\"noopener\">Safari<\/a><\/li><li>Para m\u00e1s informaci\u00f3n sobre el navegador Opera clica aqu\u00ed : <a href=\"http:\/\/help.opera.com\/Linux\/10.60\/es-ES\/cookies.html\" target=\"_blank\" rel=\"noopener\">Opera<\/a><\/li><\/ul>\t\t\t\t\t\t\t\t<\/div>\n\t\t\t\t<\/div>\n\t\t\t\t<\/div>\n\t\t\t\t<\/div>\n\t\t<div class=\"elementor-element elementor-element-2bc3a9ef e-con-full e-flex e-con e-parent\" data-id=\"2bc3a9ef\" data-element_type=\"container\" data-e-type=\"container\" data-settings=\"{&quot;background_background&quot;:&quot;classic&quot;}\">\n\t\t<div class=\"elementor-element elementor-element-6d40456e e-grid e-con-full e-con e-child\" data-id=\"6d40456e\" data-element_type=\"container\" data-e-type=\"container\">\n\t\t\t\t<div class=\"elementor-element elementor-element-4d909709 content-align-center icon-box-vertical-align-center icon-position-top icon-vertical-align-center elementor-widget elementor-widget-the7_icon_box_widget\" data-id=\"4d909709\" data-element_type=\"widget\" data-e-type=\"widget\" data-widget_type=\"the7_icon_box_widget.default\">\n\t\t\t\t<div class=\"elementor-widget-container\">\n\t\t\t\t\t\n\t\t<div class=\"the7-box-wrapper the7-elementor-widget the7_icon_box_widget-4d909709\">\t\t\t<div class=\"box-content-wrapper\">\n\t\t\t\t\t\t\t\t\t<a class=\"elementor-icon-div\" >\t\t\t\t\t\t<div class=\"elementor-icon\">\n\t\t\t\t\t\t\t<svg xmlns=\"http:\/\/www.w3.org\/2000\/svg\" data-name=\"Capa 1\" id=\"Capa_1\" viewBox=\"0 0 20 19.84\"><path d=\"M15.74,10.42A.73.73,0,0,0,15,9.86h-3.3l-.13-2.28a.85.85,0,0,0-.85-.8H10V5.92a2.08,2.08,0,0,0-4.16,0v.86h-.7a.85.85,0,0,0-.85.81l-.4,7A1.43,1.43,0,0,0,5.33,16H10l.3,0H14.8a1.43,1.43,0,0,0,1-.42.84.84,0,0,0,.25-.69ZM6.55,5.92a1.38,1.38,0,0,1,2.75,0v.86H6.55ZM4.61,14.5,5,7.63a.16.16,0,0,1,.15-.15h.7v.37a.35.35,0,1,0,.7,0V7.48H9.3v.37a.36.36,0,0,0,.71,0V7.48h.67a.16.16,0,0,1,.15.15L11,9.86h-.8a.76.76,0,0,0-.83.62L9,14.89a.82.82,0,0,0,.06.38H5.33A.73.73,0,0,1,4.61,14.5Zm10.72.6a.71.71,0,0,1-.53.2H10.64a.35.35,0,0,0-.14,0h-.38a.67.67,0,0,1-.37-.17.21.21,0,0,1-.07-.16L10,10.55H15l.09,0,.35,4.4A.21.21,0,0,1,15.33,15.1Z\"><\/path><path d=\"M13.57,11.19a.35.35,0,0,0-.35.35v.71a.67.67,0,0,1-1.31,0v-.71a.35.35,0,1,0-.7,0v.71a1.36,1.36,0,0,0,2.71,0v-.71A.35.35,0,0,0,13.57,11.19Z\"><\/path><\/svg>\t\t\t\t\t\t<\/div>\n\t\t\t\t\t<\/a>\t\t\t\t\t\t\t\t<div class=\"box-content\">\n\t\t\t\t\t\t\t\t\t\t\t\t\t\t\t\t\t<h4 class=\"box-heading\">\n\t\t\t\t\t\t\t<a >\t\t\t\t\t\t\t\t Enviament gratuit \t\t\t\t\t\t\t<\/a>\t\t\t\t\t\t<\/h4>\n\t\t\t\t\t\t\t\t\t\t\t\t\t\t\t\t<div class=\"box-description\">En comandes superiors als 65\u20ac<\/div>\n\t\t\t\t\t\n\t\t\t\t\t\n\t\t\t\t<\/div>\n\t\t\t<\/div>\n\t\t<\/div>\t\t\t\t\t<\/div>\n\t\t\t\t<\/div>\n\t\t\t\t<div class=\"elementor-element elementor-element-6d62820d content-align-center icon-box-vertical-align-center icon-position-top icon-vertical-align-center elementor-widget elementor-widget-the7_icon_box_widget\" data-id=\"6d62820d\" data-element_type=\"widget\" data-e-type=\"widget\" data-widget_type=\"the7_icon_box_widget.default\">\n\t\t\t\t<div class=\"elementor-widget-container\">\n\t\t\t\t\t\n\t\t<div class=\"the7-box-wrapper the7-elementor-widget the7_icon_box_widget-6d62820d\">\t\t\t<div class=\"box-content-wrapper\">\n\t\t\t\t\t\t\t\t\t<a class=\"elementor-icon-div\" >\t\t\t\t\t\t<div class=\"elementor-icon\">\n\t\t\t\t\t\t\t<svg xmlns=\"http:\/\/www.w3.org\/2000\/svg\" id=\"Capa_1\" viewBox=\"0 0 24 24\"><path d=\"M10.49,11.75h2.35c.77,0,.77-1.18,0-1.18h-2.35c-.77,0-.77,1.18,0,1.18Z\"><\/path><path d=\"M18.41,12.69h-7.92c-.77,0-.77,1.18,0,1.18h7.92c.77,0,.77-1.18,0-1.18Z\"><\/path><path d=\"M20.68,4.88l-2.14,1.75-.52-.71c-.46-.62-1.4.07-.95.69l.88,1.21c.21.28.61.32.87.09l2.6-2.13c.59-.49-.15-1.4-.74-.91Z\"><\/path><path d=\"M19.3,1.93c-2.24,0-4.14,1.66-4.43,3.88H3.05C1.5,5.82.23,7.09.23,8.65v10.59c0,1.56,1.27,2.83,2.83,2.83h16.25c1.56,0,2.83-1.27,2.83-2.83v-9.36c1.04-.85,1.65-2.12,1.65-3.47,0-2.47-2-4.47-4.47-4.47ZM20.95,19.24c0,.91-.74,1.65-1.65,1.65H3.05c-.91,0-1.65-.74-1.65-1.65v-.78h19.54v.78ZM20.95,17.28H1.41v-8.63c0-.91.74-1.65,1.65-1.65h11.81c.29,2.22,2.19,3.88,4.43,3.88.58,0,1.14-.11,1.65-.31v6.71ZM19.3,9.7c-1.82,0-3.3-1.48-3.3-3.3s1.48-3.3,3.3-3.3,3.3,1.48,3.3,3.3-1.49,3.3-3.3,3.3Z\"><\/path><path d=\"M8.14,9.77H3.43c-.32,0-.59.26-.59.59v3.71c0,.33.26.59.59.59h4.71c.32,0,.59-.26.59-.59v-3.71c0-.33-.26-.59-.59-.59ZM7.55,13.48h-3.53v-2.53h3.53v2.53Z\"><\/path><\/svg>\t\t\t\t\t\t<\/div>\n\t\t\t\t\t<\/a>\t\t\t\t\t\t\t\t<div class=\"box-content\">\n\t\t\t\t\t\t\t\t\t\t\t\t\t\t\t\t\t<h4 class=\"box-heading\">\n\t\t\t\t\t\t\t<a >\t\t\t\t\t\t\t\tPagament Segur \t\t\t\t\t\t\t<\/a>\t\t\t\t\t\t<\/h4>\n\t\t\t\t\t\t\t\t\t\t\t\t\t\t\t\t<div class=\"box-description\">Targeta de cr\u00e8dit i PayPal<\/div>\n\t\t\t\t\t\n\t\t\t\t\t\n\t\t\t\t<\/div>\n\t\t\t<\/div>\n\t\t<\/div>\t\t\t\t\t<\/div>\n\t\t\t\t<\/div>\n\t\t\t\t<div class=\"elementor-element elementor-element-68895724 content-align-center icon-box-vertical-align-center icon-position-top icon-vertical-align-center elementor-widget elementor-widget-the7_icon_box_widget\" data-id=\"68895724\" data-element_type=\"widget\" data-e-type=\"widget\" data-widget_type=\"the7_icon_box_widget.default\">\n\t\t\t\t<div class=\"elementor-widget-container\">\n\t\t\t\t\t\n\t\t<div class=\"the7-box-wrapper the7-elementor-widget the7_icon_box_widget-68895724\">\t\t\t<div class=\"box-content-wrapper\">\n\t\t\t\t\t\t\t\t\t<a class=\"elementor-icon-div\" >\t\t\t\t\t\t<div class=\"elementor-icon\">\n\t\t\t\t\t\t\t<svg xmlns=\"http:\/\/www.w3.org\/2000\/svg\" viewBox=\"0 0 24 24\"><g id=\"delivery-out\"><path d=\"M20.5,8H17V6.5A2.5026,2.5026,0,0,0,14.5,4a.5.5,0,0,0,0,1A1.5017,1.5017,0,0,1,16,6.5v8.5505a2.5067,2.5067,0,0,0-1.95,1.95H7.95a2.4965,2.4965,0,0,0-4.878-.07A1.4971,1.4971,0,0,1,2,15.5v-9A1.5017,1.5017,0,0,1,3.5,5a.5.5,0,0,0,0-1A2.5026,2.5026,0,0,0,1,6.5v9a2.5,2.5,0,0,0,2.0459,2.4541A2.4974,2.4974,0,0,0,7.95,18h6.101a2.5,2.5,0,0,0,4.899,0H21.5A1.5017,1.5017,0,0,0,23,16.5v-6A2.5026,2.5026,0,0,0,20.5,8Zm0,1A1.5017,1.5017,0,0,1,22,10.5V12H20.5a3.5069,3.5069,0,0,1-3.4648-3ZM5.5,19A1.5,1.5,0,1,1,7,17.5,1.5017,1.5017,0,0,1,5.5,19Zm11,0A1.5,1.5,0,1,1,18,17.5,1.5017,1.5017,0,0,1,16.5,19Zm5-2H18.95a2.5067,2.5067,0,0,0-1.95-1.95v-3.757A4.4751,4.4751,0,0,0,20.5,13H22v3.5A.501.501,0,0,1,21.5,17Z\"><\/path><path d=\"M10.8535,5.8535a.5.5,0,0,1-.707,0L9.5,5.207V9a.5.5,0,0,1-1,0V5.207l-.6465.6465a.5.5,0,0,1-.707-.707L8.6459,3.6471a.5016.5016,0,0,1,.7082,0l1.4994,1.4994A.5.5,0,0,1,10.8535,5.8535Z\"><\/path><\/g><\/svg>\t\t\t\t\t\t<\/div>\n\t\t\t\t\t<\/a>\t\t\t\t\t\t\t\t<div class=\"box-content\">\n\t\t\t\t\t\t\t\t\t\t\t\t\t\t\t\t\t<h4 class=\"box-heading\">\n\t\t\t\t\t\t\t<a >\t\t\t\t\t\t\t\tEnviament Express \t\t\t\t\t\t\t<\/a>\t\t\t\t\t\t<\/h4>\n\t\t\t\t\t\t\t\t\t\t\t\t\t\t\t\t<div class=\"box-description\">Lliurament en 2-5 dies<\/div>\n\t\t\t\t\t\n\t\t\t\t\t\n\t\t\t\t<\/div>\n\t\t\t<\/div>\n\t\t<\/div>\t\t\t\t\t<\/div>\n\t\t\t\t<\/div>\n\t\t\t\t<\/div>\n\t\t\t\t<\/div>\n\t\t\t\t<\/div>\n\t\t","protected":false},"excerpt":{"rendered":"<p>\u00bfQu\u00e9 son las cookies? Una cookie es un archivo que se descarga en tu ordenador o terminal al acceder a nuestra p\u00e1gina web. Las cookies nos permiten, entre otras cosas, almacenar y recuperar informaci\u00f3n sobre los h\u00e1bitos de navegaci\u00f3n de un usuario o de su equipo y, dependiendo de la informaci\u00f3n que contengan y de&hellip;<\/p>\n","protected":false},"author":1,"featured_media":0,"parent":0,"menu_order":80,"comment_status":"closed","ping_status":"closed","template":"","meta":{"footnotes":""},"class_list":["post-57419","page","type-page","status-publish","hentry"],"yoast_head":"<!-- This site is optimized with the Yoast SEO plugin v27.1 - https:\/\/yoast.com\/product\/yoast-seo-wordpress\/ -->\n<title>Pol\u00edtica de cookies - Silvia Molas<\/title>\n<meta name=\"robots\" content=\"index, follow, max-snippet:-1, max-image-preview:large, max-video-preview:-1\" \/>\n<link rel=\"canonical\" href=\"https:\/\/silviamolas.com\/politica-de-cookies\/\" \/>\n<meta property=\"og:locale\" content=\"es_ES\" \/>\n<meta property=\"og:type\" content=\"article\" \/>\n<meta property=\"og:title\" content=\"Pol\u00edtica de cookies - Silvia Molas\" \/>\n<meta property=\"og:description\" content=\"\u00bfQu\u00e9 son las cookies? Una cookie es un archivo que se descarga en tu ordenador o terminal al acceder a nuestra p\u00e1gina web. Las cookies nos permiten, entre otras cosas, almacenar y recuperar informaci\u00f3n sobre los h\u00e1bitos de navegaci\u00f3n de un usuario o de su equipo y, dependiendo de la informaci\u00f3n que contengan y de&hellip;\" \/>\n<meta property=\"og:url\" content=\"https:\/\/silviamolas.com\/politica-de-cookies\/\" \/>\n<meta property=\"og:site_name\" content=\"Silvia Molas\" \/>\n<meta property=\"article:modified_time\" content=\"2025-10-17T15:05:10+00:00\" \/>\n<meta name=\"twitter:card\" content=\"summary_large_image\" \/>\n<meta name=\"twitter:label1\" content=\"Tiempo de lectura\" \/>\n\t<meta name=\"twitter:data1\" content=\"1 minuto\" \/>\n<script type=\"application\/ld+json\" class=\"yoast-schema-graph\">{\"@context\":\"https:\/\/schema.org\",\"@graph\":[{\"@type\":\"WebPage\",\"@id\":\"https:\/\/silviamolas.com\/politica-de-cookies\/\",\"url\":\"https:\/\/silviamolas.com\/politica-de-cookies\/\",\"name\":\"Pol\u00edtica de cookies - Silvia Molas\",\"isPartOf\":{\"@id\":\"https:\/\/silviamolas.com\/#website\"},\"datePublished\":\"2025-07-10T13:30:43+00:00\",\"dateModified\":\"2025-10-17T15:05:10+00:00\",\"breadcrumb\":{\"@id\":\"https:\/\/silviamolas.com\/politica-de-cookies\/#breadcrumb\"},\"inLanguage\":\"es\",\"potentialAction\":[{\"@type\":\"ReadAction\",\"target\":[\"https:\/\/silviamolas.com\/politica-de-cookies\/\"]}]},{\"@type\":\"BreadcrumbList\",\"@id\":\"https:\/\/silviamolas.com\/politica-de-cookies\/#breadcrumb\",\"itemListElement\":[{\"@type\":\"ListItem\",\"position\":1,\"name\":\"Inici\",\"item\":\"https:\/\/silviamolas.com\/\"},{\"@type\":\"ListItem\",\"position\":2,\"name\":\"Pol\u00edtica de cookies\"}]},{\"@type\":\"WebSite\",\"@id\":\"https:\/\/silviamolas.com\/#website\",\"url\":\"https:\/\/silviamolas.com\/\",\"name\":\"Silvia Molas\",\"description\":\"Art conscient \u00b7 Regals amb cor\",\"publisher\":{\"@id\":\"https:\/\/silviamolas.com\/#organization\"},\"potentialAction\":[{\"@type\":\"SearchAction\",\"target\":{\"@type\":\"EntryPoint\",\"urlTemplate\":\"https:\/\/silviamolas.com\/?s={search_term_string}\"},\"query-input\":{\"@type\":\"PropertyValueSpecification\",\"valueRequired\":true,\"valueName\":\"search_term_string\"}}],\"inLanguage\":\"es\"},{\"@type\":\"Organization\",\"@id\":\"https:\/\/silviamolas.com\/#organization\",\"name\":\"Silvia Molas\",\"url\":\"https:\/\/silviamolas.com\/\",\"logo\":{\"@type\":\"ImageObject\",\"inLanguage\":\"es\",\"@id\":\"https:\/\/silviamolas.com\/#\/schema\/logo\/image\/\",\"url\":\"https:\/\/silviamolas.com\/wp-content\/uploads\/2025\/06\/silviamolas-logo.png\",\"contentUrl\":\"https:\/\/silviamolas.com\/wp-content\/uploads\/2025\/06\/silviamolas-logo.png\",\"width\":266,\"height\":65,\"caption\":\"Silvia Molas\"},\"image\":{\"@id\":\"https:\/\/silviamolas.com\/#\/schema\/logo\/image\/\"}}]}<\/script>\n<!-- \/ Yoast SEO plugin. -->","yoast_head_json":{"title":"Pol\u00edtica de cookies - Silvia Molas","robots":{"index":"index","follow":"follow","max-snippet":"max-snippet:-1","max-image-preview":"max-image-preview:large","max-video-preview":"max-video-preview:-1"},"canonical":"https:\/\/silviamolas.com\/politica-de-cookies\/","og_locale":"es_ES","og_type":"article","og_title":"Pol\u00edtica de cookies - Silvia Molas","og_description":"\u00bfQu\u00e9 son las cookies? Una cookie es un archivo que se descarga en tu ordenador o terminal al acceder a nuestra p\u00e1gina web. Las cookies nos permiten, entre otras cosas, almacenar y recuperar informaci\u00f3n sobre los h\u00e1bitos de navegaci\u00f3n de un usuario o de su equipo y, dependiendo de la informaci\u00f3n que contengan y de&hellip;","og_url":"https:\/\/silviamolas.com\/politica-de-cookies\/","og_site_name":"Silvia Molas","article_modified_time":"2025-10-17T15:05:10+00:00","twitter_card":"summary_large_image","twitter_misc":{"Tiempo de lectura":"1 minuto"},"schema":{"@context":"https:\/\/schema.org","@graph":[{"@type":"WebPage","@id":"https:\/\/silviamolas.com\/politica-de-cookies\/","url":"https:\/\/silviamolas.com\/politica-de-cookies\/","name":"Pol\u00edtica de cookies - Silvia Molas","isPartOf":{"@id":"https:\/\/silviamolas.com\/#website"},"datePublished":"2025-07-10T13:30:43+00:00","dateModified":"2025-10-17T15:05:10+00:00","breadcrumb":{"@id":"https:\/\/silviamolas.com\/politica-de-cookies\/#breadcrumb"},"inLanguage":"es","potentialAction":[{"@type":"ReadAction","target":["https:\/\/silviamolas.com\/politica-de-cookies\/"]}]},{"@type":"BreadcrumbList","@id":"https:\/\/silviamolas.com\/politica-de-cookies\/#breadcrumb","itemListElement":[{"@type":"ListItem","position":1,"name":"Inici","item":"https:\/\/silviamolas.com\/"},{"@type":"ListItem","position":2,"name":"Pol\u00edtica de cookies"}]},{"@type":"WebSite","@id":"https:\/\/silviamolas.com\/#website","url":"https:\/\/silviamolas.com\/","name":"Silvia Molas","description":"Art conscient \u00b7 Regals amb cor","publisher":{"@id":"https:\/\/silviamolas.com\/#organization"},"potentialAction":[{"@type":"SearchAction","target":{"@type":"EntryPoint","urlTemplate":"https:\/\/silviamolas.com\/?s={search_term_string}"},"query-input":{"@type":"PropertyValueSpecification","valueRequired":true,"valueName":"search_term_string"}}],"inLanguage":"es"},{"@type":"Organization","@id":"https:\/\/silviamolas.com\/#organization","name":"Silvia Molas","url":"https:\/\/silviamolas.com\/","logo":{"@type":"ImageObject","inLanguage":"es","@id":"https:\/\/silviamolas.com\/#\/schema\/logo\/image\/","url":"https:\/\/silviamolas.com\/wp-content\/uploads\/2025\/06\/silviamolas-logo.png","contentUrl":"https:\/\/silviamolas.com\/wp-content\/uploads\/2025\/06\/silviamolas-logo.png","width":266,"height":65,"caption":"Silvia Molas"},"image":{"@id":"https:\/\/silviamolas.com\/#\/schema\/logo\/image\/"}}]}},"jetpack_sharing_enabled":true,"_links":{"self":[{"href":"https:\/\/silviamolas.com\/es\/wp-json\/wp\/v2\/pages\/57419","targetHints":{"allow":["GET"]}}],"collection":[{"href":"https:\/\/silviamolas.com\/es\/wp-json\/wp\/v2\/pages"}],"about":[{"href":"https:\/\/silviamolas.com\/es\/wp-json\/wp\/v2\/types\/page"}],"author":[{"embeddable":true,"href":"https:\/\/silviamolas.com\/es\/wp-json\/wp\/v2\/users\/1"}],"replies":[{"embeddable":true,"href":"https:\/\/silviamolas.com\/es\/wp-json\/wp\/v2\/comments?post=57419"}],"version-history":[{"count":8,"href":"https:\/\/silviamolas.com\/es\/wp-json\/wp\/v2\/pages\/57419\/revisions"}],"predecessor-version":[{"id":57573,"href":"https:\/\/silviamolas.com\/es\/wp-json\/wp\/v2\/pages\/57419\/revisions\/57573"}],"wp:attachment":[{"href":"https:\/\/silviamolas.com\/es\/wp-json\/wp\/v2\/media?parent=57419"}],"curies":[{"name":"wp","href":"https:\/\/api.w.org\/{rel}","templated":true}]}}